{"id":47329,"date":"2024-12-18T16:55:28","date_gmt":"2024-12-18T16:55:28","guid":{"rendered":"https:\/\/haakaabaltic.com\/?post_type=product&#038;p=47329"},"modified":"2026-04-06T09:59:55","modified_gmt":"2026-04-06T06:59:55","slug":"ladybug-silicone-breast-milk-collector","status":"publish","type":"product","link":"https:\/\/haakaabaltic.com\/lv\/produkts\/ladybug-silicone-breast-milk-collector\/","title":{"rendered":"Haakaa Ladybug Silikona M\u0101tes Piena Sav\u0101c\u0113js"},"content":{"rendered":"<p><span data-sheets-root=\"1\">Viengabalainais dizains pies\u016bcas pie kr\u016bts un dro\u0161i un diskr\u0113ti s\u0113\u017e kr\u016b\u0161tur\u012b. Pies\u016bk\u0161an\u0101s ir viegla un maiga, notur produktu dro\u0161i. Sav\u0101c\u0113js neizvilks papildu pienu, t\u0101p\u0113c tas ir ide\u0101li piem\u0113rots mamm\u0101m, kur\u0101m nopl\u016bst m\u0101tes piens un kuras v\u0113las to saglab\u0101t, nepalielinot nopl\u016bdes apjomu.<\/span><\/p>\n<p>J\u016bs varat valk\u0101t Ladybug otr\u0101 kr\u016b\u0161tura pus\u0113, kam\u0113r barojat b\u0113rnu ar kr\u016bti, lai notvertu pienu, vai valk\u0101t vienu uz katras kr\u016bts kr\u016b\u0161tura iek\u0161pus\u0113, turpinot savu dienu. Tas ir \u0113rti p\u0101rn\u0113s\u0101jams, un t\u0101 apak\u0161\u0101 ir nelielas k\u0101ji\u0146as, lai tas st\u0101v\u0113tu taisni uz jebkuras l\u012bdzenas virsmas, nov\u0113r\u0161ot nopl\u016bdes p\u0113c lieto\u0161anas.<\/p>\n<p>Kad esat pabeigusi piena sav\u0101k\u0161anu, atveriet v\u0101ci\u0146u aug\u0161pus\u0113 un iepildiet pienu trauk\u0101 vai pudel\u0113.<\/p>\n","protected":false},"excerpt":{"rendered":"<p><span data-sheets-root=\"1\">Haakaa Ladybug Silikona M\u0101tes Piena Sav\u0101c\u0113js ir ide\u0101la kr\u016b\u0161u spilventi\u0146a alternat\u012bva mamm\u0101m, kuras v\u0113las izmantot katru nopl\u016bdes un atslauk\u0161anas pilienu, nevis to uzs\u016bkt spilventi\u0146\u0101.<br \/>\n<\/span><\/p>\n<h3 data-start=\"304\" data-end=\"402\"><span style=\"color: #69b23f;\"><em><strong>Piez\u012bme: P\u0113rkot Ladybug 2 vien\u012bbu sav\u0101c\u0113ju komplektu \u2013 glab\u0101\u0161anas somi\u0146a D\u0100VAN\u0100!<\/strong><\/em><\/span><\/h3>\n","protected":false},"featured_media":47286,"comment_status":"open","ping_status":"closed","template":"","meta":[],"product_brand":[],"product_cat":[283,287,300],"product_tag":[],"class_list":{"0":"post-47329","1":"product","2":"type-product","3":"status-publish","4":"has-post-thumbnail","6":"product_cat-visi-produkti","7":"product_cat-zidisana","8":"product_cat-savaceji","11":"first","12":"instock","13":"featured","14":"taxable","15":"shipping-taxable","16":"purchasable","17":"product-type-variable"},"yoast_head":"<!-- This site is optimized with the Yoast SEO plugin v24.3 - https:\/\/yoast.com\/wordpress\/plugins\/seo\/ -->\n<title>Haakaa Ladybug Silikona M\u0101tes Piena Sav\u0101c\u0113js - haakaabaltic.com<\/title>\n<meta name=\"robots\" content=\"index, follow, max-snippet:-1, max-image-preview:large, max-video-preview:-1\" \/>\n<link rel=\"canonical\" href=\"https:\/\/haakaabaltic.com\/lv\/produkts\/ladybug-silicone-breast-milk-collector\/\" \/>\n<meta property=\"og:locale\" content=\"lv_LV\" \/>\n<meta property=\"og:type\" content=\"article\" \/>\n<meta property=\"og:title\" content=\"Haakaa Ladybug Silikona M\u0101tes Piena Sav\u0101c\u0113js - haakaabaltic.com\" \/>\n<meta property=\"og:description\" content=\"Haakaa Ladybug Silikona M\u0101tes Piena Sav\u0101c\u0113js ir ide\u0101la kr\u016b\u0161u spilventi\u0146a alternat\u012bva mamm\u0101m, kuras v\u0113las izmantot katru nopl\u016bdes un atslauk\u0161anas pilienu, nevis to uzs\u016bkt spilventi\u0146\u0101.  Piez\u012bme: P\u0113rkot Ladybug 2 vien\u012bbu sav\u0101c\u0113ju komplektu \u2013 glab\u0101\u0161anas somi\u0146a D\u0100VAN\u0100!\" \/>\n<meta property=\"og:url\" content=\"https:\/\/haakaabaltic.com\/lv\/produkts\/ladybug-silicone-breast-milk-collector\/\" \/>\n<meta property=\"og:site_name\" content=\"haakaabaltic.com\" \/>\n<meta property=\"article:publisher\" content=\"https:\/\/www.facebook.com\/share\/1A2a9UZQB4\/?mibextid=wwXIfr\" \/>\n<meta property=\"article:modified_time\" content=\"2026-04-06T06:59:55+00:00\" \/>\n<meta property=\"og:image\" content=\"https:\/\/haakaabaltic.com\/wp-content\/uploads\/2025\/01\/favicon-haakaa-250x250-1.png\" \/>\n\t<meta property=\"og:image:width\" content=\"1000\" \/>\n\t<meta property=\"og:image:height\" content=\"1000\" \/>\n\t<meta property=\"og:image:type\" content=\"image\/jpeg\" \/>\n<meta name=\"twitter:card\" content=\"summary_large_image\" \/>\n<meta name=\"twitter:label1\" content=\"Est. reading time\" \/>\n\t<meta name=\"twitter:data1\" content=\"1 minute\" \/>\n<script type=\"application\/ld+json\" class=\"yoast-schema-graph\">{\"@context\":\"https:\/\/schema.org\",\"@graph\":[{\"@type\":\"WebPage\",\"@id\":\"https:\/\/haakaabaltic.com\/lv\/produkts\/ladybug-silicone-breast-milk-collector\/\",\"url\":\"https:\/\/haakaabaltic.com\/lv\/produkts\/ladybug-silicone-breast-milk-collector\/\",\"name\":\"Haakaa Ladybug Silikona M\u0101tes Piena Sav\u0101c\u0113js - haakaabaltic.com\",\"isPartOf\":{\"@id\":\"https:\/\/haakaabaltic.com\/#website\"},\"primaryImageOfPage\":{\"@id\":\"https:\/\/haakaabaltic.com\/lv\/produkts\/ladybug-silicone-breast-milk-collector\/#primaryimage\"},\"image\":{\"@id\":\"https:\/\/haakaabaltic.com\/lv\/produkts\/ladybug-silicone-breast-milk-collector\/#primaryimage\"},\"thumbnailUrl\":\"https:\/\/haakaabaltic.com\/wp-content\/uploads\/2024\/12\/MHK143-MHK144-1.jpg\",\"datePublished\":\"2024-12-18T16:55:28+00:00\",\"dateModified\":\"2026-04-06T06:59:55+00:00\",\"breadcrumb\":{\"@id\":\"https:\/\/haakaabaltic.com\/lv\/produkts\/ladybug-silicone-breast-milk-collector\/#breadcrumb\"},\"inLanguage\":\"lv-LV\",\"potentialAction\":[{\"@type\":\"ReadAction\",\"target\":[\"https:\/\/haakaabaltic.com\/lv\/produkts\/ladybug-silicone-breast-milk-collector\/\"]}]},{\"@type\":\"ImageObject\",\"inLanguage\":\"lv-LV\",\"@id\":\"https:\/\/haakaabaltic.com\/lv\/produkts\/ladybug-silicone-breast-milk-collector\/#primaryimage\",\"url\":\"https:\/\/haakaabaltic.com\/wp-content\/uploads\/2024\/12\/MHK143-MHK144-1.jpg\",\"contentUrl\":\"https:\/\/haakaabaltic.com\/wp-content\/uploads\/2024\/12\/MHK143-MHK144-1.jpg\",\"width\":1000,\"height\":1000},{\"@type\":\"BreadcrumbList\",\"@id\":\"https:\/\/haakaabaltic.com\/lv\/produkts\/ladybug-silicone-breast-milk-collector\/#breadcrumb\",\"itemListElement\":[{\"@type\":\"ListItem\",\"position\":1,\"name\":\"Home\",\"item\":\"https:\/\/haakaabaltic.com\/lv\/\"},{\"@type\":\"ListItem\",\"position\":2,\"name\":\"Katalogs\",\"item\":\"https:\/\/haakaabaltic.com\/lv\/veikals\/\"},{\"@type\":\"ListItem\",\"position\":3,\"name\":\"Haakaa Ladybug Silikona M\u0101tes Piena Sav\u0101c\u0113js\"}]},{\"@type\":\"WebSite\",\"@id\":\"https:\/\/haakaabaltic.com\/#website\",\"url\":\"https:\/\/haakaabaltic.com\/\",\"name\":\"haakaabaltic.com\",\"description\":\"\",\"publisher\":{\"@id\":\"https:\/\/haakaabaltic.com\/#organization\"},\"potentialAction\":[{\"@type\":\"SearchAction\",\"target\":{\"@type\":\"EntryPoint\",\"urlTemplate\":\"https:\/\/haakaabaltic.com\/?s={search_term_string}\"},\"query-input\":{\"@type\":\"PropertyValueSpecification\",\"valueRequired\":true,\"valueName\":\"search_term_string\"}}],\"inLanguage\":\"lv-LV\"},{\"@type\":\"Organization\",\"@id\":\"https:\/\/haakaabaltic.com\/#organization\",\"name\":\"haakaabaltic.com\",\"url\":\"https:\/\/haakaabaltic.com\/\",\"logo\":{\"@type\":\"ImageObject\",\"inLanguage\":\"lv-LV\",\"@id\":\"https:\/\/haakaabaltic.com\/#\/schema\/logo\/image\/\",\"url\":\"https:\/\/haakaabaltic.com\/wp-content\/uploads\/2025\/01\/haakaa-logo.svg\",\"contentUrl\":\"https:\/\/haakaabaltic.com\/wp-content\/uploads\/2025\/01\/haakaa-logo.svg\",\"width\":2232,\"height\":1803,\"caption\":\"haakaabaltic.com\"},\"image\":{\"@id\":\"https:\/\/haakaabaltic.com\/#\/schema\/logo\/image\/\"},\"sameAs\":[\"https:\/\/www.facebook.com\/share\/1A2a9UZQB4\/?mibextid=wwXIfr\"]}]}<\/script>\n<!-- \/ Yoast SEO plugin. -->","yoast_head_json":{"title":"Haakaa Ladybug Silikona M\u0101tes Piena Sav\u0101c\u0113js - haakaabaltic.com","robots":{"index":"index","follow":"follow","max-snippet":"max-snippet:-1","max-image-preview":"max-image-preview:large","max-video-preview":"max-video-preview:-1"},"canonical":"https:\/\/haakaabaltic.com\/lv\/produkts\/ladybug-silicone-breast-milk-collector\/","og_locale":"lv_LV","og_type":"article","og_title":"Haakaa Ladybug Silikona M\u0101tes Piena Sav\u0101c\u0113js - haakaabaltic.com","og_description":"Haakaa Ladybug Silikona M\u0101tes Piena Sav\u0101c\u0113js ir ide\u0101la kr\u016b\u0161u spilventi\u0146a alternat\u012bva mamm\u0101m, kuras v\u0113las izmantot katru nopl\u016bdes un atslauk\u0161anas pilienu, nevis to uzs\u016bkt spilventi\u0146\u0101.  Piez\u012bme: P\u0113rkot Ladybug 2 vien\u012bbu sav\u0101c\u0113ju komplektu \u2013 glab\u0101\u0161anas somi\u0146a D\u0100VAN\u0100!","og_url":"https:\/\/haakaabaltic.com\/lv\/produkts\/ladybug-silicone-breast-milk-collector\/","og_site_name":"haakaabaltic.com","article_publisher":"https:\/\/www.facebook.com\/share\/1A2a9UZQB4\/?mibextid=wwXIfr","article_modified_time":"2026-04-06T06:59:55+00:00","og_image":[{"width":1000,"height":1000,"url":"https:\/\/haakaabaltic.com\/wp-content\/uploads\/2025\/01\/favicon-haakaa-250x250-1.png","type":"image\/jpeg"}],"twitter_card":"summary_large_image","twitter_misc":{"Est. reading time":"1 minute"},"schema":{"@context":"https:\/\/schema.org","@graph":[{"@type":"WebPage","@id":"https:\/\/haakaabaltic.com\/lv\/produkts\/ladybug-silicone-breast-milk-collector\/","url":"https:\/\/haakaabaltic.com\/lv\/produkts\/ladybug-silicone-breast-milk-collector\/","name":"Haakaa Ladybug Silikona M\u0101tes Piena Sav\u0101c\u0113js - haakaabaltic.com","isPartOf":{"@id":"https:\/\/haakaabaltic.com\/#website"},"primaryImageOfPage":{"@id":"https:\/\/haakaabaltic.com\/lv\/produkts\/ladybug-silicone-breast-milk-collector\/#primaryimage"},"image":{"@id":"https:\/\/haakaabaltic.com\/lv\/produkts\/ladybug-silicone-breast-milk-collector\/#primaryimage"},"thumbnailUrl":"https:\/\/haakaabaltic.com\/wp-content\/uploads\/2024\/12\/MHK143-MHK144-1.jpg","datePublished":"2024-12-18T16:55:28+00:00","dateModified":"2026-04-06T06:59:55+00:00","breadcrumb":{"@id":"https:\/\/haakaabaltic.com\/lv\/produkts\/ladybug-silicone-breast-milk-collector\/#breadcrumb"},"inLanguage":"lv-LV","potentialAction":[{"@type":"ReadAction","target":["https:\/\/haakaabaltic.com\/lv\/produkts\/ladybug-silicone-breast-milk-collector\/"]}]},{"@type":"ImageObject","inLanguage":"lv-LV","@id":"https:\/\/haakaabaltic.com\/lv\/produkts\/ladybug-silicone-breast-milk-collector\/#primaryimage","url":"https:\/\/haakaabaltic.com\/wp-content\/uploads\/2024\/12\/MHK143-MHK144-1.jpg","contentUrl":"https:\/\/haakaabaltic.com\/wp-content\/uploads\/2024\/12\/MHK143-MHK144-1.jpg","width":1000,"height":1000},{"@type":"BreadcrumbList","@id":"https:\/\/haakaabaltic.com\/lv\/produkts\/ladybug-silicone-breast-milk-collector\/#breadcrumb","itemListElement":[{"@type":"ListItem","position":1,"name":"Home","item":"https:\/\/haakaabaltic.com\/lv\/"},{"@type":"ListItem","position":2,"name":"Katalogs","item":"https:\/\/haakaabaltic.com\/lv\/veikals\/"},{"@type":"ListItem","position":3,"name":"Haakaa Ladybug Silikona M\u0101tes Piena Sav\u0101c\u0113js"}]},{"@type":"WebSite","@id":"https:\/\/haakaabaltic.com\/#website","url":"https:\/\/haakaabaltic.com\/","name":"haakaabaltic.com","description":"","publisher":{"@id":"https:\/\/haakaabaltic.com\/#organization"},"potentialAction":[{"@type":"SearchAction","target":{"@type":"EntryPoint","urlTemplate":"https:\/\/haakaabaltic.com\/?s={search_term_string}"},"query-input":{"@type":"PropertyValueSpecification","valueRequired":true,"valueName":"search_term_string"}}],"inLanguage":"lv-LV"},{"@type":"Organization","@id":"https:\/\/haakaabaltic.com\/#organization","name":"haakaabaltic.com","url":"https:\/\/haakaabaltic.com\/","logo":{"@type":"ImageObject","inLanguage":"lv-LV","@id":"https:\/\/haakaabaltic.com\/#\/schema\/logo\/image\/","url":"https:\/\/haakaabaltic.com\/wp-content\/uploads\/2025\/01\/haakaa-logo.svg","contentUrl":"https:\/\/haakaabaltic.com\/wp-content\/uploads\/2025\/01\/haakaa-logo.svg","width":2232,"height":1803,"caption":"haakaabaltic.com"},"image":{"@id":"https:\/\/haakaabaltic.com\/#\/schema\/logo\/image\/"},"sameAs":["https:\/\/www.facebook.com\/share\/1A2a9UZQB4\/?mibextid=wwXIfr"]}]}},"_links":{"self":[{"href":"https:\/\/haakaabaltic.com\/lv\/wp-json\/wp\/v2\/product\/47329","targetHints":{"allow":["GET"]}}],"collection":[{"href":"https:\/\/haakaabaltic.com\/lv\/wp-json\/wp\/v2\/product"}],"about":[{"href":"https:\/\/haakaabaltic.com\/lv\/wp-json\/wp\/v2\/types\/product"}],"replies":[{"embeddable":true,"href":"https:\/\/haakaabaltic.com\/lv\/wp-json\/wp\/v2\/comments?post=47329"}],"wp:featuredmedia":[{"embeddable":true,"href":"https:\/\/haakaabaltic.com\/lv\/wp-json\/wp\/v2\/media\/47286"}],"wp:attachment":[{"href":"https:\/\/haakaabaltic.com\/lv\/wp-json\/wp\/v2\/media?parent=47329"}],"wp:term":[{"taxonomy":"product_brand","embeddable":true,"href":"https:\/\/haakaabaltic.com\/lv\/wp-json\/wp\/v2\/product_brand?post=47329"},{"taxonomy":"product_cat","embeddable":true,"href":"https:\/\/haakaabaltic.com\/lv\/wp-json\/wp\/v2\/product_cat?post=47329"},{"taxonomy":"product_tag","embeddable":true,"href":"https:\/\/haakaabaltic.com\/lv\/wp-json\/wp\/v2\/product_tag?post=47329"}],"curies":[{"name":"wp","href":"https:\/\/api.w.org\/{rel}","templated":true}]}}