{"id":47247,"date":"2024-12-17T21:53:53","date_gmt":"2024-12-17T21:53:53","guid":{"rendered":"https:\/\/haakaabaltic.com\/?post_type=product&#038;p=47247"},"modified":"2026-02-16T10:21:17","modified_gmt":"2026-02-16T07:21:17","slug":"silicone-colostrum-collector","status":"publish","type":"product","link":"https:\/\/haakaabaltic.com\/lv\/produkts\/silicone-colostrum-collector\/","title":{"rendered":"Haakaa Silikona Jaunpiena Sav\u0101c\u0113js"},"content":{"rendered":"<p><span data-sheets-root=\"1\">Jaunpiens tradicion\u0101li tiek sav\u0101kts vienreiz\u0113jas lieto\u0161anas \u0161\u013circ\u0113s, kas bie\u017ei izgatavotas no kait\u012bgas plastmasas. M\u016bsu sav\u0101c\u0113js ir izgatavots no <span style=\"color: #69b23f;\"><strong>100% medic\u012bniskas kvalit\u0101tes silikona<\/strong><\/span>, kas noz\u012bm\u0113, ka tas neizskalos kait\u012bgus toks\u012bnus un to var dro\u0161i uzglab\u0101t ledusskap\u012b vai sald\u0113tav\u0101. Tas ir viegli lietojams un izmantojams atk\u0101rtoti, padarot to par ide\u0101lu variantu mamm\u0101m gan pirms, gan p\u0113c dzemd\u012bb\u0101m!<\/span><\/p>\n<p>Katram Jaunpiena Sav\u0101c\u0113jam ir sava uzl\u012bme, lai \u0113rti mar\u0137\u0113tu katru t\u016bbi\u0146u.<\/p>\n<p><span style=\"color: #69b23f;\"><strong>L\u016bdzu, \u0146emiet v\u0113r\u0101: pirms pirmsdzemd\u012bbu atslauk\u0161anas p\u0101rliecinieties, ka j\u016bsu vesel\u012bbas apr\u016bpes speci\u0101lists ir to \u013c\u0101vis, jo past\u0101v agr\u012bnu dzemd\u012bbu risks.<\/strong><\/span><\/p>\n","protected":false},"excerpt":{"rendered":"<p><span data-sheets-root=\"1\">Haakaa Silikona Jaunpiena Sav\u0101c\u0113js ir <span style=\"color: #69b23f;\"><strong>pasaul\u0113 pirmais dizains<\/strong><\/span>, kas dod iesp\u0113ju jaunpienu atslaukt pirmsdzemd\u012bbu un p\u0113cdzemd\u012bbu period\u0101 dro\u0161\u0101, viegli lietojam\u0101 uzglab\u0101\u0161anas risin\u0101jum\u0101.<br \/>\n<\/span><\/p>\n","protected":false},"featured_media":47175,"comment_status":"open","ping_status":"closed","template":"","meta":[],"product_brand":[],"product_cat":[283,287,300],"product_tag":[],"class_list":{"0":"post-47247","1":"product","2":"type-product","3":"status-publish","4":"has-post-thumbnail","6":"product_cat-visi-produkti","7":"product_cat-zidisana","8":"product_cat-savaceji","11":"first","12":"instock","13":"taxable","14":"shipping-taxable","15":"purchasable","16":"product-type-variable"},"yoast_head":"<!-- This site is optimized with the Yoast SEO plugin v24.3 - https:\/\/yoast.com\/wordpress\/plugins\/seo\/ -->\n<title>Haakaa Silikona Jaunpiena Sav\u0101c\u0113js - haakaabaltic.com<\/title>\n<meta name=\"robots\" content=\"index, follow, max-snippet:-1, max-image-preview:large, max-video-preview:-1\" \/>\n<link rel=\"canonical\" href=\"https:\/\/haakaabaltic.com\/lv\/produkts\/silicone-colostrum-collector\/\" \/>\n<meta property=\"og:locale\" content=\"lv_LV\" \/>\n<meta property=\"og:type\" content=\"article\" \/>\n<meta property=\"og:title\" content=\"Haakaa Silikona Jaunpiena Sav\u0101c\u0113js - haakaabaltic.com\" \/>\n<meta property=\"og:description\" content=\"Haakaa Silikona Jaunpiena Sav\u0101c\u0113js ir pasaul\u0113 pirmais dizains, kas dod iesp\u0113ju jaunpienu atslaukt pirmsdzemd\u012bbu un p\u0113cdzemd\u012bbu period\u0101 dro\u0161\u0101, viegli lietojam\u0101 uzglab\u0101\u0161anas risin\u0101jum\u0101.\" \/>\n<meta property=\"og:url\" content=\"https:\/\/haakaabaltic.com\/lv\/produkts\/silicone-colostrum-collector\/\" \/>\n<meta property=\"og:site_name\" content=\"haakaabaltic.com\" \/>\n<meta property=\"article:publisher\" content=\"https:\/\/www.facebook.com\/share\/1A2a9UZQB4\/?mibextid=wwXIfr\" \/>\n<meta property=\"article:modified_time\" content=\"2026-02-16T07:21:17+00:00\" \/>\n<meta property=\"og:image\" content=\"https:\/\/haakaabaltic.com\/wp-content\/uploads\/2025\/01\/favicon-haakaa-250x250-1.png\" \/>\n\t<meta property=\"og:image:width\" content=\"1000\" \/>\n\t<meta property=\"og:image:height\" content=\"1000\" \/>\n\t<meta property=\"og:image:type\" content=\"image\/jpeg\" \/>\n<meta name=\"twitter:card\" content=\"summary_large_image\" \/>\n<meta name=\"twitter:label1\" content=\"Est. reading time\" \/>\n\t<meta name=\"twitter:data1\" content=\"1 minute\" \/>\n<script type=\"application\/ld+json\" class=\"yoast-schema-graph\">{\"@context\":\"https:\/\/schema.org\",\"@graph\":[{\"@type\":\"WebPage\",\"@id\":\"https:\/\/haakaabaltic.com\/lv\/produkts\/silicone-colostrum-collector\/\",\"url\":\"https:\/\/haakaabaltic.com\/lv\/produkts\/silicone-colostrum-collector\/\",\"name\":\"Haakaa Silikona Jaunpiena Sav\u0101c\u0113js - haakaabaltic.com\",\"isPartOf\":{\"@id\":\"https:\/\/haakaabaltic.com\/#website\"},\"primaryImageOfPage\":{\"@id\":\"https:\/\/haakaabaltic.com\/lv\/produkts\/silicone-colostrum-collector\/#primaryimage\"},\"image\":{\"@id\":\"https:\/\/haakaabaltic.com\/lv\/produkts\/silicone-colostrum-collector\/#primaryimage\"},\"thumbnailUrl\":\"https:\/\/haakaabaltic.com\/wp-content\/uploads\/2024\/12\/Colostrum-4ml-1.jpg\",\"datePublished\":\"2024-12-17T21:53:53+00:00\",\"dateModified\":\"2026-02-16T07:21:17+00:00\",\"breadcrumb\":{\"@id\":\"https:\/\/haakaabaltic.com\/lv\/produkts\/silicone-colostrum-collector\/#breadcrumb\"},\"inLanguage\":\"lv-LV\",\"potentialAction\":[{\"@type\":\"ReadAction\",\"target\":[\"https:\/\/haakaabaltic.com\/lv\/produkts\/silicone-colostrum-collector\/\"]}]},{\"@type\":\"ImageObject\",\"inLanguage\":\"lv-LV\",\"@id\":\"https:\/\/haakaabaltic.com\/lv\/produkts\/silicone-colostrum-collector\/#primaryimage\",\"url\":\"https:\/\/haakaabaltic.com\/wp-content\/uploads\/2024\/12\/Colostrum-4ml-1.jpg\",\"contentUrl\":\"https:\/\/haakaabaltic.com\/wp-content\/uploads\/2024\/12\/Colostrum-4ml-1.jpg\",\"width\":1000,\"height\":1000},{\"@type\":\"BreadcrumbList\",\"@id\":\"https:\/\/haakaabaltic.com\/lv\/produkts\/silicone-colostrum-collector\/#breadcrumb\",\"itemListElement\":[{\"@type\":\"ListItem\",\"position\":1,\"name\":\"Home\",\"item\":\"https:\/\/haakaabaltic.com\/lv\/\"},{\"@type\":\"ListItem\",\"position\":2,\"name\":\"Katalogs\",\"item\":\"https:\/\/haakaabaltic.com\/lv\/veikals\/\"},{\"@type\":\"ListItem\",\"position\":3,\"name\":\"Haakaa Silikona Jaunpiena Sav\u0101c\u0113js\"}]},{\"@type\":\"WebSite\",\"@id\":\"https:\/\/haakaabaltic.com\/#website\",\"url\":\"https:\/\/haakaabaltic.com\/\",\"name\":\"haakaabaltic.com\",\"description\":\"\",\"publisher\":{\"@id\":\"https:\/\/haakaabaltic.com\/#organization\"},\"potentialAction\":[{\"@type\":\"SearchAction\",\"target\":{\"@type\":\"EntryPoint\",\"urlTemplate\":\"https:\/\/haakaabaltic.com\/?s={search_term_string}\"},\"query-input\":{\"@type\":\"PropertyValueSpecification\",\"valueRequired\":true,\"valueName\":\"search_term_string\"}}],\"inLanguage\":\"lv-LV\"},{\"@type\":\"Organization\",\"@id\":\"https:\/\/haakaabaltic.com\/#organization\",\"name\":\"haakaabaltic.com\",\"url\":\"https:\/\/haakaabaltic.com\/\",\"logo\":{\"@type\":\"ImageObject\",\"inLanguage\":\"lv-LV\",\"@id\":\"https:\/\/haakaabaltic.com\/#\/schema\/logo\/image\/\",\"url\":\"https:\/\/haakaabaltic.com\/wp-content\/uploads\/2025\/01\/haakaa-logo.svg\",\"contentUrl\":\"https:\/\/haakaabaltic.com\/wp-content\/uploads\/2025\/01\/haakaa-logo.svg\",\"width\":2232,\"height\":1803,\"caption\":\"haakaabaltic.com\"},\"image\":{\"@id\":\"https:\/\/haakaabaltic.com\/#\/schema\/logo\/image\/\"},\"sameAs\":[\"https:\/\/www.facebook.com\/share\/1A2a9UZQB4\/?mibextid=wwXIfr\"]}]}<\/script>\n<!-- \/ Yoast SEO plugin. -->","yoast_head_json":{"title":"Haakaa Silikona Jaunpiena Sav\u0101c\u0113js - haakaabaltic.com","robots":{"index":"index","follow":"follow","max-snippet":"max-snippet:-1","max-image-preview":"max-image-preview:large","max-video-preview":"max-video-preview:-1"},"canonical":"https:\/\/haakaabaltic.com\/lv\/produkts\/silicone-colostrum-collector\/","og_locale":"lv_LV","og_type":"article","og_title":"Haakaa Silikona Jaunpiena Sav\u0101c\u0113js - haakaabaltic.com","og_description":"Haakaa Silikona Jaunpiena Sav\u0101c\u0113js ir pasaul\u0113 pirmais dizains, kas dod iesp\u0113ju jaunpienu atslaukt pirmsdzemd\u012bbu un p\u0113cdzemd\u012bbu period\u0101 dro\u0161\u0101, viegli lietojam\u0101 uzglab\u0101\u0161anas risin\u0101jum\u0101.","og_url":"https:\/\/haakaabaltic.com\/lv\/produkts\/silicone-colostrum-collector\/","og_site_name":"haakaabaltic.com","article_publisher":"https:\/\/www.facebook.com\/share\/1A2a9UZQB4\/?mibextid=wwXIfr","article_modified_time":"2026-02-16T07:21:17+00:00","og_image":[{"width":1000,"height":1000,"url":"https:\/\/haakaabaltic.com\/wp-content\/uploads\/2025\/01\/favicon-haakaa-250x250-1.png","type":"image\/jpeg"}],"twitter_card":"summary_large_image","twitter_misc":{"Est. reading time":"1 minute"},"schema":{"@context":"https:\/\/schema.org","@graph":[{"@type":"WebPage","@id":"https:\/\/haakaabaltic.com\/lv\/produkts\/silicone-colostrum-collector\/","url":"https:\/\/haakaabaltic.com\/lv\/produkts\/silicone-colostrum-collector\/","name":"Haakaa Silikona Jaunpiena Sav\u0101c\u0113js - haakaabaltic.com","isPartOf":{"@id":"https:\/\/haakaabaltic.com\/#website"},"primaryImageOfPage":{"@id":"https:\/\/haakaabaltic.com\/lv\/produkts\/silicone-colostrum-collector\/#primaryimage"},"image":{"@id":"https:\/\/haakaabaltic.com\/lv\/produkts\/silicone-colostrum-collector\/#primaryimage"},"thumbnailUrl":"https:\/\/haakaabaltic.com\/wp-content\/uploads\/2024\/12\/Colostrum-4ml-1.jpg","datePublished":"2024-12-17T21:53:53+00:00","dateModified":"2026-02-16T07:21:17+00:00","breadcrumb":{"@id":"https:\/\/haakaabaltic.com\/lv\/produkts\/silicone-colostrum-collector\/#breadcrumb"},"inLanguage":"lv-LV","potentialAction":[{"@type":"ReadAction","target":["https:\/\/haakaabaltic.com\/lv\/produkts\/silicone-colostrum-collector\/"]}]},{"@type":"ImageObject","inLanguage":"lv-LV","@id":"https:\/\/haakaabaltic.com\/lv\/produkts\/silicone-colostrum-collector\/#primaryimage","url":"https:\/\/haakaabaltic.com\/wp-content\/uploads\/2024\/12\/Colostrum-4ml-1.jpg","contentUrl":"https:\/\/haakaabaltic.com\/wp-content\/uploads\/2024\/12\/Colostrum-4ml-1.jpg","width":1000,"height":1000},{"@type":"BreadcrumbList","@id":"https:\/\/haakaabaltic.com\/lv\/produkts\/silicone-colostrum-collector\/#breadcrumb","itemListElement":[{"@type":"ListItem","position":1,"name":"Home","item":"https:\/\/haakaabaltic.com\/lv\/"},{"@type":"ListItem","position":2,"name":"Katalogs","item":"https:\/\/haakaabaltic.com\/lv\/veikals\/"},{"@type":"ListItem","position":3,"name":"Haakaa Silikona Jaunpiena Sav\u0101c\u0113js"}]},{"@type":"WebSite","@id":"https:\/\/haakaabaltic.com\/#website","url":"https:\/\/haakaabaltic.com\/","name":"haakaabaltic.com","description":"","publisher":{"@id":"https:\/\/haakaabaltic.com\/#organization"},"potentialAction":[{"@type":"SearchAction","target":{"@type":"EntryPoint","urlTemplate":"https:\/\/haakaabaltic.com\/?s={search_term_string}"},"query-input":{"@type":"PropertyValueSpecification","valueRequired":true,"valueName":"search_term_string"}}],"inLanguage":"lv-LV"},{"@type":"Organization","@id":"https:\/\/haakaabaltic.com\/#organization","name":"haakaabaltic.com","url":"https:\/\/haakaabaltic.com\/","logo":{"@type":"ImageObject","inLanguage":"lv-LV","@id":"https:\/\/haakaabaltic.com\/#\/schema\/logo\/image\/","url":"https:\/\/haakaabaltic.com\/wp-content\/uploads\/2025\/01\/haakaa-logo.svg","contentUrl":"https:\/\/haakaabaltic.com\/wp-content\/uploads\/2025\/01\/haakaa-logo.svg","width":2232,"height":1803,"caption":"haakaabaltic.com"},"image":{"@id":"https:\/\/haakaabaltic.com\/#\/schema\/logo\/image\/"},"sameAs":["https:\/\/www.facebook.com\/share\/1A2a9UZQB4\/?mibextid=wwXIfr"]}]}},"_links":{"self":[{"href":"https:\/\/haakaabaltic.com\/lv\/wp-json\/wp\/v2\/product\/47247","targetHints":{"allow":["GET"]}}],"collection":[{"href":"https:\/\/haakaabaltic.com\/lv\/wp-json\/wp\/v2\/product"}],"about":[{"href":"https:\/\/haakaabaltic.com\/lv\/wp-json\/wp\/v2\/types\/product"}],"replies":[{"embeddable":true,"href":"https:\/\/haakaabaltic.com\/lv\/wp-json\/wp\/v2\/comments?post=47247"}],"wp:featuredmedia":[{"embeddable":true,"href":"https:\/\/haakaabaltic.com\/lv\/wp-json\/wp\/v2\/media\/47175"}],"wp:attachment":[{"href":"https:\/\/haakaabaltic.com\/lv\/wp-json\/wp\/v2\/media?parent=47247"}],"wp:term":[{"taxonomy":"product_brand","embeddable":true,"href":"https:\/\/haakaabaltic.com\/lv\/wp-json\/wp\/v2\/product_brand?post=47247"},{"taxonomy":"product_cat","embeddable":true,"href":"https:\/\/haakaabaltic.com\/lv\/wp-json\/wp\/v2\/product_cat?post=47247"},{"taxonomy":"product_tag","embeddable":true,"href":"https:\/\/haakaabaltic.com\/lv\/wp-json\/wp\/v2\/product_tag?post=47247"}],"curies":[{"name":"wp","href":"https:\/\/api.w.org\/{rel}","templated":true}]}}