{"id":46976,"date":"2024-12-15T22:36:52","date_gmt":"2024-12-15T22:36:52","guid":{"rendered":"https:\/\/haakaabaltic.com\/?post_type=product&#038;p=46976"},"modified":"2026-02-24T23:09:17","modified_gmt":"2026-02-24T20:09:17","slug":"generation-2-silicone-breast-pump-with-suction-base","status":"publish","type":"product","link":"https:\/\/haakaabaltic.com\/lv\/produkts\/generation-2-silicone-breast-pump-with-suction-base\/","title":{"rendered":"Haakaa Gen.2 Silikona Kr\u016bts Pumpis ar S\u016bk\u0161anas Pamatni"},"content":{"rendered":"<p><span data-sheets-root=\"1\">M\u0113s esam atjaunin\u0101ju\u0161i slaveno Haakaa Silikona Kr\u016bts Pumpi! Lai gan tas darbojas t\u0101pat k\u0101 ori\u0123in\u0101lais Haakaa kr\u016bts pumpis, m\u016bsu jaunajam pumpim ir da\u017eas papildu funkcijas, lai padar\u012btu j\u016bsu dz\u012bvi mazliet viegl\u0101ku. Pieejams divos liel\u0101kos tilpumos 100ml un 150ml, un ar jaunu s\u016bk\u0161anas pamatni, kas piel\u012bp pie l\u012bdzen\u0101m virsm\u0101m, lai nov\u0113rstu nejau\u0161u iz\u0161\u013cakst\u012b\u0161anos. Tas ir vienk\u0101r\u0161\u0101kais un viegl\u0101kais veids, k\u0101 atslaukt m\u0101tes pienu.<\/span><\/p>\n<p>Izgatavots no 100% p\u0101rtikas kvalit\u0101tes silikona, \u0161is kompaktais pumpis ir lieliski piem\u0113rots t\u0101liem ce\u013cojumiem, lido\u0161anai lidma\u0161\u012bn\u0101, braucieniem ar automa\u0161\u012bnu, \u0123imenes pas\u0101kumiem dab\u0101 vai jebkur citur, kur v\u0113laties atslaukt pienu diskr\u0113ti, klusi un \u0101tri. Vienk\u0101r\u0161i pievienojiet pie kr\u016bts un \u013caujiet pumpim veikt darbu j\u016bsu viet\u0101, jo tas atslauc j\u016bsu pienu, izmantojot s\u016bk\u0161anu. Tas ir 100% videi draudz\u012bgs un dro\u0161s mammai, mazulim un m\u016bsu videi.<\/p>\n","protected":false},"excerpt":{"rendered":"<p><span data-sheets-root=\"1\">Ja esat mamma, kas baro b\u0113rnu ar kr\u016bti, Haakaa silikona kr\u016b\u0161u pumpis ir ide\u0101ls mazais pal\u012bgs, ko iek\u013caut sav\u0101 baro\u0161anas ce\u013cojum\u0101!<br \/>\n<\/span><\/p>\n","protected":false},"featured_media":46938,"comment_status":"open","ping_status":"closed","template":"","meta":[],"product_brand":[],"product_cat":[283,287,295],"product_tag":[],"class_list":{"0":"post-46976","1":"product","2":"type-product","3":"status-publish","4":"has-post-thumbnail","6":"product_cat-visi-produkti","7":"product_cat-zidisana","8":"product_cat-kruts-pumpji","11":"first","12":"instock","13":"taxable","14":"shipping-taxable","15":"purchasable","16":"product-type-variable"},"yoast_head":"<!-- This site is optimized with the Yoast SEO plugin v24.3 - https:\/\/yoast.com\/wordpress\/plugins\/seo\/ -->\n<title>Haakaa Gen.2 Silikona Kr\u016bts Pumpis ar S\u016bk\u0161anas Pamatni - haakaabaltic.com<\/title>\n<meta name=\"robots\" content=\"index, follow, max-snippet:-1, max-image-preview:large, max-video-preview:-1\" \/>\n<link rel=\"canonical\" href=\"https:\/\/haakaabaltic.com\/lv\/produkts\/generation-2-silicone-breast-pump-with-suction-base\/\" \/>\n<meta property=\"og:locale\" content=\"lv_LV\" \/>\n<meta property=\"og:type\" content=\"article\" \/>\n<meta property=\"og:title\" content=\"Haakaa Gen.2 Silikona Kr\u016bts Pumpis ar S\u016bk\u0161anas Pamatni - haakaabaltic.com\" \/>\n<meta property=\"og:description\" content=\"Ja esat mamma, kas baro b\u0113rnu ar kr\u016bti, Haakaa silikona kr\u016b\u0161u pumpis ir ide\u0101ls mazais pal\u012bgs, ko iek\u013caut sav\u0101 baro\u0161anas ce\u013cojum\u0101!\" \/>\n<meta property=\"og:url\" content=\"https:\/\/haakaabaltic.com\/lv\/produkts\/generation-2-silicone-breast-pump-with-suction-base\/\" \/>\n<meta property=\"og:site_name\" content=\"haakaabaltic.com\" \/>\n<meta property=\"article:publisher\" content=\"https:\/\/www.facebook.com\/share\/1A2a9UZQB4\/?mibextid=wwXIfr\" \/>\n<meta property=\"article:modified_time\" content=\"2026-02-24T20:09:17+00:00\" \/>\n<meta property=\"og:image\" content=\"https:\/\/haakaabaltic.com\/wp-content\/uploads\/2025\/01\/favicon-haakaa-250x250-1.png\" \/>\n\t<meta property=\"og:image:width\" content=\"800\" \/>\n\t<meta property=\"og:image:height\" content=\"800\" \/>\n\t<meta property=\"og:image:type\" content=\"image\/jpeg\" \/>\n<meta name=\"twitter:card\" content=\"summary_large_image\" \/>\n<meta name=\"twitter:label1\" content=\"Est. reading time\" \/>\n\t<meta name=\"twitter:data1\" content=\"1 minute\" \/>\n<script type=\"application\/ld+json\" class=\"yoast-schema-graph\">{\"@context\":\"https:\/\/schema.org\",\"@graph\":[{\"@type\":\"WebPage\",\"@id\":\"https:\/\/haakaabaltic.com\/lv\/produkts\/generation-2-silicone-breast-pump-with-suction-base\/\",\"url\":\"https:\/\/haakaabaltic.com\/lv\/produkts\/generation-2-silicone-breast-pump-with-suction-base\/\",\"name\":\"Haakaa Gen.2 Silikona Kr\u016bts Pumpis ar S\u016bk\u0161anas Pamatni - haakaabaltic.com\",\"isPartOf\":{\"@id\":\"https:\/\/haakaabaltic.com\/#website\"},\"primaryImageOfPage\":{\"@id\":\"https:\/\/haakaabaltic.com\/lv\/produkts\/generation-2-silicone-breast-pump-with-suction-base\/#primaryimage\"},\"image\":{\"@id\":\"https:\/\/haakaabaltic.com\/lv\/produkts\/generation-2-silicone-breast-pump-with-suction-base\/#primaryimage\"},\"thumbnailUrl\":\"https:\/\/haakaabaltic.com\/wp-content\/uploads\/2024\/12\/0-MHK011-100ml-01.jpg\",\"datePublished\":\"2024-12-15T22:36:52+00:00\",\"dateModified\":\"2026-02-24T20:09:17+00:00\",\"breadcrumb\":{\"@id\":\"https:\/\/haakaabaltic.com\/lv\/produkts\/generation-2-silicone-breast-pump-with-suction-base\/#breadcrumb\"},\"inLanguage\":\"lv-LV\",\"potentialAction\":[{\"@type\":\"ReadAction\",\"target\":[\"https:\/\/haakaabaltic.com\/lv\/produkts\/generation-2-silicone-breast-pump-with-suction-base\/\"]}]},{\"@type\":\"ImageObject\",\"inLanguage\":\"lv-LV\",\"@id\":\"https:\/\/haakaabaltic.com\/lv\/produkts\/generation-2-silicone-breast-pump-with-suction-base\/#primaryimage\",\"url\":\"https:\/\/haakaabaltic.com\/wp-content\/uploads\/2024\/12\/0-MHK011-100ml-01.jpg\",\"contentUrl\":\"https:\/\/haakaabaltic.com\/wp-content\/uploads\/2024\/12\/0-MHK011-100ml-01.jpg\",\"width\":800,\"height\":800},{\"@type\":\"BreadcrumbList\",\"@id\":\"https:\/\/haakaabaltic.com\/lv\/produkts\/generation-2-silicone-breast-pump-with-suction-base\/#breadcrumb\",\"itemListElement\":[{\"@type\":\"ListItem\",\"position\":1,\"name\":\"Home\",\"item\":\"https:\/\/haakaabaltic.com\/lv\/\"},{\"@type\":\"ListItem\",\"position\":2,\"name\":\"Katalogs\",\"item\":\"https:\/\/haakaabaltic.com\/lv\/veikals\/\"},{\"@type\":\"ListItem\",\"position\":3,\"name\":\"Haakaa Gen.2 Silikona Kr\u016bts Pumpis ar S\u016bk\u0161anas Pamatni\"}]},{\"@type\":\"WebSite\",\"@id\":\"https:\/\/haakaabaltic.com\/#website\",\"url\":\"https:\/\/haakaabaltic.com\/\",\"name\":\"haakaabaltic.com\",\"description\":\"\",\"publisher\":{\"@id\":\"https:\/\/haakaabaltic.com\/#organization\"},\"potentialAction\":[{\"@type\":\"SearchAction\",\"target\":{\"@type\":\"EntryPoint\",\"urlTemplate\":\"https:\/\/haakaabaltic.com\/?s={search_term_string}\"},\"query-input\":{\"@type\":\"PropertyValueSpecification\",\"valueRequired\":true,\"valueName\":\"search_term_string\"}}],\"inLanguage\":\"lv-LV\"},{\"@type\":\"Organization\",\"@id\":\"https:\/\/haakaabaltic.com\/#organization\",\"name\":\"haakaabaltic.com\",\"url\":\"https:\/\/haakaabaltic.com\/\",\"logo\":{\"@type\":\"ImageObject\",\"inLanguage\":\"lv-LV\",\"@id\":\"https:\/\/haakaabaltic.com\/#\/schema\/logo\/image\/\",\"url\":\"https:\/\/haakaabaltic.com\/wp-content\/uploads\/2025\/01\/haakaa-logo.svg\",\"contentUrl\":\"https:\/\/haakaabaltic.com\/wp-content\/uploads\/2025\/01\/haakaa-logo.svg\",\"width\":2232,\"height\":1803,\"caption\":\"haakaabaltic.com\"},\"image\":{\"@id\":\"https:\/\/haakaabaltic.com\/#\/schema\/logo\/image\/\"},\"sameAs\":[\"https:\/\/www.facebook.com\/share\/1A2a9UZQB4\/?mibextid=wwXIfr\"]}]}<\/script>\n<!-- \/ Yoast SEO plugin. -->","yoast_head_json":{"title":"Haakaa Gen.2 Silikona Kr\u016bts Pumpis ar S\u016bk\u0161anas Pamatni - haakaabaltic.com","robots":{"index":"index","follow":"follow","max-snippet":"max-snippet:-1","max-image-preview":"max-image-preview:large","max-video-preview":"max-video-preview:-1"},"canonical":"https:\/\/haakaabaltic.com\/lv\/produkts\/generation-2-silicone-breast-pump-with-suction-base\/","og_locale":"lv_LV","og_type":"article","og_title":"Haakaa Gen.2 Silikona Kr\u016bts Pumpis ar S\u016bk\u0161anas Pamatni - haakaabaltic.com","og_description":"Ja esat mamma, kas baro b\u0113rnu ar kr\u016bti, Haakaa silikona kr\u016b\u0161u pumpis ir ide\u0101ls mazais pal\u012bgs, ko iek\u013caut sav\u0101 baro\u0161anas ce\u013cojum\u0101!","og_url":"https:\/\/haakaabaltic.com\/lv\/produkts\/generation-2-silicone-breast-pump-with-suction-base\/","og_site_name":"haakaabaltic.com","article_publisher":"https:\/\/www.facebook.com\/share\/1A2a9UZQB4\/?mibextid=wwXIfr","article_modified_time":"2026-02-24T20:09:17+00:00","og_image":[{"width":800,"height":800,"url":"https:\/\/haakaabaltic.com\/wp-content\/uploads\/2025\/01\/favicon-haakaa-250x250-1.png","type":"image\/jpeg"}],"twitter_card":"summary_large_image","twitter_misc":{"Est. reading time":"1 minute"},"schema":{"@context":"https:\/\/schema.org","@graph":[{"@type":"WebPage","@id":"https:\/\/haakaabaltic.com\/lv\/produkts\/generation-2-silicone-breast-pump-with-suction-base\/","url":"https:\/\/haakaabaltic.com\/lv\/produkts\/generation-2-silicone-breast-pump-with-suction-base\/","name":"Haakaa Gen.2 Silikona Kr\u016bts Pumpis ar S\u016bk\u0161anas Pamatni - haakaabaltic.com","isPartOf":{"@id":"https:\/\/haakaabaltic.com\/#website"},"primaryImageOfPage":{"@id":"https:\/\/haakaabaltic.com\/lv\/produkts\/generation-2-silicone-breast-pump-with-suction-base\/#primaryimage"},"image":{"@id":"https:\/\/haakaabaltic.com\/lv\/produkts\/generation-2-silicone-breast-pump-with-suction-base\/#primaryimage"},"thumbnailUrl":"https:\/\/haakaabaltic.com\/wp-content\/uploads\/2024\/12\/0-MHK011-100ml-01.jpg","datePublished":"2024-12-15T22:36:52+00:00","dateModified":"2026-02-24T20:09:17+00:00","breadcrumb":{"@id":"https:\/\/haakaabaltic.com\/lv\/produkts\/generation-2-silicone-breast-pump-with-suction-base\/#breadcrumb"},"inLanguage":"lv-LV","potentialAction":[{"@type":"ReadAction","target":["https:\/\/haakaabaltic.com\/lv\/produkts\/generation-2-silicone-breast-pump-with-suction-base\/"]}]},{"@type":"ImageObject","inLanguage":"lv-LV","@id":"https:\/\/haakaabaltic.com\/lv\/produkts\/generation-2-silicone-breast-pump-with-suction-base\/#primaryimage","url":"https:\/\/haakaabaltic.com\/wp-content\/uploads\/2024\/12\/0-MHK011-100ml-01.jpg","contentUrl":"https:\/\/haakaabaltic.com\/wp-content\/uploads\/2024\/12\/0-MHK011-100ml-01.jpg","width":800,"height":800},{"@type":"BreadcrumbList","@id":"https:\/\/haakaabaltic.com\/lv\/produkts\/generation-2-silicone-breast-pump-with-suction-base\/#breadcrumb","itemListElement":[{"@type":"ListItem","position":1,"name":"Home","item":"https:\/\/haakaabaltic.com\/lv\/"},{"@type":"ListItem","position":2,"name":"Katalogs","item":"https:\/\/haakaabaltic.com\/lv\/veikals\/"},{"@type":"ListItem","position":3,"name":"Haakaa Gen.2 Silikona Kr\u016bts Pumpis ar S\u016bk\u0161anas Pamatni"}]},{"@type":"WebSite","@id":"https:\/\/haakaabaltic.com\/#website","url":"https:\/\/haakaabaltic.com\/","name":"haakaabaltic.com","description":"","publisher":{"@id":"https:\/\/haakaabaltic.com\/#organization"},"potentialAction":[{"@type":"SearchAction","target":{"@type":"EntryPoint","urlTemplate":"https:\/\/haakaabaltic.com\/?s={search_term_string}"},"query-input":{"@type":"PropertyValueSpecification","valueRequired":true,"valueName":"search_term_string"}}],"inLanguage":"lv-LV"},{"@type":"Organization","@id":"https:\/\/haakaabaltic.com\/#organization","name":"haakaabaltic.com","url":"https:\/\/haakaabaltic.com\/","logo":{"@type":"ImageObject","inLanguage":"lv-LV","@id":"https:\/\/haakaabaltic.com\/#\/schema\/logo\/image\/","url":"https:\/\/haakaabaltic.com\/wp-content\/uploads\/2025\/01\/haakaa-logo.svg","contentUrl":"https:\/\/haakaabaltic.com\/wp-content\/uploads\/2025\/01\/haakaa-logo.svg","width":2232,"height":1803,"caption":"haakaabaltic.com"},"image":{"@id":"https:\/\/haakaabaltic.com\/#\/schema\/logo\/image\/"},"sameAs":["https:\/\/www.facebook.com\/share\/1A2a9UZQB4\/?mibextid=wwXIfr"]}]}},"_links":{"self":[{"href":"https:\/\/haakaabaltic.com\/lv\/wp-json\/wp\/v2\/product\/46976","targetHints":{"allow":["GET"]}}],"collection":[{"href":"https:\/\/haakaabaltic.com\/lv\/wp-json\/wp\/v2\/product"}],"about":[{"href":"https:\/\/haakaabaltic.com\/lv\/wp-json\/wp\/v2\/types\/product"}],"replies":[{"embeddable":true,"href":"https:\/\/haakaabaltic.com\/lv\/wp-json\/wp\/v2\/comments?post=46976"}],"wp:featuredmedia":[{"embeddable":true,"href":"https:\/\/haakaabaltic.com\/lv\/wp-json\/wp\/v2\/media\/46938"}],"wp:attachment":[{"href":"https:\/\/haakaabaltic.com\/lv\/wp-json\/wp\/v2\/media?parent=46976"}],"wp:term":[{"taxonomy":"product_brand","embeddable":true,"href":"https:\/\/haakaabaltic.com\/lv\/wp-json\/wp\/v2\/product_brand?post=46976"},{"taxonomy":"product_cat","embeddable":true,"href":"https:\/\/haakaabaltic.com\/lv\/wp-json\/wp\/v2\/product_cat?post=46976"},{"taxonomy":"product_tag","embeddable":true,"href":"https:\/\/haakaabaltic.com\/lv\/wp-json\/wp\/v2\/product_tag?post=46976"}],"curies":[{"name":"wp","href":"https:\/\/api.w.org\/{rel}","templated":true}]}}