{"id":46681,"date":"2024-11-18T11:46:39","date_gmt":"2024-11-18T11:46:39","guid":{"rendered":"https:\/\/haakaabaltic.com\/?post_type=product&#038;p=46681"},"modified":"2026-04-06T09:58:24","modified_gmt":"2026-04-06T06:58:24","slug":"fresh-food-feeder-mini-combo","status":"publish","type":"product","link":"https:\/\/haakaabaltic.com\/lv\/produkts\/fresh-food-feeder-mini-combo\/","title":{"rendered":"Haakaa Svaigas P\u0101rtikas F\u012bderis Mini Combo"},"content":{"rendered":"<p><span data-sheets-root=\"1\">Apvienojot vienm\u0113r popul\u0101ro Svaigas P\u0101rtikas Barot\u0101ju ar m\u016bsu Anan\u0101sa Uzglab\u0101\u0161anas Trauka mini versiju, sasald\u0113jiet ide\u0101la izm\u0113ra \u0113diena porcijas, \u013caujot b\u0113rnam izp\u0113t\u012bt jaunas gar\u0161as un tekst\u016bras, nerisk\u0113jot ar aizr\u012b\u0161anos. \u0160is komplekts ir pietiekami mazs, lai to ieliktu som\u0101, t\u0101p\u0113c jums tas vienm\u0113r b\u016bs pa rokai, kad b\u016bsiet \u0101rpus m\u0101j\u0101m. Vislab\u0101kais ir tas, ka Freeze-N-Feed Mini Combo ir \u013coti viegli lietojams. Vienk\u0101r\u0161i piepildiet Uzglab\u0101\u0161anas Trauka nodal\u012bjumus ar m\u0101tes pienu, biezeni vai citiem iecien\u012bt\u0101kajiem \u0113dieniem un sasald\u0113jiet. Iz\u0146emiet porciju, kad nepiecie\u0161ams, un ievietojiet Baro\u0161anas maisi\u0146\u0101, salieciet un cie\u0161i nosl\u0113dziet. Tiem, kam nepiecie\u0161ams vair\u0101k k\u0101rumu, pilna izm\u0113ra Anan\u0101sa Uzglab\u0101\u0161anas Trauks (nop\u0113rkams atsevi\u0161\u0137i) ir apr\u012bkots ar lieliem DEVI\u0145IEM nodal\u012bjumiem ilg\u0101kai lieto\u0161anai! J\u016bsu mazajam patiks iesp\u0113ja izm\u0113\u0123in\u0101t jaunas gar\u0161as un tekst\u016bras un m\u0101c\u012bties b\u016bt neatkar\u012bgam, k\u0101 ar\u012b ieg\u016bt nomierino\u0161u atvieglojumu smagan\u0101m.<\/span><\/p>\n","protected":false},"excerpt":{"rendered":"<p><span data-sheets-root=\"1\">Haakaa Svaigas P\u0101rtikas Barot\u0101js Mini Combo ir ide\u0101ls veids, k\u0101 dro\u0161i iepaz\u012bstin\u0101t j\u016bsu mazuli ar jaun\u0101m gar\u0161\u0101m, vienlaikus nodro\u0161inot atv\u0113sino\u0161u atvieglojumu smagan\u0101m pie augo\u0161iem zobiem! <\/span><\/p>\n","protected":false},"featured_media":46451,"comment_status":"open","ping_status":"closed","template":"","meta":[],"product_brand":[],"product_cat":[311,283],"product_tag":[],"class_list":{"0":"post-46681","1":"product","2":"type-product","3":"status-publish","4":"has-post-thumbnail","6":"product_cat-barosana","7":"product_cat-visi-produkti","10":"first","11":"instock","12":"featured","13":"taxable","14":"shipping-taxable","15":"purchasable","16":"product-type-variable"},"yoast_head":"<!-- This site is optimized with the Yoast SEO plugin v24.3 - https:\/\/yoast.com\/wordpress\/plugins\/seo\/ -->\n<title>Haakaa Svaigas P\u0101rtikas F\u012bderis Mini Combo - haakaabaltic.com<\/title>\n<meta name=\"robots\" content=\"index, follow, max-snippet:-1, max-image-preview:large, max-video-preview:-1\" \/>\n<link rel=\"canonical\" href=\"https:\/\/haakaabaltic.com\/lv\/produkts\/fresh-food-feeder-mini-combo\/\" \/>\n<meta property=\"og:locale\" content=\"lv_LV\" \/>\n<meta property=\"og:type\" content=\"article\" \/>\n<meta property=\"og:title\" content=\"Haakaa Svaigas P\u0101rtikas F\u012bderis Mini Combo - haakaabaltic.com\" \/>\n<meta property=\"og:description\" content=\"Haakaa Svaigas P\u0101rtikas Barot\u0101js Mini Combo ir ide\u0101ls veids, k\u0101 dro\u0161i iepaz\u012bstin\u0101t j\u016bsu mazuli ar jaun\u0101m gar\u0161\u0101m, vienlaikus nodro\u0161inot atv\u0113sino\u0161u atvieglojumu smagan\u0101m pie augo\u0161iem zobiem!\" \/>\n<meta property=\"og:url\" content=\"https:\/\/haakaabaltic.com\/lv\/produkts\/fresh-food-feeder-mini-combo\/\" \/>\n<meta property=\"og:site_name\" content=\"haakaabaltic.com\" \/>\n<meta property=\"article:publisher\" content=\"https:\/\/www.facebook.com\/share\/1A2a9UZQB4\/?mibextid=wwXIfr\" \/>\n<meta property=\"article:modified_time\" content=\"2026-04-06T06:58:24+00:00\" \/>\n<meta property=\"og:image\" content=\"https:\/\/haakaabaltic.com\/wp-content\/uploads\/2025\/01\/favicon-haakaa-250x250-1.png\" \/>\n\t<meta property=\"og:image:width\" content=\"1000\" \/>\n\t<meta property=\"og:image:height\" content=\"1000\" \/>\n\t<meta property=\"og:image:type\" content=\"image\/jpeg\" \/>\n<meta name=\"twitter:card\" content=\"summary_large_image\" \/>\n<meta name=\"twitter:label1\" content=\"Est. reading time\" \/>\n\t<meta name=\"twitter:data1\" content=\"1 minute\" \/>\n<script type=\"application\/ld+json\" class=\"yoast-schema-graph\">{\"@context\":\"https:\/\/schema.org\",\"@graph\":[{\"@type\":\"WebPage\",\"@id\":\"https:\/\/haakaabaltic.com\/lv\/produkts\/fresh-food-feeder-mini-combo\/\",\"url\":\"https:\/\/haakaabaltic.com\/lv\/produkts\/fresh-food-feeder-mini-combo\/\",\"name\":\"Haakaa Svaigas P\u0101rtikas F\u012bderis Mini Combo - haakaabaltic.com\",\"isPartOf\":{\"@id\":\"https:\/\/haakaabaltic.com\/#website\"},\"primaryImageOfPage\":{\"@id\":\"https:\/\/haakaabaltic.com\/lv\/produkts\/fresh-food-feeder-mini-combo\/#primaryimage\"},\"image\":{\"@id\":\"https:\/\/haakaabaltic.com\/lv\/produkts\/fresh-food-feeder-mini-combo\/#primaryimage\"},\"thumbnailUrl\":\"https:\/\/haakaabaltic.com\/wp-content\/uploads\/2024\/11\/1-BHK154-PG.jpg\",\"datePublished\":\"2024-11-18T11:46:39+00:00\",\"dateModified\":\"2026-04-06T06:58:24+00:00\",\"breadcrumb\":{\"@id\":\"https:\/\/haakaabaltic.com\/lv\/produkts\/fresh-food-feeder-mini-combo\/#breadcrumb\"},\"inLanguage\":\"lv-LV\",\"potentialAction\":[{\"@type\":\"ReadAction\",\"target\":[\"https:\/\/haakaabaltic.com\/lv\/produkts\/fresh-food-feeder-mini-combo\/\"]}]},{\"@type\":\"ImageObject\",\"inLanguage\":\"lv-LV\",\"@id\":\"https:\/\/haakaabaltic.com\/lv\/produkts\/fresh-food-feeder-mini-combo\/#primaryimage\",\"url\":\"https:\/\/haakaabaltic.com\/wp-content\/uploads\/2024\/11\/1-BHK154-PG.jpg\",\"contentUrl\":\"https:\/\/haakaabaltic.com\/wp-content\/uploads\/2024\/11\/1-BHK154-PG.jpg\",\"width\":1000,\"height\":1000},{\"@type\":\"BreadcrumbList\",\"@id\":\"https:\/\/haakaabaltic.com\/lv\/produkts\/fresh-food-feeder-mini-combo\/#breadcrumb\",\"itemListElement\":[{\"@type\":\"ListItem\",\"position\":1,\"name\":\"Home\",\"item\":\"https:\/\/haakaabaltic.com\/lv\/\"},{\"@type\":\"ListItem\",\"position\":2,\"name\":\"Katalogs\",\"item\":\"https:\/\/haakaabaltic.com\/lv\/veikals\/\"},{\"@type\":\"ListItem\",\"position\":3,\"name\":\"Haakaa Svaigas P\u0101rtikas F\u012bderis Mini Combo\"}]},{\"@type\":\"WebSite\",\"@id\":\"https:\/\/haakaabaltic.com\/#website\",\"url\":\"https:\/\/haakaabaltic.com\/\",\"name\":\"haakaabaltic.com\",\"description\":\"\",\"publisher\":{\"@id\":\"https:\/\/haakaabaltic.com\/#organization\"},\"potentialAction\":[{\"@type\":\"SearchAction\",\"target\":{\"@type\":\"EntryPoint\",\"urlTemplate\":\"https:\/\/haakaabaltic.com\/?s={search_term_string}\"},\"query-input\":{\"@type\":\"PropertyValueSpecification\",\"valueRequired\":true,\"valueName\":\"search_term_string\"}}],\"inLanguage\":\"lv-LV\"},{\"@type\":\"Organization\",\"@id\":\"https:\/\/haakaabaltic.com\/#organization\",\"name\":\"haakaabaltic.com\",\"url\":\"https:\/\/haakaabaltic.com\/\",\"logo\":{\"@type\":\"ImageObject\",\"inLanguage\":\"lv-LV\",\"@id\":\"https:\/\/haakaabaltic.com\/#\/schema\/logo\/image\/\",\"url\":\"https:\/\/haakaabaltic.com\/wp-content\/uploads\/2025\/01\/haakaa-logo.svg\",\"contentUrl\":\"https:\/\/haakaabaltic.com\/wp-content\/uploads\/2025\/01\/haakaa-logo.svg\",\"width\":2232,\"height\":1803,\"caption\":\"haakaabaltic.com\"},\"image\":{\"@id\":\"https:\/\/haakaabaltic.com\/#\/schema\/logo\/image\/\"},\"sameAs\":[\"https:\/\/www.facebook.com\/share\/1A2a9UZQB4\/?mibextid=wwXIfr\"]}]}<\/script>\n<!-- \/ Yoast SEO plugin. -->","yoast_head_json":{"title":"Haakaa Svaigas P\u0101rtikas F\u012bderis Mini Combo - haakaabaltic.com","robots":{"index":"index","follow":"follow","max-snippet":"max-snippet:-1","max-image-preview":"max-image-preview:large","max-video-preview":"max-video-preview:-1"},"canonical":"https:\/\/haakaabaltic.com\/lv\/produkts\/fresh-food-feeder-mini-combo\/","og_locale":"lv_LV","og_type":"article","og_title":"Haakaa Svaigas P\u0101rtikas F\u012bderis Mini Combo - haakaabaltic.com","og_description":"Haakaa Svaigas P\u0101rtikas Barot\u0101js Mini Combo ir ide\u0101ls veids, k\u0101 dro\u0161i iepaz\u012bstin\u0101t j\u016bsu mazuli ar jaun\u0101m gar\u0161\u0101m, vienlaikus nodro\u0161inot atv\u0113sino\u0161u atvieglojumu smagan\u0101m pie augo\u0161iem zobiem!","og_url":"https:\/\/haakaabaltic.com\/lv\/produkts\/fresh-food-feeder-mini-combo\/","og_site_name":"haakaabaltic.com","article_publisher":"https:\/\/www.facebook.com\/share\/1A2a9UZQB4\/?mibextid=wwXIfr","article_modified_time":"2026-04-06T06:58:24+00:00","og_image":[{"width":1000,"height":1000,"url":"https:\/\/haakaabaltic.com\/wp-content\/uploads\/2025\/01\/favicon-haakaa-250x250-1.png","type":"image\/jpeg"}],"twitter_card":"summary_large_image","twitter_misc":{"Est. reading time":"1 minute"},"schema":{"@context":"https:\/\/schema.org","@graph":[{"@type":"WebPage","@id":"https:\/\/haakaabaltic.com\/lv\/produkts\/fresh-food-feeder-mini-combo\/","url":"https:\/\/haakaabaltic.com\/lv\/produkts\/fresh-food-feeder-mini-combo\/","name":"Haakaa Svaigas P\u0101rtikas F\u012bderis Mini Combo - haakaabaltic.com","isPartOf":{"@id":"https:\/\/haakaabaltic.com\/#website"},"primaryImageOfPage":{"@id":"https:\/\/haakaabaltic.com\/lv\/produkts\/fresh-food-feeder-mini-combo\/#primaryimage"},"image":{"@id":"https:\/\/haakaabaltic.com\/lv\/produkts\/fresh-food-feeder-mini-combo\/#primaryimage"},"thumbnailUrl":"https:\/\/haakaabaltic.com\/wp-content\/uploads\/2024\/11\/1-BHK154-PG.jpg","datePublished":"2024-11-18T11:46:39+00:00","dateModified":"2026-04-06T06:58:24+00:00","breadcrumb":{"@id":"https:\/\/haakaabaltic.com\/lv\/produkts\/fresh-food-feeder-mini-combo\/#breadcrumb"},"inLanguage":"lv-LV","potentialAction":[{"@type":"ReadAction","target":["https:\/\/haakaabaltic.com\/lv\/produkts\/fresh-food-feeder-mini-combo\/"]}]},{"@type":"ImageObject","inLanguage":"lv-LV","@id":"https:\/\/haakaabaltic.com\/lv\/produkts\/fresh-food-feeder-mini-combo\/#primaryimage","url":"https:\/\/haakaabaltic.com\/wp-content\/uploads\/2024\/11\/1-BHK154-PG.jpg","contentUrl":"https:\/\/haakaabaltic.com\/wp-content\/uploads\/2024\/11\/1-BHK154-PG.jpg","width":1000,"height":1000},{"@type":"BreadcrumbList","@id":"https:\/\/haakaabaltic.com\/lv\/produkts\/fresh-food-feeder-mini-combo\/#breadcrumb","itemListElement":[{"@type":"ListItem","position":1,"name":"Home","item":"https:\/\/haakaabaltic.com\/lv\/"},{"@type":"ListItem","position":2,"name":"Katalogs","item":"https:\/\/haakaabaltic.com\/lv\/veikals\/"},{"@type":"ListItem","position":3,"name":"Haakaa Svaigas P\u0101rtikas F\u012bderis Mini Combo"}]},{"@type":"WebSite","@id":"https:\/\/haakaabaltic.com\/#website","url":"https:\/\/haakaabaltic.com\/","name":"haakaabaltic.com","description":"","publisher":{"@id":"https:\/\/haakaabaltic.com\/#organization"},"potentialAction":[{"@type":"SearchAction","target":{"@type":"EntryPoint","urlTemplate":"https:\/\/haakaabaltic.com\/?s={search_term_string}"},"query-input":{"@type":"PropertyValueSpecification","valueRequired":true,"valueName":"search_term_string"}}],"inLanguage":"lv-LV"},{"@type":"Organization","@id":"https:\/\/haakaabaltic.com\/#organization","name":"haakaabaltic.com","url":"https:\/\/haakaabaltic.com\/","logo":{"@type":"ImageObject","inLanguage":"lv-LV","@id":"https:\/\/haakaabaltic.com\/#\/schema\/logo\/image\/","url":"https:\/\/haakaabaltic.com\/wp-content\/uploads\/2025\/01\/haakaa-logo.svg","contentUrl":"https:\/\/haakaabaltic.com\/wp-content\/uploads\/2025\/01\/haakaa-logo.svg","width":2232,"height":1803,"caption":"haakaabaltic.com"},"image":{"@id":"https:\/\/haakaabaltic.com\/#\/schema\/logo\/image\/"},"sameAs":["https:\/\/www.facebook.com\/share\/1A2a9UZQB4\/?mibextid=wwXIfr"]}]}},"_links":{"self":[{"href":"https:\/\/haakaabaltic.com\/lv\/wp-json\/wp\/v2\/product\/46681","targetHints":{"allow":["GET"]}}],"collection":[{"href":"https:\/\/haakaabaltic.com\/lv\/wp-json\/wp\/v2\/product"}],"about":[{"href":"https:\/\/haakaabaltic.com\/lv\/wp-json\/wp\/v2\/types\/product"}],"replies":[{"embeddable":true,"href":"https:\/\/haakaabaltic.com\/lv\/wp-json\/wp\/v2\/comments?post=46681"}],"wp:featuredmedia":[{"embeddable":true,"href":"https:\/\/haakaabaltic.com\/lv\/wp-json\/wp\/v2\/media\/46451"}],"wp:attachment":[{"href":"https:\/\/haakaabaltic.com\/lv\/wp-json\/wp\/v2\/media?parent=46681"}],"wp:term":[{"taxonomy":"product_brand","embeddable":true,"href":"https:\/\/haakaabaltic.com\/lv\/wp-json\/wp\/v2\/product_brand?post=46681"},{"taxonomy":"product_cat","embeddable":true,"href":"https:\/\/haakaabaltic.com\/lv\/wp-json\/wp\/v2\/product_cat?post=46681"},{"taxonomy":"product_tag","embeddable":true,"href":"https:\/\/haakaabaltic.com\/lv\/wp-json\/wp\/v2\/product_tag?post=46681"}],"curies":[{"name":"wp","href":"https:\/\/api.w.org\/{rel}","templated":true}]}}