{"id":48884,"date":"2025-01-29T16:09:46","date_gmt":"2025-01-29T16:09:46","guid":{"rendered":"https:\/\/haakaabaltic.com\/?page_id=48884"},"modified":"2025-01-30T12:32:01","modified_gmt":"2025-01-30T12:32:01","slug":"atgriesanas-un-kompensacijas-politika","status":"publish","type":"page","link":"https:\/\/haakaabaltic.com\/lv\/atgriesanas-un-kompensacijas-politika\/","title":{"rendered":"Atgrie\u0161anas un Kompens\u0101cijas Politika"},"content":{"rendered":"\n<p><strong>1. Visp\u0101r\u012bga Inform\u0101cija<\/strong><\/p>\n\n\n\n<p>1.1 \u0160\u012b atgrie\u0161anas un kompens\u0101cijas politika attiecas uz pirkumiem, kas veikti Haakaa Baltic interneta veikal\u0101. Veicot pas\u016bt\u012bjumu, j\u016bs piekr\u012btat t\u0101l\u0101k nor\u0101d\u012btajiem noteikumiem.Interneta veikala Haakaa Baltic \u012bpa\u0161nieks (turpm\u0101k \u2013 &#8220;Haakaa Baltic&#8221;) ir Brand Bar Ltd, re\u0123istr\u0101cijas numurs 42103095332, adrese R\u012bga, Sapieru iela 3B &#8211; 14, LV-1012.<\/p>\n\n\n\n<p><strong>2. Atteikuma Ties\u012bbas<\/strong><\/p>\n\n\n\n<p>2.1 Pirc\u0113jam ir ties\u012bbas atk\u0101pties no l\u012bguma un atgriezt preces \u010detrpadsmit (14) dienu laik\u0101 p\u0113c to sa\u0146em\u0161anas, ja ir izpild\u012bti \u0161\u0101di nosac\u012bjumi:<\/p>\n\n\n\n<ul class=\"wp-block-list\">\n<li>Prece nav tikusi lietota, un steriliem produktiem dro\u0161\u012bbas z\u012bmogs uz iepakojuma ir nesaboj\u0101ts.<\/li>\n\n\n\n<li>\u0160is nosac\u012bjums attiecas uz produktiem, kas non\u0101k tie\u0161\u0101 saskar\u0113 ar p\u0101rtiku vai int\u012bmaj\u0101m zon\u0101m, k\u0101 ar\u012b uz prec\u0113m, kas tiek izmantotas, piem\u0113ram, z\u012bd\u012b\u0161anai, deguna t\u012br\u012b\u0161anai vai manik\u012bram.<\/li>\n\n\n\n<li>Produkta iepakojumam j\u0101b\u016bt s\u0101kotn\u0113j\u0101 st\u0101vokl\u012b, neboj\u0101tam un nemain\u012btam.<\/li>\n<\/ul>\n\n\n\n<p>2.2 Ja produkts ir lietots, sterila produkta dro\u0161\u012bbas z\u012bmogs ir boj\u0101ts vai iepakojums ir boj\u0101ts jebk\u0101d\u0101 veid\u0101, Haakaa Baltic patur ties\u012bbas atteikt kompens\u0101ciju un nos\u016bt\u012bt preci atpaka\u013c pirc\u0113jam.<\/p>\n\n\n\n<p>2.3 Pirc\u0113js var apmain\u012bt preci pret citu modeli, izm\u0113ru vai kr\u0101su, ja ir izpild\u012bti visi iepriek\u0161 min\u0113tie nosac\u012bjumi.<\/p>\n\n\n\n<p>2.4 \u0160ie nosac\u012bjumi ir b\u016btiski higi\u0113nisku apsv\u0113rumu d\u0113\u013c, jo ir svar\u012bgi saglab\u0101t produktu sterilit\u0101ti un dro\u0161\u012bbu lieto\u0161anai.<\/p>\n\n\n\n<p>2.5 Atgrie\u0161anas izdevumus sedz Haakaa Baltic. Pirc\u0113jam ir j\u0101sazin\u0101s ar Haakaa Baltic \u010detrpadsmit (14) dienu laik\u0101 p\u0113c preces sa\u0146em\u0161anas, lai sa\u0146emtu nor\u0101d\u012bjumus par atgrie\u0161anas procesu, risin\u0101tu jaut\u0101jumus un organiz\u0113tu preces atgrie\u0161anu.<\/p>\n\n\n\n<p><strong>3. Kompens\u0101cijas<\/strong><\/p>\n\n\n\n<p>3.1 Kad m\u0113s sa\u0146emsim un p\u0101rbaud\u012bsim atgriezto preci, m\u0113s j\u016bs inform\u0113sim par kompens\u0101cijas apstiprin\u0101\u0161anu vai noraid\u012b\u0161anu. Ja kompens\u0101cija tiek apstiprin\u0101ta, t\u0101 tiks p\u0101rskait\u012bta uz s\u0101kotn\u0113jo maks\u0101juma metodi 14 dienu laik\u0101.<\/p>\n\n\n\n<p>3.2 Kompens\u0101cija netiks pie\u0161\u0137irta, ja:<\/p>\n\n\n\n<ul class=\"wp-block-list\">\n<li>Produkts ir atv\u0113rts vai lietots.<\/li>\n\n\n\n<li>Prece netiek atgriezta s\u0101kotn\u0113j\u0101 st\u0101vokl\u012b.<\/li>\n\n\n\n<li>Prece tiek atgriezta p\u0113c 14 dienu termi\u0146a beig\u0101m.<\/li>\n<\/ul>\n\n\n\n<p><strong>4. Maks\u0101jumu Metodes<\/strong><\/p>\n\n\n\n<p>4.1 Pie\u0146emam \u0161\u0101das maks\u0101jumu metodes:<\/p>\n\n\n\n<ul class=\"wp-block-list\">\n<li>Bankas maks\u0101jumi Latvij\u0101: Swedbank, SEB, Citadele, Luminor<\/li>\n\n\n\n<li>Bankas maks\u0101jumi Lietuv\u0101: Swedbank, SEB, Luminor, \u0160iauli\u0173 Bankas<\/li>\n\n\n\n<li>Bankas maks\u0101jumi Igaunij\u0101: Swedbank, SEB, Luminor, LHV, Coop Pank<\/li>\n\n\n\n<li>Kartes maks\u0101jumi: Visa, MasterCard<\/li>\n\n\n\n<li>D\u0101vanu karte: Haakaa Baltic d\u0101vanu karte (ja piem\u0113rojams)<\/li>\n<\/ul>\n\n\n\n<p>4.2 Visi maks\u0101jumu dar\u012bjumi tiek apstr\u0101d\u0101ti dro\u0161i. Maks\u0101jumu izpildei nepiecie\u0161amie personas dati tiek nodoti pilnvarotajam maks\u0101jumu apstr\u0101d\u0101t\u0101jam Maksekeskus AS. Pirkuma l\u012bgums st\u0101jas sp\u0113k\u0101, kad maks\u0101jums ir sa\u0146emts Haakaa Baltic bankas kont\u0101.<\/p>\n\n\n\n<p><strong>5. Pas\u016bt\u012bjuma Atcel\u0161ana un Pre\u010du Pieejam\u012bba<\/strong><\/p>\n\n\n\n<p>5.1 Ja nevaram izpild\u012bt j\u016bsu pas\u016bt\u012bjumu pre\u010du iztr\u016bkuma vai jebk\u0101da cita iemesla d\u0113\u013c, m\u0113s j\u016bs inform\u0113sim p\u0113c iesp\u0113jas \u0101tr\u0101k. \u0160\u0101d\u0101 gad\u012bjum\u0101 piln\u0101 apm\u0113r\u0101 samaks\u0101t\u0101 summa, tostarp pieg\u0101des izmaksas, tiks atmaks\u0101ta 14 dienu laik\u0101 no pazi\u0146ojuma sa\u0146em\u0161anas dienas.<\/p>\n\n\n\n<p>5.2 Lai sa\u0146emtu papildu pal\u012bdz\u012bbu, l\u016bdzu, sazinieties ar m\u016bsu atbalsta komandu pa e-pastu: haakaabaltic@gmail.com.<\/p>\n\n\n\n<p><\/p>\n","protected":false},"excerpt":{"rendered":"<p>1. Visp\u0101r\u012bga Inform\u0101cija 1.1 \u0160\u012b atgrie\u0161anas un kompens\u0101cijas politika attiecas uz pirkumiem, kas veikti Haakaa Baltic interneta veikal\u0101. Veicot pas\u016bt\u012bjumu, j\u016bs piekr\u012btat t\u0101l\u0101k nor\u0101d\u012btajiem noteikumiem.Interneta veikala Haakaa Baltic \u012bpa\u0161nieks (turpm\u0101k \u2013 &#8220;Haakaa Baltic&#8221;) ir Brand Bar Ltd, re\u0123istr\u0101cijas numurs 42103095332, adrese R\u012bga, Sapieru iela 3B &#8211; 14, LV-1012. 2. Atteikuma Ties\u012bbas 2.1 Pirc\u0113jam ir ties\u012bbas [&hellip;]<\/p>\n","protected":false},"author":3,"featured_media":0,"parent":0,"menu_order":0,"comment_status":"closed","ping_status":"closed","template":"","meta":{"footnotes":""},"class_list":["post-48884","page","type-page","status-publish","hentry"],"yoast_head":"<!-- This site is optimized with the Yoast SEO plugin v24.3 - https:\/\/yoast.com\/wordpress\/plugins\/seo\/ -->\n<title>Atgrie\u0161anas un Kompens\u0101cijas Politika - haakaabaltic.com<\/title>\n<meta name=\"robots\" content=\"index, follow, max-snippet:-1, max-image-preview:large, max-video-preview:-1\" \/>\n<link rel=\"canonical\" href=\"http:\/\/haakaabaltic.com\/refund-and-returns-policy\/\" \/>\n<meta property=\"og:locale\" content=\"lv_LV\" \/>\n<meta property=\"og:type\" content=\"article\" \/>\n<meta property=\"og:title\" content=\"Atgrie\u0161anas un Kompens\u0101cijas Politika - haakaabaltic.com\" \/>\n<meta property=\"og:description\" content=\"1. Visp\u0101r\u012bga Inform\u0101cija 1.1 \u0160\u012b atgrie\u0161anas un kompens\u0101cijas politika attiecas uz pirkumiem, kas veikti Haakaa Baltic interneta veikal\u0101. Veicot pas\u016bt\u012bjumu, j\u016bs piekr\u012btat t\u0101l\u0101k nor\u0101d\u012btajiem noteikumiem.Interneta veikala Haakaa Baltic \u012bpa\u0161nieks (turpm\u0101k \u2013 &#8220;Haakaa Baltic&#8221;) ir Brand Bar Ltd, re\u0123istr\u0101cijas numurs 42103095332, adrese R\u012bga, Sapieru iela 3B &#8211; 14, LV-1012. 2. Atteikuma Ties\u012bbas 2.1 Pirc\u0113jam ir ties\u012bbas [&hellip;]\" \/>\n<meta property=\"og:url\" content=\"http:\/\/haakaabaltic.com\/refund-and-returns-policy\/\" \/>\n<meta property=\"og:site_name\" content=\"haakaabaltic.com\" \/>\n<meta property=\"article:publisher\" content=\"https:\/\/www.facebook.com\/share\/1A2a9UZQB4\/?mibextid=wwXIfr\" \/>\n<meta property=\"article:modified_time\" content=\"2025-01-30T12:32:01+00:00\" \/>\n<meta name=\"twitter:card\" content=\"summary_large_image\" \/>\n<meta name=\"twitter:label1\" content=\"Est. reading time\" \/>\n\t<meta name=\"twitter:data1\" content=\"3 minutes\" \/>\n<script type=\"application\/ld+json\" class=\"yoast-schema-graph\">{\"@context\":\"https:\/\/schema.org\",\"@graph\":[{\"@type\":\"WebPage\",\"@id\":\"http:\/\/haakaabaltic.com\/refund-and-returns-policy\/\",\"url\":\"http:\/\/haakaabaltic.com\/refund-and-returns-policy\/\",\"name\":\"Atgrie\u0161anas un Kompens\u0101cijas Politika - haakaabaltic.com\",\"isPartOf\":{\"@id\":\"https:\/\/haakaabaltic.com\/#website\"},\"datePublished\":\"2025-01-29T16:09:46+00:00\",\"dateModified\":\"2025-01-30T12:32:01+00:00\",\"breadcrumb\":{\"@id\":\"http:\/\/haakaabaltic.com\/refund-and-returns-policy\/#breadcrumb\"},\"inLanguage\":\"lv-LV\",\"potentialAction\":[{\"@type\":\"ReadAction\",\"target\":[\"http:\/\/haakaabaltic.com\/refund-and-returns-policy\/\"]}]},{\"@type\":\"BreadcrumbList\",\"@id\":\"http:\/\/haakaabaltic.com\/refund-and-returns-policy\/#breadcrumb\",\"itemListElement\":[{\"@type\":\"ListItem\",\"position\":1,\"name\":\"Home\",\"item\":\"https:\/\/haakaabaltic.com\/lv\/\"},{\"@type\":\"ListItem\",\"position\":2,\"name\":\"Atgrie\u0161anas un Kompens\u0101cijas Politika\"}]},{\"@type\":\"WebSite\",\"@id\":\"https:\/\/haakaabaltic.com\/#website\",\"url\":\"https:\/\/haakaabaltic.com\/\",\"name\":\"haakaabaltic.com\",\"description\":\"\",\"publisher\":{\"@id\":\"https:\/\/haakaabaltic.com\/#organization\"},\"potentialAction\":[{\"@type\":\"SearchAction\",\"target\":{\"@type\":\"EntryPoint\",\"urlTemplate\":\"https:\/\/haakaabaltic.com\/?s={search_term_string}\"},\"query-input\":{\"@type\":\"PropertyValueSpecification\",\"valueRequired\":true,\"valueName\":\"search_term_string\"}}],\"inLanguage\":\"lv-LV\"},{\"@type\":\"Organization\",\"@id\":\"https:\/\/haakaabaltic.com\/#organization\",\"name\":\"haakaabaltic.com\",\"url\":\"https:\/\/haakaabaltic.com\/\",\"logo\":{\"@type\":\"ImageObject\",\"inLanguage\":\"lv-LV\",\"@id\":\"https:\/\/haakaabaltic.com\/#\/schema\/logo\/image\/\",\"url\":\"https:\/\/haakaabaltic.com\/wp-content\/uploads\/2025\/01\/haakaa-logo.svg\",\"contentUrl\":\"https:\/\/haakaabaltic.com\/wp-content\/uploads\/2025\/01\/haakaa-logo.svg\",\"width\":2232,\"height\":1803,\"caption\":\"haakaabaltic.com\"},\"image\":{\"@id\":\"https:\/\/haakaabaltic.com\/#\/schema\/logo\/image\/\"},\"sameAs\":[\"https:\/\/www.facebook.com\/share\/1A2a9UZQB4\/?mibextid=wwXIfr\"]}]}<\/script>\n<!-- \/ Yoast SEO plugin. -->","yoast_head_json":{"title":"Atgrie\u0161anas un Kompens\u0101cijas Politika - haakaabaltic.com","robots":{"index":"index","follow":"follow","max-snippet":"max-snippet:-1","max-image-preview":"max-image-preview:large","max-video-preview":"max-video-preview:-1"},"canonical":"http:\/\/haakaabaltic.com\/refund-and-returns-policy\/","og_locale":"lv_LV","og_type":"article","og_title":"Atgrie\u0161anas un Kompens\u0101cijas Politika - haakaabaltic.com","og_description":"1. Visp\u0101r\u012bga Inform\u0101cija 1.1 \u0160\u012b atgrie\u0161anas un kompens\u0101cijas politika attiecas uz pirkumiem, kas veikti Haakaa Baltic interneta veikal\u0101. Veicot pas\u016bt\u012bjumu, j\u016bs piekr\u012btat t\u0101l\u0101k nor\u0101d\u012btajiem noteikumiem.Interneta veikala Haakaa Baltic \u012bpa\u0161nieks (turpm\u0101k \u2013 &#8220;Haakaa Baltic&#8221;) ir Brand Bar Ltd, re\u0123istr\u0101cijas numurs 42103095332, adrese R\u012bga, Sapieru iela 3B &#8211; 14, LV-1012. 2. Atteikuma Ties\u012bbas 2.1 Pirc\u0113jam ir ties\u012bbas [&hellip;]","og_url":"http:\/\/haakaabaltic.com\/refund-and-returns-policy\/","og_site_name":"haakaabaltic.com","article_publisher":"https:\/\/www.facebook.com\/share\/1A2a9UZQB4\/?mibextid=wwXIfr","article_modified_time":"2025-01-30T12:32:01+00:00","twitter_card":"summary_large_image","twitter_misc":{"Est. reading time":"3 minutes"},"schema":{"@context":"https:\/\/schema.org","@graph":[{"@type":"WebPage","@id":"http:\/\/haakaabaltic.com\/refund-and-returns-policy\/","url":"http:\/\/haakaabaltic.com\/refund-and-returns-policy\/","name":"Atgrie\u0161anas un Kompens\u0101cijas Politika - haakaabaltic.com","isPartOf":{"@id":"https:\/\/haakaabaltic.com\/#website"},"datePublished":"2025-01-29T16:09:46+00:00","dateModified":"2025-01-30T12:32:01+00:00","breadcrumb":{"@id":"http:\/\/haakaabaltic.com\/refund-and-returns-policy\/#breadcrumb"},"inLanguage":"lv-LV","potentialAction":[{"@type":"ReadAction","target":["http:\/\/haakaabaltic.com\/refund-and-returns-policy\/"]}]},{"@type":"BreadcrumbList","@id":"http:\/\/haakaabaltic.com\/refund-and-returns-policy\/#breadcrumb","itemListElement":[{"@type":"ListItem","position":1,"name":"Home","item":"https:\/\/haakaabaltic.com\/lv\/"},{"@type":"ListItem","position":2,"name":"Atgrie\u0161anas un Kompens\u0101cijas Politika"}]},{"@type":"WebSite","@id":"https:\/\/haakaabaltic.com\/#website","url":"https:\/\/haakaabaltic.com\/","name":"haakaabaltic.com","description":"","publisher":{"@id":"https:\/\/haakaabaltic.com\/#organization"},"potentialAction":[{"@type":"SearchAction","target":{"@type":"EntryPoint","urlTemplate":"https:\/\/haakaabaltic.com\/?s={search_term_string}"},"query-input":{"@type":"PropertyValueSpecification","valueRequired":true,"valueName":"search_term_string"}}],"inLanguage":"lv-LV"},{"@type":"Organization","@id":"https:\/\/haakaabaltic.com\/#organization","name":"haakaabaltic.com","url":"https:\/\/haakaabaltic.com\/","logo":{"@type":"ImageObject","inLanguage":"lv-LV","@id":"https:\/\/haakaabaltic.com\/#\/schema\/logo\/image\/","url":"https:\/\/haakaabaltic.com\/wp-content\/uploads\/2025\/01\/haakaa-logo.svg","contentUrl":"https:\/\/haakaabaltic.com\/wp-content\/uploads\/2025\/01\/haakaa-logo.svg","width":2232,"height":1803,"caption":"haakaabaltic.com"},"image":{"@id":"https:\/\/haakaabaltic.com\/#\/schema\/logo\/image\/"},"sameAs":["https:\/\/www.facebook.com\/share\/1A2a9UZQB4\/?mibextid=wwXIfr"]}]}},"_links":{"self":[{"href":"https:\/\/haakaabaltic.com\/lv\/wp-json\/wp\/v2\/pages\/48884","targetHints":{"allow":["GET"]}}],"collection":[{"href":"https:\/\/haakaabaltic.com\/lv\/wp-json\/wp\/v2\/pages"}],"about":[{"href":"https:\/\/haakaabaltic.com\/lv\/wp-json\/wp\/v2\/types\/page"}],"author":[{"embeddable":true,"href":"https:\/\/haakaabaltic.com\/lv\/wp-json\/wp\/v2\/users\/3"}],"replies":[{"embeddable":true,"href":"https:\/\/haakaabaltic.com\/lv\/wp-json\/wp\/v2\/comments?post=48884"}],"version-history":[{"count":2,"href":"https:\/\/haakaabaltic.com\/lv\/wp-json\/wp\/v2\/pages\/48884\/revisions"}],"predecessor-version":[{"id":48887,"href":"https:\/\/haakaabaltic.com\/lv\/wp-json\/wp\/v2\/pages\/48884\/revisions\/48887"}],"wp:attachment":[{"href":"https:\/\/haakaabaltic.com\/lv\/wp-json\/wp\/v2\/media?parent=48884"}],"curies":[{"name":"wp","href":"https:\/\/api.w.org\/{rel}","templated":true}]}}