{"id":48716,"date":"2020-01-13T06:50:18","date_gmt":"2020-01-13T06:50:18","guid":{"rendered":"https:\/\/haakaabaltic.com\/?page_id=48716"},"modified":"2025-01-28T21:20:37","modified_gmt":"2025-01-28T21:20:37","slug":"par-mums","status":"publish","type":"page","link":"https:\/\/haakaabaltic.com\/lv\/par-mums\/","title":{"rendered":"Par mums"},"content":{"rendered":"\t\t<div data-elementor-type=\"wp-page\" data-elementor-id=\"48716\" class=\"elementor elementor-48716 elementor-9095\" data-elementor-post-type=\"page\">\n\t\t\t\t\t\t<section class=\"elementor-section elementor-top-section elementor-element elementor-element-774dc10 elementor-section-boxed elementor-section-height-default elementor-section-height-default\" data-id=\"774dc10\" data-element_type=\"section\">\n\t\t\t\t\t\t<div class=\"elementor-container elementor-column-gap-default\">\n\t\t\t\t\t<div class=\"elementor-column elementor-col-50 elementor-top-column elementor-element elementor-element-3e84398\" data-id=\"3e84398\" data-element_type=\"column\">\n\t\t\t<div class=\"elementor-widget-wrap elementor-element-populated\">\n\t\t\t\t\t\t<div class=\"elementor-element elementor-element-14f1003 elementor-widget elementor-widget-bwp_image\" data-id=\"14f1003\" data-element_type=\"widget\" data-widget_type=\"bwp_image.default\">\n\t\t\t\t<div class=\"elementor-widget-container\">\n\t\t\t<div class=\"bwp-widget-banner default\">\r\n\t\t\r\n\t<div class=\"bg-banner\">\r\n\t\t<div class=\"banner-wrapper banners\">\r\n\t\t\t<div class=\"bwp-image \">\r\n\t\t\t\t\t\t\t\t\t<a href=\"#\"><img decoding=\"async\" class=\"fade-in lazyload\" src=\"http:\/\/haakaabaltic.com\/wp-content\/uploads\/2024\/12\/Banner-3.1.png\" alt=\"Banner Image\"><\/a>\r\n\t\t\t\t\t\t\t<\/div>\r\n\t\t\t<div class=\"banner-wrapper-infor\">\r\n\t\t\t\t<div class=\"info\">\r\n\t\t\t\t\t<div class=\"content\">\r\n\t\t\t\t\t\t\t\t\t\t\t\t\t\t\t\t\t\t\t\t\t\t\t\t\t\t\t\t\t<\/div>\r\n\t\t\t\t<\/div>\r\n\t\t\t<\/div>\r\n\t\t<\/div>\r\n\t<\/div>\r\n\t<\/div>\r\n\t\t<\/div>\n\t\t\t\t<\/div>\n\t\t\t\t\t<\/div>\n\t\t<\/div>\n\t\t\t\t<div class=\"elementor-column elementor-col-50 elementor-top-column elementor-element elementor-element-ab855ec\" data-id=\"ab855ec\" data-element_type=\"column\">\n\t\t\t<div class=\"elementor-widget-wrap elementor-element-populated\">\n\t\t\t\t\t\t<div class=\"elementor-element elementor-element-0dcf7f0 elementor-widget elementor-widget-heading\" data-id=\"0dcf7f0\" data-element_type=\"widget\" data-widget_type=\"heading.default\">\n\t\t\t\t<div class=\"elementor-widget-container\">\n\t\t\t<h2 class=\"elementor-heading-title elementor-size-default\">Haakaa tagad ir pieejama Baltijas \u0123imen\u0113m!<\/h2>\t\t<\/div>\n\t\t\t\t<\/div>\n\t\t\t\t<div class=\"elementor-element elementor-element-04c7d54 elementor-widget elementor-widget-text-editor\" data-id=\"04c7d54\" data-element_type=\"widget\" data-widget_type=\"text-editor.default\">\n\t\t\t\t<div class=\"elementor-widget-container\">\n\t\t\t\t\t\t\t<p><strong>Pirms vair\u0101k nek\u0101 desmit gadiem Haakaa rad\u0101s m\u0101tes ap\u0146\u0113m\u012bbas d\u0113\u013c atrast dro\u0161us un videi draudz\u012bgus produktus savas \u012bpa\u0161o vajadz\u012bbu meitas vajadz\u012bb\u0101m. <\/strong>\u0160odien \u0161\u012b aizrau\u0161an\u0101s ir p\u0101rtapusi par glob\u0101li uzticamu Jaunz\u0113landes z\u012bmolu, kuru iesaka profesion\u0101\u013ci un nov\u0113rt\u0113 vec\u0101ki, ieg\u016bstot t\u0101das balvas k\u0101 Mom\u2019s Choice un National Parenting Product Awards.<\/p><p>P\u0113d\u0113jo desmit gadu laik\u0101 Haakaa ir koncentr\u0113jusies uz praktisku un inovat\u012bvu risin\u0101jumu izstr\u0101di, lai aizpild\u012btu vec\u0101ku vajadz\u012bbu ni\u0161as. No gr\u016btniec\u012bbas l\u012bdz b\u0113rna vecumam Haakaa nemit\u012bgi rada produktus, kas sniedz labumu gan \u0123imen\u0113m, gan videi.<\/p><p>Haakaa lepojas ne tikai ar funkcionalit\u0101ti. Z\u012bmols ir ap\u0146\u0113mies ra\u017eot netoksiskus, videi draudz\u012bgus risin\u0101jumus \u2013 s\u0101kot ar produktiem un beidzot ar iepakojumu. M\u0113s izmantojam augst\u0101k\u0101s kvalit\u0101tes materi\u0101lus, kas atbilst stingrajiem ISO, ES, FDA un FSC standartiem, vienlaikus samazinot atkritumus katr\u0101 posm\u0101.<\/p>\t\t\t\t\t\t<\/div>\n\t\t\t\t<\/div>\n\t\t\t\t<div class=\"elementor-element elementor-element-4491622 elementor-widget elementor-widget-text-editor\" data-id=\"4491622\" data-element_type=\"widget\" data-widget_type=\"text-editor.default\">\n\t\t\t\t<div class=\"elementor-widget-container\">\n\t\t\t\t\t\t\t<div class=\"flex max-w-full flex-col flex-grow\"><div class=\"min-h-8 text-message flex w-full flex-col items-end gap-2 whitespace-normal break-words text-start [.text-message+&amp;]:mt-5\" dir=\"auto\" data-message-author-role=\"assistant\" data-message-id=\"588183e2-0995-4330-9aca-8a839d8c0c7f\" data-message-model-slug=\"gpt-4o\"><div class=\"flex w-full flex-col gap-1 empty:hidden first:pt-[3px]\"><div class=\"markdown prose w-full break-words dark:prose-invert light\"><p>K\u0101 Haakaa ofici\u0101lie izplat\u012bt\u0101ji Baltij\u0101 mums ir gods pievienoties pasaules Haakaa \u0123imenei, daloties misij\u0101 atbalst\u012bt vec\u0101kus un padar\u012bt ikdienas dz\u012bvi vienk\u0101r\u0161\u0101ku.<\/p><\/div><\/div><\/div><\/div>\t\t\t\t\t\t<\/div>\n\t\t\t\t<\/div>\n\t\t\t\t\t<\/div>\n\t\t<\/div>\n\t\t\t\t\t<\/div>\n\t\t<\/section>\n\t\t\t\t<section class=\"elementor-section elementor-top-section elementor-element elementor-element-63506ae elementor-section-full_width elementor-section-height-default elementor-section-height-default\" data-id=\"63506ae\" data-element_type=\"section\">\n\t\t\t\t\t\t<div class=\"elementor-container elementor-column-gap-default\">\n\t\t\t\t\t<div class=\"elementor-column elementor-col-100 elementor-top-column elementor-element elementor-element-3f6e043\" data-id=\"3f6e043\" data-element_type=\"column\">\n\t\t\t<div class=\"elementor-widget-wrap elementor-element-populated\">\n\t\t\t\t\t\t<div class=\"elementor-element elementor-element-0b3c0ac elementor-widget-divider--view-line elementor-widget elementor-widget-divider\" data-id=\"0b3c0ac\" data-element_type=\"widget\" data-widget_type=\"divider.default\">\n\t\t\t\t<div class=\"elementor-widget-container\">\n\t\t\t\t\t<div class=\"elementor-divider\">\n\t\t\t<span class=\"elementor-divider-separator\">\n\t\t\t\t\t\t<\/span>\n\t\t<\/div>\n\t\t\t\t<\/div>\n\t\t\t\t<\/div>\n\t\t\t\t\t<\/div>\n\t\t<\/div>\n\t\t\t\t\t<\/div>\n\t\t<\/section>\n\t\t\t\t<\/div>\n\t\t","protected":false},"excerpt":{"rendered":"<p>Haakaa tagad ir pieejama Baltijas \u0123imen\u0113m! Pirms vair\u0101k nek\u0101 desmit gadiem Haakaa rad\u0101s m\u0101tes ap\u0146\u0113m\u012bbas d\u0113\u013c atrast dro\u0161us un videi draudz\u012bgus produktus savas \u012bpa\u0161o vajadz\u012bbu meitas vajadz\u012bb\u0101m. \u0160odien \u0161\u012b aizrau\u0161an\u0101s ir p\u0101rtapusi par glob\u0101li uzticamu Jaunz\u0113landes z\u012bmolu, kuru iesaka profesion\u0101\u013ci un nov\u0113rt\u0113 vec\u0101ki, ieg\u016bstot t\u0101das balvas k\u0101 Mom\u2019s Choice un National Parenting Product Awards. P\u0113d\u0113jo [&hellip;]<\/p>\n","protected":false},"author":3,"featured_media":0,"parent":0,"menu_order":0,"comment_status":"closed","ping_status":"closed","template":"","meta":{"footnotes":""},"class_list":["post-48716","page","type-page","status-publish","hentry"],"yoast_head":"<!-- This site is optimized with the Yoast SEO plugin v24.3 - https:\/\/yoast.com\/wordpress\/plugins\/seo\/ -->\n<title>Par mums - haakaabaltic.com<\/title>\n<meta name=\"robots\" content=\"index, follow, max-snippet:-1, max-image-preview:large, max-video-preview:-1\" \/>\n<link rel=\"canonical\" href=\"http:\/\/haakaabaltic.com\/about-us\/\" \/>\n<meta property=\"og:locale\" content=\"lv_LV\" \/>\n<meta property=\"og:type\" content=\"article\" \/>\n<meta property=\"og:title\" content=\"Par mums - haakaabaltic.com\" \/>\n<meta property=\"og:description\" content=\"Haakaa tagad ir pieejama Baltijas \u0123imen\u0113m! Pirms vair\u0101k nek\u0101 desmit gadiem Haakaa rad\u0101s m\u0101tes ap\u0146\u0113m\u012bbas d\u0113\u013c atrast dro\u0161us un videi draudz\u012bgus produktus savas \u012bpa\u0161o vajadz\u012bbu meitas vajadz\u012bb\u0101m. \u0160odien \u0161\u012b aizrau\u0161an\u0101s ir p\u0101rtapusi par glob\u0101li uzticamu Jaunz\u0113landes z\u012bmolu, kuru iesaka profesion\u0101\u013ci un nov\u0113rt\u0113 vec\u0101ki, ieg\u016bstot t\u0101das balvas k\u0101 Mom\u2019s Choice un National Parenting Product Awards. P\u0113d\u0113jo [&hellip;]\" \/>\n<meta property=\"og:url\" content=\"http:\/\/haakaabaltic.com\/about-us\/\" \/>\n<meta property=\"og:site_name\" content=\"haakaabaltic.com\" \/>\n<meta property=\"article:publisher\" content=\"https:\/\/www.facebook.com\/share\/1A2a9UZQB4\/?mibextid=wwXIfr\" \/>\n<meta property=\"article:modified_time\" content=\"2025-01-28T21:20:37+00:00\" \/>\n<meta property=\"og:image\" content=\"https:\/\/haakaabaltic.com\/wp-content\/uploads\/2025\/01\/favicon-haakaa-250x250-1.png\" \/>\n<meta name=\"twitter:card\" content=\"summary_large_image\" \/>\n<meta name=\"twitter:label1\" content=\"Est. reading time\" \/>\n\t<meta name=\"twitter:data1\" content=\"1 minute\" \/>\n<script type=\"application\/ld+json\" class=\"yoast-schema-graph\">{\"@context\":\"https:\/\/schema.org\",\"@graph\":[{\"@type\":\"WebPage\",\"@id\":\"http:\/\/haakaabaltic.com\/about-us\/\",\"url\":\"http:\/\/haakaabaltic.com\/about-us\/\",\"name\":\"Par mums - haakaabaltic.com\",\"isPartOf\":{\"@id\":\"https:\/\/haakaabaltic.com\/#website\"},\"primaryImageOfPage\":{\"@id\":\"http:\/\/haakaabaltic.com\/about-us\/#primaryimage\"},\"image\":{\"@id\":\"http:\/\/haakaabaltic.com\/about-us\/#primaryimage\"},\"thumbnailUrl\":\"http:\/\/haakaabaltic.com\/wp-content\/uploads\/2024\/12\/Banner-3.1.png\",\"datePublished\":\"2020-01-13T06:50:18+00:00\",\"dateModified\":\"2025-01-28T21:20:37+00:00\",\"breadcrumb\":{\"@id\":\"http:\/\/haakaabaltic.com\/about-us\/#breadcrumb\"},\"inLanguage\":\"lv-LV\",\"potentialAction\":[{\"@type\":\"ReadAction\",\"target\":[\"http:\/\/haakaabaltic.com\/about-us\/\"]}]},{\"@type\":\"ImageObject\",\"inLanguage\":\"lv-LV\",\"@id\":\"http:\/\/haakaabaltic.com\/about-us\/#primaryimage\",\"url\":\"http:\/\/haakaabaltic.com\/wp-content\/uploads\/2024\/12\/Banner-3.1.png\",\"contentUrl\":\"http:\/\/haakaabaltic.com\/wp-content\/uploads\/2024\/12\/Banner-3.1.png\"},{\"@type\":\"BreadcrumbList\",\"@id\":\"http:\/\/haakaabaltic.com\/about-us\/#breadcrumb\",\"itemListElement\":[{\"@type\":\"ListItem\",\"position\":1,\"name\":\"Home\",\"item\":\"https:\/\/haakaabaltic.com\/lv\/\"},{\"@type\":\"ListItem\",\"position\":2,\"name\":\"Par mums\"}]},{\"@type\":\"WebSite\",\"@id\":\"https:\/\/haakaabaltic.com\/#website\",\"url\":\"https:\/\/haakaabaltic.com\/\",\"name\":\"haakaabaltic.com\",\"description\":\"\",\"publisher\":{\"@id\":\"https:\/\/haakaabaltic.com\/#organization\"},\"potentialAction\":[{\"@type\":\"SearchAction\",\"target\":{\"@type\":\"EntryPoint\",\"urlTemplate\":\"https:\/\/haakaabaltic.com\/?s={search_term_string}\"},\"query-input\":{\"@type\":\"PropertyValueSpecification\",\"valueRequired\":true,\"valueName\":\"search_term_string\"}}],\"inLanguage\":\"lv-LV\"},{\"@type\":\"Organization\",\"@id\":\"https:\/\/haakaabaltic.com\/#organization\",\"name\":\"haakaabaltic.com\",\"url\":\"https:\/\/haakaabaltic.com\/\",\"logo\":{\"@type\":\"ImageObject\",\"inLanguage\":\"lv-LV\",\"@id\":\"https:\/\/haakaabaltic.com\/#\/schema\/logo\/image\/\",\"url\":\"https:\/\/haakaabaltic.com\/wp-content\/uploads\/2025\/01\/haakaa-logo.svg\",\"contentUrl\":\"https:\/\/haakaabaltic.com\/wp-content\/uploads\/2025\/01\/haakaa-logo.svg\",\"width\":2232,\"height\":1803,\"caption\":\"haakaabaltic.com\"},\"image\":{\"@id\":\"https:\/\/haakaabaltic.com\/#\/schema\/logo\/image\/\"},\"sameAs\":[\"https:\/\/www.facebook.com\/share\/1A2a9UZQB4\/?mibextid=wwXIfr\"]}]}<\/script>\n<!-- \/ Yoast SEO plugin. -->","yoast_head_json":{"title":"Par mums - haakaabaltic.com","robots":{"index":"index","follow":"follow","max-snippet":"max-snippet:-1","max-image-preview":"max-image-preview:large","max-video-preview":"max-video-preview:-1"},"canonical":"http:\/\/haakaabaltic.com\/about-us\/","og_locale":"lv_LV","og_type":"article","og_title":"Par mums - haakaabaltic.com","og_description":"Haakaa tagad ir pieejama Baltijas \u0123imen\u0113m! Pirms vair\u0101k nek\u0101 desmit gadiem Haakaa rad\u0101s m\u0101tes ap\u0146\u0113m\u012bbas d\u0113\u013c atrast dro\u0161us un videi draudz\u012bgus produktus savas \u012bpa\u0161o vajadz\u012bbu meitas vajadz\u012bb\u0101m. \u0160odien \u0161\u012b aizrau\u0161an\u0101s ir p\u0101rtapusi par glob\u0101li uzticamu Jaunz\u0113landes z\u012bmolu, kuru iesaka profesion\u0101\u013ci un nov\u0113rt\u0113 vec\u0101ki, ieg\u016bstot t\u0101das balvas k\u0101 Mom\u2019s Choice un National Parenting Product Awards. P\u0113d\u0113jo [&hellip;]","og_url":"http:\/\/haakaabaltic.com\/about-us\/","og_site_name":"haakaabaltic.com","article_publisher":"https:\/\/www.facebook.com\/share\/1A2a9UZQB4\/?mibextid=wwXIfr","article_modified_time":"2025-01-28T21:20:37+00:00","og_image":[{"url":"https:\/\/haakaabaltic.com\/wp-content\/uploads\/2025\/01\/favicon-haakaa-250x250-1.png","type":"","width":"","height":""}],"twitter_card":"summary_large_image","twitter_misc":{"Est. reading time":"1 minute"},"schema":{"@context":"https:\/\/schema.org","@graph":[{"@type":"WebPage","@id":"http:\/\/haakaabaltic.com\/about-us\/","url":"http:\/\/haakaabaltic.com\/about-us\/","name":"Par mums - haakaabaltic.com","isPartOf":{"@id":"https:\/\/haakaabaltic.com\/#website"},"primaryImageOfPage":{"@id":"http:\/\/haakaabaltic.com\/about-us\/#primaryimage"},"image":{"@id":"http:\/\/haakaabaltic.com\/about-us\/#primaryimage"},"thumbnailUrl":"http:\/\/haakaabaltic.com\/wp-content\/uploads\/2024\/12\/Banner-3.1.png","datePublished":"2020-01-13T06:50:18+00:00","dateModified":"2025-01-28T21:20:37+00:00","breadcrumb":{"@id":"http:\/\/haakaabaltic.com\/about-us\/#breadcrumb"},"inLanguage":"lv-LV","potentialAction":[{"@type":"ReadAction","target":["http:\/\/haakaabaltic.com\/about-us\/"]}]},{"@type":"ImageObject","inLanguage":"lv-LV","@id":"http:\/\/haakaabaltic.com\/about-us\/#primaryimage","url":"http:\/\/haakaabaltic.com\/wp-content\/uploads\/2024\/12\/Banner-3.1.png","contentUrl":"http:\/\/haakaabaltic.com\/wp-content\/uploads\/2024\/12\/Banner-3.1.png"},{"@type":"BreadcrumbList","@id":"http:\/\/haakaabaltic.com\/about-us\/#breadcrumb","itemListElement":[{"@type":"ListItem","position":1,"name":"Home","item":"https:\/\/haakaabaltic.com\/lv\/"},{"@type":"ListItem","position":2,"name":"Par mums"}]},{"@type":"WebSite","@id":"https:\/\/haakaabaltic.com\/#website","url":"https:\/\/haakaabaltic.com\/","name":"haakaabaltic.com","description":"","publisher":{"@id":"https:\/\/haakaabaltic.com\/#organization"},"potentialAction":[{"@type":"SearchAction","target":{"@type":"EntryPoint","urlTemplate":"https:\/\/haakaabaltic.com\/?s={search_term_string}"},"query-input":{"@type":"PropertyValueSpecification","valueRequired":true,"valueName":"search_term_string"}}],"inLanguage":"lv-LV"},{"@type":"Organization","@id":"https:\/\/haakaabaltic.com\/#organization","name":"haakaabaltic.com","url":"https:\/\/haakaabaltic.com\/","logo":{"@type":"ImageObject","inLanguage":"lv-LV","@id":"https:\/\/haakaabaltic.com\/#\/schema\/logo\/image\/","url":"https:\/\/haakaabaltic.com\/wp-content\/uploads\/2025\/01\/haakaa-logo.svg","contentUrl":"https:\/\/haakaabaltic.com\/wp-content\/uploads\/2025\/01\/haakaa-logo.svg","width":2232,"height":1803,"caption":"haakaabaltic.com"},"image":{"@id":"https:\/\/haakaabaltic.com\/#\/schema\/logo\/image\/"},"sameAs":["https:\/\/www.facebook.com\/share\/1A2a9UZQB4\/?mibextid=wwXIfr"]}]}},"_links":{"self":[{"href":"https:\/\/haakaabaltic.com\/lv\/wp-json\/wp\/v2\/pages\/48716","targetHints":{"allow":["GET"]}}],"collection":[{"href":"https:\/\/haakaabaltic.com\/lv\/wp-json\/wp\/v2\/pages"}],"about":[{"href":"https:\/\/haakaabaltic.com\/lv\/wp-json\/wp\/v2\/types\/page"}],"author":[{"embeddable":true,"href":"https:\/\/haakaabaltic.com\/lv\/wp-json\/wp\/v2\/users\/3"}],"replies":[{"embeddable":true,"href":"https:\/\/haakaabaltic.com\/lv\/wp-json\/wp\/v2\/comments?post=48716"}],"version-history":[{"count":7,"href":"https:\/\/haakaabaltic.com\/lv\/wp-json\/wp\/v2\/pages\/48716\/revisions"}],"predecessor-version":[{"id":48740,"href":"https:\/\/haakaabaltic.com\/lv\/wp-json\/wp\/v2\/pages\/48716\/revisions\/48740"}],"wp:attachment":[{"href":"https:\/\/haakaabaltic.com\/lv\/wp-json\/wp\/v2\/media?parent=48716"}],"curies":[{"name":"wp","href":"https:\/\/api.w.org\/{rel}","templated":true}]}}