{"id":48518,"date":"2024-11-09T20:20:16","date_gmt":"2024-11-09T20:20:16","guid":{"rendered":"https:\/\/haakaabaltic.com\/?page_id=48518"},"modified":"2025-01-21T20:54:01","modified_gmt":"2025-01-21T20:54:01","slug":"privatuma-politika","status":"publish","type":"page","link":"https:\/\/haakaabaltic.com\/lv\/privatuma-politika\/","title":{"rendered":"Priv\u0101tuma politika"},"content":{"rendered":"\n<h2 class=\"wp-block-heading\"><\/h2>\n\n\n\n<p><strong>1. Visp\u0101r\u012bgie noteikumi<\/strong><\/p>\n\n\n\n<p>1.1. \u0160\u012b priv\u0101tuma politika regul\u0113 personas datu v\u0101k\u0161anas, apstr\u0101des un glab\u0101\u0161anas principus. Personas datus apstr\u0101d\u0101 un glab\u0101 SIA Brand Bar, kas darbojas z\u012bmola Haakaa Baltic v\u0101rd\u0101 (turpm\u0101k tekst\u0101 &#8220;Datu p\u0101rzinis&#8221;), un ir atbild\u012bgs par personas datu apstr\u0101di.<\/p>\n\n\n\n<p>1.2. \u0160\u012bs priv\u0101tuma politikas ietvaros datu subjekts ir klients vai cita fiziska persona, kuru personas dati tiek apstr\u0101d\u0101ti Datu p\u0101rzi\u0146a.<\/p>\n\n\n\n<p>1.3. \u0160\u012bs priv\u0101tuma politikas ietvaros klients ir ikviens, kur\u0161 ieg\u0101d\u0101jas preces vai pakalpojumus Datu p\u0101rzi\u0146a m\u0101jaslap\u0101.<\/p>\n\n\n\n<p>1.4. Datu p\u0101rzinis iev\u0113ro likumdo\u0161an\u0101 noteiktos principus attiec\u012bb\u0101 uz personas datu apstr\u0101di un apstr\u0101d\u0101 personas datus likum\u012bgi, god\u012bgi un dro\u0161i. Datu p\u0101rzinis nodro\u0161ina, ka personas dati tiek apstr\u0101d\u0101ti atbilsto\u0161i likumdo\u0161anas pras\u012bb\u0101m.<\/p>\n\n\n\n<p><strong>2. Personas datu v\u0101k\u0161ana, apstr\u0101de un glab\u0101\u0161ana<\/strong><\/p>\n\n\n\n<p>2.1. Personas dati, kurus v\u0101c, apstr\u0101d\u0101 un glab\u0101 Datu p\u0101rzinis, tiek v\u0101kti elektroniski, izmantojot m\u0101jaslapu un e-pastu.<\/p>\n\n\n\n<p>2.2. Daloties ar saviem personas datiem, datu subjekts pie\u0161\u0137ir Datu p\u0101rzinim ties\u012bbas v\u0101kt, sak\u0101rtot, izmantot un p\u0101rvald\u012bt personas datus, kurus datu subjekts ir sniedzis tie\u0161i vai netie\u0161i, ieg\u0101d\u0101joties preces vai pakalpojumus m\u0101jaslap\u0101, atbilsto\u0161i \u0161aj\u0101 priv\u0101tuma politik\u0101 noteiktajiem m\u0113r\u0137iem.<\/p>\n\n\n\n<p>2.3. Datu subjekts ir atbild\u012bgs par sniegto datu precizit\u0101ti, pareiz\u012bbu un piln\u012bgumu. Apzin\u0101ti maldino\u0161u datu snieg\u0161ana ir \u0161\u012bs priv\u0101tuma politikas p\u0101rk\u0101pums. Datu subjekts nekav\u0113joties j\u0101inform\u0113 Datu p\u0101rzinis par jebkur\u0101m izmai\u0146\u0101m sniegtajos datos.<\/p>\n\n\n\n<p>2.4. Datu p\u0101rzinis nav atbild\u012bgs par jebk\u0101diem zaud\u0113jumiem vai boj\u0101jumiem, kas radu\u0161ies datu subjektam vai tre\u0161ajai personai, ja datu subjekts ir sniedzis nepatiesus datus.<\/p>\n\n\n\n<p><strong>3. Klientu personas datu apstr\u0101de<\/strong><\/p>\n\n\n\n<p>3.1. Datu p\u0101rzinis var apstr\u0101d\u0101t \u0161\u0101dus datu subjekta personas datus:<\/p>\n\n\n\n<ul class=\"wp-block-list\">\n<li>V\u0101rds un uzv\u0101rds;<\/li>\n\n\n\n<li>Dzim\u0161anas datums;<\/li>\n\n\n\n<li>T\u0101lru\u0146a numurs;<\/li>\n\n\n\n<li>E-pasta adrese;<\/li>\n\n\n\n<li>Pieg\u0101des adrese;<\/li>\n\n\n\n<li>Bankas konta numurs;<\/li>\n\n\n\n<li>Maks\u0101jumu inform\u0101cija, kas nepiecie\u0161ama dar\u012bjumu pabeig\u0161anai.<\/li>\n<\/ul>\n\n\n\n<p>3.2. Datu p\u0101rzinis var ar\u012b ieg\u016bt datus par klientu no publiskiem re\u0123istriem, ja tas ir piem\u0113rojams.<\/p>\n\n\n\n<p>3.3. Personas datu apstr\u0101des tiesiskais pamats ir noteikts Visp\u0101r\u012bgaj\u0101 datu aizsardz\u012bbas regul\u0101 (GDPR) 6. panta 1. punkt\u0101:<\/p>\n\n\n\n<ul class=\"wp-block-list\">\n<li>(a) Datu subjekts ir devis piekri\u0161anu vienam vai vair\u0101kiem konkr\u0113tiem m\u0113r\u0137iem.<\/li>\n\n\n\n<li>(b) Apstr\u0101de ir nepiecie\u0161ama l\u012bguma izpildei, kur\u0101 datu subjekts ir puse.<\/li>\n\n\n\n<li>(c) Apstr\u0101de ir nepiecie\u0161ama, lai izpild\u012btu juridisku pien\u0101kumu.<\/li>\n\n\n\n<li>(f) Apstr\u0101de ir nepiecie\u0161ama, lai \u012bstenotu Datu p\u0101rzi\u0146a vai tre\u0161\u0101s puses likum\u012bg\u0101s intereses, iz\u0146emot gad\u012bjumus, kad t\u0101s tiek p\u0101rsp\u0113tas ar datu subjekta interes\u0113m vai ties\u012bb\u0101m.<\/li>\n<\/ul>\n\n\n\n<p>3.4. Personas datu apstr\u0101de atbilsto\u0161i apstr\u0101des m\u0113r\u0137iem:<\/p>\n\n\n\n<ul class=\"wp-block-list\">\n<li><strong>Dro\u0161\u012bba un aizsardz\u012bba<\/strong>: Dati tiek glab\u0101ti atbilsto\u0161i likumdo\u0161anas pras\u012bb\u0101m.<\/li>\n\n\n\n<li><strong>Pas\u016bt\u012bjuma apstr\u0101de<\/strong>: Dati tiek glab\u0101ti l\u012bdz 7 gadiem atbilsto\u0161i gr\u0101matved\u012bbas norm\u0101m.<\/li>\n\n\n\n<li><strong>Tie\u0161saistes veikala pakalpojumu nodro\u0161in\u0101\u0161ana<\/strong>: Dati tiek glab\u0101ti, kam\u0113r konts ir akt\u012bvs vai 2 gadus p\u0113c neaktivit\u0101tes.<\/li>\n\n\n\n<li><strong>Klientu apkalpo\u0161ana<\/strong>: Dati tiek glab\u0101ti l\u012bdz 5 gadiem p\u0113c p\u0113d\u0113j\u0101 dar\u012bjuma.<\/li>\n\n\n\n<li><strong>Finan\u0161u darb\u012bbas un gr\u0101matved\u012bba<\/strong>: Dati tiek glab\u0101ti l\u012bdz 7 gadiem atbilsto\u0161i piem\u0113rojamajiem likumiem.<\/li>\n\n\n\n<li><strong>M\u0101rketings<\/strong>: Dati tiek glab\u0101ti l\u012bdz 2 gadiem p\u0113c piekri\u0161anas sa\u0146em\u0161anas vai l\u012bdz piekri\u0161ana tiek atsaukta.<\/li>\n<\/ul>\n\n\n\n<p>3.5. Datu p\u0101rzinis var dal\u012bties ar personas datiem ar tre\u0161aj\u0101m person\u0101m, piem\u0113ram, apstr\u0101d\u0101t\u0101jiem, gr\u0101matve\u017eiem, transporta un kurjeru uz\u0146\u0113mumiem un maks\u0101jumu pakalpojumu sniedz\u0113jiem. Maks\u0101jumiem nepiecie\u0161amie personas dati tiek nodoti maks\u0101jumu apstr\u0101d\u0101t\u0101jam Maksekeskus AS.<\/p>\n\n\n\n<p>3.6. Datu p\u0101rzinis ievie\u0161 organizatoriskus un tehniskus pas\u0101kumus, lai nodro\u0161in\u0101tu personas datu dro\u0161\u012bbu un aizsarg\u0101tu tos pret nejau\u0161u vai nelikum\u012bgu izn\u012bcin\u0101\u0161anu, izmai\u0146\u0101m, atkl\u0101\u0161anu un citu nelikum\u012bgu apstr\u0101di.<\/p>\n\n\n\n<p>3.7. Datu p\u0101rzinis glab\u0101 personas datus uz iepriek\u0161 min\u0113tajiem laika periodiem, atkar\u012bb\u0101 no apstr\u0101des m\u0113r\u0137a.<\/p>\n\n\n\n<p><strong>4. Datu subjekta ties\u012bbas<\/strong><\/p>\n\n\n\n<p>4.1. Datu subjektam ir ties\u012bbas piek\u013c\u016bt un p\u0101rbaud\u012bt savus personas datus.<\/p>\n\n\n\n<p>4.2. Datu subjektam ir ties\u012bbas ieg\u016bt inform\u0101ciju par savu personas datu apstr\u0101di.<\/p>\n\n\n\n<p>4.3. Datu subjektam ir ties\u012bbas labot vai kori\u0123\u0113t neprec\u012bzus datus.<\/p>\n\n\n\n<p>4.4. Ja personas dati tiek apstr\u0101d\u0101ti, pamatojoties uz piekri\u0161anu, datu subjektam ir ties\u012bbas jebkur\u0101 laik\u0101 atsaukt savu piekri\u0161anu.<\/p>\n\n\n\n<p>4.5. Lai izmantotu \u0161\u012bs ties\u012bbas, datu subjekts var sazin\u0101ties ar klientu atbalsta dienestu pa e-pastu haakaabaltic@gmail.com.<\/p>\n\n\n\n<p>4.6. Datu subjekts var iesniegt s\u016bdz\u012bbu Datu aizsardz\u012bbas iest\u0101d\u0113 sav\u0101 valst\u012b, ja uzskata, ka vi\u0146u ties\u012bbas ir p\u0101rk\u0101ptas.<\/p>\n\n\n\n<p><strong>5. Nosl\u0113guma noteikumi<\/strong><\/p>\n\n\n\n<p>5.1. \u0160\u012b priv\u0101tuma politika atbilst Regulas (ES) 2016\/679 (Visp\u0101r\u012bg\u0101 datu aizsardz\u012bbas regula) un piem\u0113rojamajiem likumiem Igaunij\u0101, Latvij\u0101 un Lietuv\u0101.<\/p>\n\n\n\n<p>5.2. Datu p\u0101rzinis patur ties\u012bbas groz\u012bt \u0161o priv\u0101tuma politiku. Datu subjekti tiks inform\u0113ti par izmai\u0146\u0101m, izmantojot m\u0101jaslapu www.haakaabaltic.com.<\/p>\n","protected":false},"excerpt":{"rendered":"<p>1. Visp\u0101r\u012bgie noteikumi 1.1. \u0160\u012b priv\u0101tuma politika regul\u0113 personas datu v\u0101k\u0161anas, apstr\u0101des un glab\u0101\u0161anas principus. Personas datus apstr\u0101d\u0101 un glab\u0101 SIA Brand Bar, kas darbojas z\u012bmola Haakaa Baltic v\u0101rd\u0101 (turpm\u0101k tekst\u0101 &#8220;Datu p\u0101rzinis&#8221;), un ir atbild\u012bgs par personas datu apstr\u0101di. 1.2. \u0160\u012bs priv\u0101tuma politikas ietvaros datu subjekts ir klients vai cita fiziska persona, kuru personas [&hellip;]<\/p>\n","protected":false},"author":3,"featured_media":0,"parent":0,"menu_order":0,"comment_status":"closed","ping_status":"open","template":"","meta":{"footnotes":""},"class_list":["post-48518","page","type-page","status-publish","hentry"],"yoast_head":"<!-- This site is optimized with the Yoast SEO plugin v24.3 - https:\/\/yoast.com\/wordpress\/plugins\/seo\/ -->\n<title>Priv\u0101tuma politika - haakaabaltic.com<\/title>\n<meta name=\"robots\" content=\"index, follow, max-snippet:-1, max-image-preview:large, max-video-preview:-1\" \/>\n<link rel=\"canonical\" href=\"https:\/\/haakaabaltic.com\/privacy-policy\/\" \/>\n<meta property=\"og:locale\" content=\"lv_LV\" \/>\n<meta property=\"og:type\" content=\"article\" \/>\n<meta property=\"og:title\" content=\"Priv\u0101tuma politika - haakaabaltic.com\" \/>\n<meta property=\"og:description\" content=\"1. Visp\u0101r\u012bgie noteikumi 1.1. \u0160\u012b priv\u0101tuma politika regul\u0113 personas datu v\u0101k\u0161anas, apstr\u0101des un glab\u0101\u0161anas principus. Personas datus apstr\u0101d\u0101 un glab\u0101 SIA Brand Bar, kas darbojas z\u012bmola Haakaa Baltic v\u0101rd\u0101 (turpm\u0101k tekst\u0101 &#8220;Datu p\u0101rzinis&#8221;), un ir atbild\u012bgs par personas datu apstr\u0101di. 1.2. \u0160\u012bs priv\u0101tuma politikas ietvaros datu subjekts ir klients vai cita fiziska persona, kuru personas [&hellip;]\" \/>\n<meta property=\"og:url\" content=\"https:\/\/haakaabaltic.com\/privacy-policy\/\" \/>\n<meta property=\"og:site_name\" content=\"haakaabaltic.com\" \/>\n<meta property=\"article:publisher\" content=\"https:\/\/www.facebook.com\/share\/1A2a9UZQB4\/?mibextid=wwXIfr\" \/>\n<meta property=\"article:modified_time\" content=\"2025-01-21T20:54:01+00:00\" \/>\n<meta name=\"twitter:card\" content=\"summary_large_image\" \/>\n<meta name=\"twitter:label1\" content=\"Est. reading time\" \/>\n\t<meta name=\"twitter:data1\" content=\"4 minutes\" \/>\n<script type=\"application\/ld+json\" class=\"yoast-schema-graph\">{\"@context\":\"https:\/\/schema.org\",\"@graph\":[{\"@type\":\"WebPage\",\"@id\":\"https:\/\/haakaabaltic.com\/privacy-policy\/\",\"url\":\"https:\/\/haakaabaltic.com\/privacy-policy\/\",\"name\":\"Priv\u0101tuma politika - haakaabaltic.com\",\"isPartOf\":{\"@id\":\"https:\/\/haakaabaltic.com\/#website\"},\"datePublished\":\"2024-11-09T20:20:16+00:00\",\"dateModified\":\"2025-01-21T20:54:01+00:00\",\"breadcrumb\":{\"@id\":\"https:\/\/haakaabaltic.com\/privacy-policy\/#breadcrumb\"},\"inLanguage\":\"lv-LV\",\"potentialAction\":[{\"@type\":\"ReadAction\",\"target\":[\"https:\/\/haakaabaltic.com\/privacy-policy\/\"]}]},{\"@type\":\"BreadcrumbList\",\"@id\":\"https:\/\/haakaabaltic.com\/privacy-policy\/#breadcrumb\",\"itemListElement\":[{\"@type\":\"ListItem\",\"position\":1,\"name\":\"Home\",\"item\":\"https:\/\/haakaabaltic.com\/lv\/\"},{\"@type\":\"ListItem\",\"position\":2,\"name\":\"Priv\u0101tuma politika\"}]},{\"@type\":\"WebSite\",\"@id\":\"https:\/\/haakaabaltic.com\/#website\",\"url\":\"https:\/\/haakaabaltic.com\/\",\"name\":\"haakaabaltic.com\",\"description\":\"\",\"publisher\":{\"@id\":\"https:\/\/haakaabaltic.com\/#organization\"},\"potentialAction\":[{\"@type\":\"SearchAction\",\"target\":{\"@type\":\"EntryPoint\",\"urlTemplate\":\"https:\/\/haakaabaltic.com\/?s={search_term_string}\"},\"query-input\":{\"@type\":\"PropertyValueSpecification\",\"valueRequired\":true,\"valueName\":\"search_term_string\"}}],\"inLanguage\":\"lv-LV\"},{\"@type\":\"Organization\",\"@id\":\"https:\/\/haakaabaltic.com\/#organization\",\"name\":\"haakaabaltic.com\",\"url\":\"https:\/\/haakaabaltic.com\/\",\"logo\":{\"@type\":\"ImageObject\",\"inLanguage\":\"lv-LV\",\"@id\":\"https:\/\/haakaabaltic.com\/#\/schema\/logo\/image\/\",\"url\":\"https:\/\/haakaabaltic.com\/wp-content\/uploads\/2025\/01\/haakaa-logo.svg\",\"contentUrl\":\"https:\/\/haakaabaltic.com\/wp-content\/uploads\/2025\/01\/haakaa-logo.svg\",\"width\":2232,\"height\":1803,\"caption\":\"haakaabaltic.com\"},\"image\":{\"@id\":\"https:\/\/haakaabaltic.com\/#\/schema\/logo\/image\/\"},\"sameAs\":[\"https:\/\/www.facebook.com\/share\/1A2a9UZQB4\/?mibextid=wwXIfr\"]}]}<\/script>\n<!-- \/ Yoast SEO plugin. -->","yoast_head_json":{"title":"Priv\u0101tuma politika - haakaabaltic.com","robots":{"index":"index","follow":"follow","max-snippet":"max-snippet:-1","max-image-preview":"max-image-preview:large","max-video-preview":"max-video-preview:-1"},"canonical":"https:\/\/haakaabaltic.com\/privacy-policy\/","og_locale":"lv_LV","og_type":"article","og_title":"Priv\u0101tuma politika - haakaabaltic.com","og_description":"1. Visp\u0101r\u012bgie noteikumi 1.1. \u0160\u012b priv\u0101tuma politika regul\u0113 personas datu v\u0101k\u0161anas, apstr\u0101des un glab\u0101\u0161anas principus. Personas datus apstr\u0101d\u0101 un glab\u0101 SIA Brand Bar, kas darbojas z\u012bmola Haakaa Baltic v\u0101rd\u0101 (turpm\u0101k tekst\u0101 &#8220;Datu p\u0101rzinis&#8221;), un ir atbild\u012bgs par personas datu apstr\u0101di. 1.2. \u0160\u012bs priv\u0101tuma politikas ietvaros datu subjekts ir klients vai cita fiziska persona, kuru personas [&hellip;]","og_url":"https:\/\/haakaabaltic.com\/privacy-policy\/","og_site_name":"haakaabaltic.com","article_publisher":"https:\/\/www.facebook.com\/share\/1A2a9UZQB4\/?mibextid=wwXIfr","article_modified_time":"2025-01-21T20:54:01+00:00","twitter_card":"summary_large_image","twitter_misc":{"Est. reading time":"4 minutes"},"schema":{"@context":"https:\/\/schema.org","@graph":[{"@type":"WebPage","@id":"https:\/\/haakaabaltic.com\/privacy-policy\/","url":"https:\/\/haakaabaltic.com\/privacy-policy\/","name":"Priv\u0101tuma politika - haakaabaltic.com","isPartOf":{"@id":"https:\/\/haakaabaltic.com\/#website"},"datePublished":"2024-11-09T20:20:16+00:00","dateModified":"2025-01-21T20:54:01+00:00","breadcrumb":{"@id":"https:\/\/haakaabaltic.com\/privacy-policy\/#breadcrumb"},"inLanguage":"lv-LV","potentialAction":[{"@type":"ReadAction","target":["https:\/\/haakaabaltic.com\/privacy-policy\/"]}]},{"@type":"BreadcrumbList","@id":"https:\/\/haakaabaltic.com\/privacy-policy\/#breadcrumb","itemListElement":[{"@type":"ListItem","position":1,"name":"Home","item":"https:\/\/haakaabaltic.com\/lv\/"},{"@type":"ListItem","position":2,"name":"Priv\u0101tuma politika"}]},{"@type":"WebSite","@id":"https:\/\/haakaabaltic.com\/#website","url":"https:\/\/haakaabaltic.com\/","name":"haakaabaltic.com","description":"","publisher":{"@id":"https:\/\/haakaabaltic.com\/#organization"},"potentialAction":[{"@type":"SearchAction","target":{"@type":"EntryPoint","urlTemplate":"https:\/\/haakaabaltic.com\/?s={search_term_string}"},"query-input":{"@type":"PropertyValueSpecification","valueRequired":true,"valueName":"search_term_string"}}],"inLanguage":"lv-LV"},{"@type":"Organization","@id":"https:\/\/haakaabaltic.com\/#organization","name":"haakaabaltic.com","url":"https:\/\/haakaabaltic.com\/","logo":{"@type":"ImageObject","inLanguage":"lv-LV","@id":"https:\/\/haakaabaltic.com\/#\/schema\/logo\/image\/","url":"https:\/\/haakaabaltic.com\/wp-content\/uploads\/2025\/01\/haakaa-logo.svg","contentUrl":"https:\/\/haakaabaltic.com\/wp-content\/uploads\/2025\/01\/haakaa-logo.svg","width":2232,"height":1803,"caption":"haakaabaltic.com"},"image":{"@id":"https:\/\/haakaabaltic.com\/#\/schema\/logo\/image\/"},"sameAs":["https:\/\/www.facebook.com\/share\/1A2a9UZQB4\/?mibextid=wwXIfr"]}]}},"_links":{"self":[{"href":"https:\/\/haakaabaltic.com\/lv\/wp-json\/wp\/v2\/pages\/48518","targetHints":{"allow":["GET"]}}],"collection":[{"href":"https:\/\/haakaabaltic.com\/lv\/wp-json\/wp\/v2\/pages"}],"about":[{"href":"https:\/\/haakaabaltic.com\/lv\/wp-json\/wp\/v2\/types\/page"}],"author":[{"embeddable":true,"href":"https:\/\/haakaabaltic.com\/lv\/wp-json\/wp\/v2\/users\/3"}],"replies":[{"embeddable":true,"href":"https:\/\/haakaabaltic.com\/lv\/wp-json\/wp\/v2\/comments?post=48518"}],"version-history":[{"count":1,"href":"https:\/\/haakaabaltic.com\/lv\/wp-json\/wp\/v2\/pages\/48518\/revisions"}],"predecessor-version":[{"id":48519,"href":"https:\/\/haakaabaltic.com\/lv\/wp-json\/wp\/v2\/pages\/48518\/revisions\/48519"}],"wp:attachment":[{"href":"https:\/\/haakaabaltic.com\/lv\/wp-json\/wp\/v2\/media?parent=48518"}],"curies":[{"name":"wp","href":"https:\/\/api.w.org\/{rel}","templated":true}]}}