{"id":47884,"date":"2024-12-27T21:18:46","date_gmt":"2024-12-27T21:18:46","guid":{"rendered":"https:\/\/haakaabaltic.com\/?post_type=product&#038;p=47884"},"modified":"2026-04-06T09:57:37","modified_gmt":"2026-04-06T06:57:37","slug":"baby-nail-care-set","status":"publish","type":"product","link":"https:\/\/haakaabaltic.com\/lt\/produktas\/baby-nail-care-set\/","title":{"rendered":"K\u016bdiki\u0173 Nag\u0173 Prie\u017ei\u016bros Rinkinys"},"content":{"rendered":"<p><span data-sheets-root=\"1\">M\u016bs\u0173 k\u016bdiki\u0173 nag\u0173 prie\u017ei\u016bros rinkinys turi dvi sukimosi kryptis ir grei\u010dius, kad atitikt\u0173 j\u016bs\u0173 poreikius. Jis yra itin tylus, o jo gale yra lemput\u0117, kad b\u016bt\u0173 lengviau atlikti \u0161\u012f proces\u0105 nakt\u012f!<\/p>\n<p>Pritvirtinkite vaiko am\u017eiui tinkam\u0105 ma\u0161in\u0117l\u0117s pagalv\u0117l\u0119 ir po truputi dildykite nagus! Ma\u0161in\u0117l\u0117s pagalv\u0117l\u0117s padaro j\u016bs\u0173 k\u016bdikio nagus lygius ir nepalieka a\u0161tri\u0173 kra\u0161t\u0173, kurie gali subrai\u017eyti gle\u017en\u0105 od\u0105. Taip pat \u012ftrauk\u0117me metalin\u0119 pagalv\u0117l\u0119 ir k\u016bg\u012f, kad t\u0117vai taip pat gal\u0117t\u0173 dildyti nagus!<\/p>\n<p><strong>Komplekte yra:<\/strong><br \/>\n<strong>1 x elektrin\u0117s nag\u0173 kirpimo ma\u0161in\u0117l\u0117s korpusas<\/strong><br \/>\n<strong>6 x nag\u0173 kirpimo pagalv\u0117l\u0117s<\/strong><br \/>\n<strong>1 x saugojimo d\u0117klas<\/strong><\/p>\n<p><strong>Reikalingos 2 x AA baterijos (\u012f komplekt\u0105 ne\u012feina).<\/strong><\/span><\/p>\n","protected":false},"excerpt":{"rendered":"<p><span data-sheets-root=\"1\">Haakaa k\u016bdiki\u0173 nag\u0173 prie\u017ei\u016bros rinkinys leid\u017eia saugiai nukirpti k\u016bdikio nagus, be a\u0161tri\u0173 \u017eirkli\u0173 ar karpikli\u0173 naudojimo! M\u016bs\u0173 ma\u017eas prietaisas pa\u0161alina rizik\u0105 su\u017eeisti j\u016bs\u0173 vaiko od\u0105, tod\u0117l tas baisus nag\u0173 kirpimas paver\u010diamas kokybi\u0161ku suart\u0117jimo laiku.<br \/>\n<\/span><\/p>\n","protected":false},"featured_media":47867,"comment_status":"open","ping_status":"closed","template":"","meta":[],"product_brand":[],"product_cat":[316,481,284],"product_tag":[],"class_list":{"0":"post-47884","1":"product","2":"type-product","3":"status-publish","4":"has-post-thumbnail","6":"product_cat-nagu-prieziura","7":"product_cat-prieziura-ir-higiena","8":"product_cat-visi-produktai","11":"first","12":"instock","13":"featured","14":"taxable","15":"shipping-taxable","16":"purchasable","17":"product-type-variable"},"yoast_head":"<!-- This site is optimized with the Yoast SEO plugin v24.3 - https:\/\/yoast.com\/wordpress\/plugins\/seo\/ -->\n<title>K\u016bdiki\u0173 Nag\u0173 Prie\u017ei\u016bros Rinkinys - haakaabaltic.com<\/title>\n<meta name=\"robots\" content=\"index, follow, max-snippet:-1, max-image-preview:large, max-video-preview:-1\" \/>\n<link rel=\"canonical\" href=\"https:\/\/haakaabaltic.com\/lt\/produktas\/baby-nail-care-set\/\" \/>\n<meta property=\"og:locale\" content=\"lt_LT\" \/>\n<meta property=\"og:type\" content=\"article\" \/>\n<meta property=\"og:title\" content=\"K\u016bdiki\u0173 Nag\u0173 Prie\u017ei\u016bros Rinkinys - haakaabaltic.com\" \/>\n<meta property=\"og:description\" content=\"Haakaa k\u016bdiki\u0173 nag\u0173 prie\u017ei\u016bros rinkinys leid\u017eia saugiai nukirpti k\u016bdikio nagus, be a\u0161tri\u0173 \u017eirkli\u0173 ar karpikli\u0173 naudojimo! M\u016bs\u0173 ma\u017eas prietaisas pa\u0161alina rizik\u0105 su\u017eeisti j\u016bs\u0173 vaiko od\u0105, tod\u0117l tas baisus nag\u0173 kirpimas paver\u010diamas kokybi\u0161ku suart\u0117jimo laiku.\" \/>\n<meta property=\"og:url\" content=\"https:\/\/haakaabaltic.com\/lt\/produktas\/baby-nail-care-set\/\" \/>\n<meta property=\"og:site_name\" content=\"haakaabaltic.com\" \/>\n<meta property=\"article:publisher\" content=\"https:\/\/www.facebook.com\/share\/1A2a9UZQB4\/?mibextid=wwXIfr\" \/>\n<meta property=\"article:modified_time\" content=\"2026-04-06T06:57:37+00:00\" \/>\n<meta property=\"og:image\" content=\"https:\/\/haakaabaltic.com\/wp-content\/uploads\/2025\/01\/favicon-haakaa-250x250-1.png\" \/>\n\t<meta property=\"og:image:width\" content=\"1000\" \/>\n\t<meta property=\"og:image:height\" content=\"1000\" \/>\n\t<meta property=\"og:image:type\" content=\"image\/jpeg\" \/>\n<meta name=\"twitter:card\" content=\"summary_large_image\" \/>\n<meta name=\"twitter:label1\" content=\"Est. reading time\" \/>\n\t<meta name=\"twitter:data1\" content=\"1 minut\u0117\" \/>\n<script type=\"application\/ld+json\" class=\"yoast-schema-graph\">{\"@context\":\"https:\/\/schema.org\",\"@graph\":[{\"@type\":\"WebPage\",\"@id\":\"https:\/\/haakaabaltic.com\/lt\/produktas\/baby-nail-care-set\/\",\"url\":\"https:\/\/haakaabaltic.com\/lt\/produktas\/baby-nail-care-set\/\",\"name\":\"K\u016bdiki\u0173 Nag\u0173 Prie\u017ei\u016bros Rinkinys - haakaabaltic.com\",\"isPartOf\":{\"@id\":\"https:\/\/haakaabaltic.com\/#website\"},\"primaryImageOfPage\":{\"@id\":\"https:\/\/haakaabaltic.com\/lt\/produktas\/baby-nail-care-set\/#primaryimage\"},\"image\":{\"@id\":\"https:\/\/haakaabaltic.com\/lt\/produktas\/baby-nail-care-set\/#primaryimage\"},\"thumbnailUrl\":\"https:\/\/haakaabaltic.com\/wp-content\/uploads\/2024\/12\/SGE004-PKG-4.jpg\",\"datePublished\":\"2024-12-27T21:18:46+00:00\",\"dateModified\":\"2026-04-06T06:57:37+00:00\",\"breadcrumb\":{\"@id\":\"https:\/\/haakaabaltic.com\/lt\/produktas\/baby-nail-care-set\/#breadcrumb\"},\"inLanguage\":\"lt-LT\",\"potentialAction\":[{\"@type\":\"ReadAction\",\"target\":[\"https:\/\/haakaabaltic.com\/lt\/produktas\/baby-nail-care-set\/\"]}]},{\"@type\":\"ImageObject\",\"inLanguage\":\"lt-LT\",\"@id\":\"https:\/\/haakaabaltic.com\/lt\/produktas\/baby-nail-care-set\/#primaryimage\",\"url\":\"https:\/\/haakaabaltic.com\/wp-content\/uploads\/2024\/12\/SGE004-PKG-4.jpg\",\"contentUrl\":\"https:\/\/haakaabaltic.com\/wp-content\/uploads\/2024\/12\/SGE004-PKG-4.jpg\",\"width\":1000,\"height\":1000},{\"@type\":\"BreadcrumbList\",\"@id\":\"https:\/\/haakaabaltic.com\/lt\/produktas\/baby-nail-care-set\/#breadcrumb\",\"itemListElement\":[{\"@type\":\"ListItem\",\"position\":1,\"name\":\"Home\",\"item\":\"https:\/\/haakaabaltic.com\/lt\/\"},{\"@type\":\"ListItem\",\"position\":2,\"name\":\"Katalogas\",\"item\":\"https:\/\/haakaabaltic.com\/lt\/shop\/\"},{\"@type\":\"ListItem\",\"position\":3,\"name\":\"K\u016bdiki\u0173 Nag\u0173 Prie\u017ei\u016bros Rinkinys\"}]},{\"@type\":\"WebSite\",\"@id\":\"https:\/\/haakaabaltic.com\/#website\",\"url\":\"https:\/\/haakaabaltic.com\/\",\"name\":\"haakaabaltic.com\",\"description\":\"\",\"publisher\":{\"@id\":\"https:\/\/haakaabaltic.com\/#organization\"},\"potentialAction\":[{\"@type\":\"SearchAction\",\"target\":{\"@type\":\"EntryPoint\",\"urlTemplate\":\"https:\/\/haakaabaltic.com\/?s={search_term_string}\"},\"query-input\":{\"@type\":\"PropertyValueSpecification\",\"valueRequired\":true,\"valueName\":\"search_term_string\"}}],\"inLanguage\":\"lt-LT\"},{\"@type\":\"Organization\",\"@id\":\"https:\/\/haakaabaltic.com\/#organization\",\"name\":\"haakaabaltic.com\",\"url\":\"https:\/\/haakaabaltic.com\/\",\"logo\":{\"@type\":\"ImageObject\",\"inLanguage\":\"lt-LT\",\"@id\":\"https:\/\/haakaabaltic.com\/#\/schema\/logo\/image\/\",\"url\":\"https:\/\/haakaabaltic.com\/wp-content\/uploads\/2025\/01\/haakaa-logo.svg\",\"contentUrl\":\"https:\/\/haakaabaltic.com\/wp-content\/uploads\/2025\/01\/haakaa-logo.svg\",\"width\":2232,\"height\":1803,\"caption\":\"haakaabaltic.com\"},\"image\":{\"@id\":\"https:\/\/haakaabaltic.com\/#\/schema\/logo\/image\/\"},\"sameAs\":[\"https:\/\/www.facebook.com\/share\/1A2a9UZQB4\/?mibextid=wwXIfr\"]}]}<\/script>\n<!-- \/ Yoast SEO plugin. -->","yoast_head_json":{"title":"K\u016bdiki\u0173 Nag\u0173 Prie\u017ei\u016bros Rinkinys - haakaabaltic.com","robots":{"index":"index","follow":"follow","max-snippet":"max-snippet:-1","max-image-preview":"max-image-preview:large","max-video-preview":"max-video-preview:-1"},"canonical":"https:\/\/haakaabaltic.com\/lt\/produktas\/baby-nail-care-set\/","og_locale":"lt_LT","og_type":"article","og_title":"K\u016bdiki\u0173 Nag\u0173 Prie\u017ei\u016bros Rinkinys - haakaabaltic.com","og_description":"Haakaa k\u016bdiki\u0173 nag\u0173 prie\u017ei\u016bros rinkinys leid\u017eia saugiai nukirpti k\u016bdikio nagus, be a\u0161tri\u0173 \u017eirkli\u0173 ar karpikli\u0173 naudojimo! M\u016bs\u0173 ma\u017eas prietaisas pa\u0161alina rizik\u0105 su\u017eeisti j\u016bs\u0173 vaiko od\u0105, tod\u0117l tas baisus nag\u0173 kirpimas paver\u010diamas kokybi\u0161ku suart\u0117jimo laiku.","og_url":"https:\/\/haakaabaltic.com\/lt\/produktas\/baby-nail-care-set\/","og_site_name":"haakaabaltic.com","article_publisher":"https:\/\/www.facebook.com\/share\/1A2a9UZQB4\/?mibextid=wwXIfr","article_modified_time":"2026-04-06T06:57:37+00:00","og_image":[{"width":1000,"height":1000,"url":"https:\/\/haakaabaltic.com\/wp-content\/uploads\/2025\/01\/favicon-haakaa-250x250-1.png","type":"image\/jpeg"}],"twitter_card":"summary_large_image","twitter_misc":{"Est. reading time":"1 minut\u0117"},"schema":{"@context":"https:\/\/schema.org","@graph":[{"@type":"WebPage","@id":"https:\/\/haakaabaltic.com\/lt\/produktas\/baby-nail-care-set\/","url":"https:\/\/haakaabaltic.com\/lt\/produktas\/baby-nail-care-set\/","name":"K\u016bdiki\u0173 Nag\u0173 Prie\u017ei\u016bros Rinkinys - haakaabaltic.com","isPartOf":{"@id":"https:\/\/haakaabaltic.com\/#website"},"primaryImageOfPage":{"@id":"https:\/\/haakaabaltic.com\/lt\/produktas\/baby-nail-care-set\/#primaryimage"},"image":{"@id":"https:\/\/haakaabaltic.com\/lt\/produktas\/baby-nail-care-set\/#primaryimage"},"thumbnailUrl":"https:\/\/haakaabaltic.com\/wp-content\/uploads\/2024\/12\/SGE004-PKG-4.jpg","datePublished":"2024-12-27T21:18:46+00:00","dateModified":"2026-04-06T06:57:37+00:00","breadcrumb":{"@id":"https:\/\/haakaabaltic.com\/lt\/produktas\/baby-nail-care-set\/#breadcrumb"},"inLanguage":"lt-LT","potentialAction":[{"@type":"ReadAction","target":["https:\/\/haakaabaltic.com\/lt\/produktas\/baby-nail-care-set\/"]}]},{"@type":"ImageObject","inLanguage":"lt-LT","@id":"https:\/\/haakaabaltic.com\/lt\/produktas\/baby-nail-care-set\/#primaryimage","url":"https:\/\/haakaabaltic.com\/wp-content\/uploads\/2024\/12\/SGE004-PKG-4.jpg","contentUrl":"https:\/\/haakaabaltic.com\/wp-content\/uploads\/2024\/12\/SGE004-PKG-4.jpg","width":1000,"height":1000},{"@type":"BreadcrumbList","@id":"https:\/\/haakaabaltic.com\/lt\/produktas\/baby-nail-care-set\/#breadcrumb","itemListElement":[{"@type":"ListItem","position":1,"name":"Home","item":"https:\/\/haakaabaltic.com\/lt\/"},{"@type":"ListItem","position":2,"name":"Katalogas","item":"https:\/\/haakaabaltic.com\/lt\/shop\/"},{"@type":"ListItem","position":3,"name":"K\u016bdiki\u0173 Nag\u0173 Prie\u017ei\u016bros Rinkinys"}]},{"@type":"WebSite","@id":"https:\/\/haakaabaltic.com\/#website","url":"https:\/\/haakaabaltic.com\/","name":"haakaabaltic.com","description":"","publisher":{"@id":"https:\/\/haakaabaltic.com\/#organization"},"potentialAction":[{"@type":"SearchAction","target":{"@type":"EntryPoint","urlTemplate":"https:\/\/haakaabaltic.com\/?s={search_term_string}"},"query-input":{"@type":"PropertyValueSpecification","valueRequired":true,"valueName":"search_term_string"}}],"inLanguage":"lt-LT"},{"@type":"Organization","@id":"https:\/\/haakaabaltic.com\/#organization","name":"haakaabaltic.com","url":"https:\/\/haakaabaltic.com\/","logo":{"@type":"ImageObject","inLanguage":"lt-LT","@id":"https:\/\/haakaabaltic.com\/#\/schema\/logo\/image\/","url":"https:\/\/haakaabaltic.com\/wp-content\/uploads\/2025\/01\/haakaa-logo.svg","contentUrl":"https:\/\/haakaabaltic.com\/wp-content\/uploads\/2025\/01\/haakaa-logo.svg","width":2232,"height":1803,"caption":"haakaabaltic.com"},"image":{"@id":"https:\/\/haakaabaltic.com\/#\/schema\/logo\/image\/"},"sameAs":["https:\/\/www.facebook.com\/share\/1A2a9UZQB4\/?mibextid=wwXIfr"]}]}},"_links":{"self":[{"href":"https:\/\/haakaabaltic.com\/lt\/wp-json\/wp\/v2\/product\/47884","targetHints":{"allow":["GET"]}}],"collection":[{"href":"https:\/\/haakaabaltic.com\/lt\/wp-json\/wp\/v2\/product"}],"about":[{"href":"https:\/\/haakaabaltic.com\/lt\/wp-json\/wp\/v2\/types\/product"}],"replies":[{"embeddable":true,"href":"https:\/\/haakaabaltic.com\/lt\/wp-json\/wp\/v2\/comments?post=47884"}],"wp:featuredmedia":[{"embeddable":true,"href":"https:\/\/haakaabaltic.com\/lt\/wp-json\/wp\/v2\/media\/47867"}],"wp:attachment":[{"href":"https:\/\/haakaabaltic.com\/lt\/wp-json\/wp\/v2\/media?parent=47884"}],"wp:term":[{"taxonomy":"product_brand","embeddable":true,"href":"https:\/\/haakaabaltic.com\/lt\/wp-json\/wp\/v2\/product_brand?post=47884"},{"taxonomy":"product_cat","embeddable":true,"href":"https:\/\/haakaabaltic.com\/lt\/wp-json\/wp\/v2\/product_cat?post=47884"},{"taxonomy":"product_tag","embeddable":true,"href":"https:\/\/haakaabaltic.com\/lt\/wp-json\/wp\/v2\/product_tag?post=47884"}],"curies":[{"name":"wp","href":"https:\/\/api.w.org\/{rel}","templated":true}]}}