{"id":47809,"date":"2024-12-27T20:41:09","date_gmt":"2024-12-27T20:41:09","guid":{"rendered":"https:\/\/haakaabaltic.com\/?post_type=product&#038;p=47809"},"modified":"2026-02-16T10:21:16","modified_gmt":"2026-02-16T07:21:16","slug":"silicone-cleaning-brush-kit","status":"publish","type":"product","link":"https:\/\/haakaabaltic.com\/lt\/produktas\/silicone-cleaning-brush-kit\/","title":{"rendered":"Silikonini\u0173 Valymo \u0160epet\u0117li\u0173 Rinkinys"},"content":{"rendered":"<p><span data-sheets-root=\"1\">M\u016bs\u0173 dvipusis silikoninis \u0161epetys turi mink\u0161tus ir lanks\u010dius silikoninius \u0161erelius, kurie u\u017etikrina 360\u00b0 \u0161var\u0105 visiems j\u016bs\u0173 daiktams. Viename gale yra \u0161epet\u0117lio galvut\u0117, kurios dydis puikiai tinka j\u016bs\u0173 pientraukiams, buteliukams ir pieno laikymo mai\u0161eliams valyti, o kitame \u2013 \u0161epet\u0117lis su kampuotu antgaliu, kad pasiektum\u0117te buteliuko \u017einduk\u0173 kampus, pieno surink\u0117jus ir dar daugiau! \u0160iame rinkinyje taip pat yra du skirting\u0173 dyd\u017ei\u0173 silikonini\u0173 vamzdeli\u0173 \u0161epet\u0117liai su mink\u0161tais silikoniniais kra\u0161teliais, kurie padeda i\u0161valyti siaur\u0173 ang\u0173 vid\u0173, pvz., daugkartinio naudojimo \u0161iaudelius, prie\u0161pienio surink\u0117jus ir \u010diulptukus.<\/span><\/p>\n","protected":false},"excerpt":{"rendered":"<p><span data-sheets-root=\"1\">I\u0161valykite ir pri\u017ei\u016br\u0117kite savo k\u016bdikio ir motinyst\u0117s reikmenis su Haakaa silikonini\u0173 valymo \u0161epet\u0117li\u0173 rinkiniu! \u0160iame rinkinyje yra trys skirtingi \u0161epet\u0117liai, padedantys efektyviai nu\u0161veisti visus b\u016btiniausius daiktus, kad jie b\u016bt\u0173 saug\u016bs ir higieni\u0161ki.<br \/>\n<\/span><\/p>\n","protected":false},"featured_media":47785,"comment_status":"open","ping_status":"closed","template":"","meta":[],"product_brand":[],"product_cat":[284,292,312,396,308],"product_tag":[],"class_list":{"0":"post-47809","1":"product","2":"type-product","3":"status-publish","4":"has-post-thumbnail","6":"product_cat-visi-produktai","7":"product_cat-aksesuarai","8":"product_cat-maitinimas","9":"product_cat-aksesuarai-lt","10":"product_cat-valymas","13":"first","14":"instock","15":"taxable","16":"shipping-taxable","17":"purchasable","18":"product-type-variable"},"yoast_head":"<!-- This site is optimized with the Yoast SEO plugin v24.3 - https:\/\/yoast.com\/wordpress\/plugins\/seo\/ -->\n<title>Silikonini\u0173 Valymo \u0160epet\u0117li\u0173 Rinkinys - haakaabaltic.com<\/title>\n<meta name=\"robots\" content=\"index, follow, max-snippet:-1, max-image-preview:large, max-video-preview:-1\" \/>\n<link rel=\"canonical\" href=\"https:\/\/haakaabaltic.com\/lt\/produktas\/silicone-cleaning-brush-kit\/\" \/>\n<meta property=\"og:locale\" content=\"lt_LT\" \/>\n<meta property=\"og:type\" content=\"article\" \/>\n<meta property=\"og:title\" content=\"Silikonini\u0173 Valymo \u0160epet\u0117li\u0173 Rinkinys - haakaabaltic.com\" \/>\n<meta property=\"og:description\" content=\"I\u0161valykite ir pri\u017ei\u016br\u0117kite savo k\u016bdikio ir motinyst\u0117s reikmenis su Haakaa silikonini\u0173 valymo \u0161epet\u0117li\u0173 rinkiniu! \u0160iame rinkinyje yra trys skirtingi \u0161epet\u0117liai, padedantys efektyviai nu\u0161veisti visus b\u016btiniausius daiktus, kad jie b\u016bt\u0173 saug\u016bs ir higieni\u0161ki.\" \/>\n<meta property=\"og:url\" content=\"https:\/\/haakaabaltic.com\/lt\/produktas\/silicone-cleaning-brush-kit\/\" \/>\n<meta property=\"og:site_name\" content=\"haakaabaltic.com\" \/>\n<meta property=\"article:publisher\" content=\"https:\/\/www.facebook.com\/share\/1A2a9UZQB4\/?mibextid=wwXIfr\" \/>\n<meta property=\"article:modified_time\" content=\"2026-02-16T07:21:16+00:00\" \/>\n<meta property=\"og:image\" content=\"https:\/\/haakaabaltic.com\/wp-content\/uploads\/2025\/01\/favicon-haakaa-250x250-1.png\" \/>\n\t<meta property=\"og:image:width\" content=\"1000\" \/>\n\t<meta property=\"og:image:height\" content=\"1000\" \/>\n\t<meta property=\"og:image:type\" content=\"image\/jpeg\" \/>\n<meta name=\"twitter:card\" content=\"summary_large_image\" \/>\n<script type=\"application\/ld+json\" class=\"yoast-schema-graph\">{\"@context\":\"https:\/\/schema.org\",\"@graph\":[{\"@type\":\"WebPage\",\"@id\":\"https:\/\/haakaabaltic.com\/lt\/produktas\/silicone-cleaning-brush-kit\/\",\"url\":\"https:\/\/haakaabaltic.com\/lt\/produktas\/silicone-cleaning-brush-kit\/\",\"name\":\"Silikonini\u0173 Valymo \u0160epet\u0117li\u0173 Rinkinys - haakaabaltic.com\",\"isPartOf\":{\"@id\":\"https:\/\/haakaabaltic.com\/#website\"},\"primaryImageOfPage\":{\"@id\":\"https:\/\/haakaabaltic.com\/lt\/produktas\/silicone-cleaning-brush-kit\/#primaryimage\"},\"image\":{\"@id\":\"https:\/\/haakaabaltic.com\/lt\/produktas\/silicone-cleaning-brush-kit\/#primaryimage\"},\"thumbnailUrl\":\"https:\/\/haakaabaltic.com\/wp-content\/uploads\/2024\/12\/BHK127-S-2.jpg\",\"datePublished\":\"2024-12-27T20:41:09+00:00\",\"dateModified\":\"2026-02-16T07:21:16+00:00\",\"breadcrumb\":{\"@id\":\"https:\/\/haakaabaltic.com\/lt\/produktas\/silicone-cleaning-brush-kit\/#breadcrumb\"},\"inLanguage\":\"lt-LT\",\"potentialAction\":[{\"@type\":\"ReadAction\",\"target\":[\"https:\/\/haakaabaltic.com\/lt\/produktas\/silicone-cleaning-brush-kit\/\"]}]},{\"@type\":\"ImageObject\",\"inLanguage\":\"lt-LT\",\"@id\":\"https:\/\/haakaabaltic.com\/lt\/produktas\/silicone-cleaning-brush-kit\/#primaryimage\",\"url\":\"https:\/\/haakaabaltic.com\/wp-content\/uploads\/2024\/12\/BHK127-S-2.jpg\",\"contentUrl\":\"https:\/\/haakaabaltic.com\/wp-content\/uploads\/2024\/12\/BHK127-S-2.jpg\",\"width\":1000,\"height\":1000},{\"@type\":\"BreadcrumbList\",\"@id\":\"https:\/\/haakaabaltic.com\/lt\/produktas\/silicone-cleaning-brush-kit\/#breadcrumb\",\"itemListElement\":[{\"@type\":\"ListItem\",\"position\":1,\"name\":\"Home\",\"item\":\"https:\/\/haakaabaltic.com\/lt\/\"},{\"@type\":\"ListItem\",\"position\":2,\"name\":\"Katalogas\",\"item\":\"https:\/\/haakaabaltic.com\/lt\/shop\/\"},{\"@type\":\"ListItem\",\"position\":3,\"name\":\"Silikonini\u0173 Valymo \u0160epet\u0117li\u0173 Rinkinys\"}]},{\"@type\":\"WebSite\",\"@id\":\"https:\/\/haakaabaltic.com\/#website\",\"url\":\"https:\/\/haakaabaltic.com\/\",\"name\":\"haakaabaltic.com\",\"description\":\"\",\"publisher\":{\"@id\":\"https:\/\/haakaabaltic.com\/#organization\"},\"potentialAction\":[{\"@type\":\"SearchAction\",\"target\":{\"@type\":\"EntryPoint\",\"urlTemplate\":\"https:\/\/haakaabaltic.com\/?s={search_term_string}\"},\"query-input\":{\"@type\":\"PropertyValueSpecification\",\"valueRequired\":true,\"valueName\":\"search_term_string\"}}],\"inLanguage\":\"lt-LT\"},{\"@type\":\"Organization\",\"@id\":\"https:\/\/haakaabaltic.com\/#organization\",\"name\":\"haakaabaltic.com\",\"url\":\"https:\/\/haakaabaltic.com\/\",\"logo\":{\"@type\":\"ImageObject\",\"inLanguage\":\"lt-LT\",\"@id\":\"https:\/\/haakaabaltic.com\/#\/schema\/logo\/image\/\",\"url\":\"https:\/\/haakaabaltic.com\/wp-content\/uploads\/2025\/01\/haakaa-logo.svg\",\"contentUrl\":\"https:\/\/haakaabaltic.com\/wp-content\/uploads\/2025\/01\/haakaa-logo.svg\",\"width\":2232,\"height\":1803,\"caption\":\"haakaabaltic.com\"},\"image\":{\"@id\":\"https:\/\/haakaabaltic.com\/#\/schema\/logo\/image\/\"},\"sameAs\":[\"https:\/\/www.facebook.com\/share\/1A2a9UZQB4\/?mibextid=wwXIfr\"]}]}<\/script>\n<!-- \/ Yoast SEO plugin. -->","yoast_head_json":{"title":"Silikonini\u0173 Valymo \u0160epet\u0117li\u0173 Rinkinys - haakaabaltic.com","robots":{"index":"index","follow":"follow","max-snippet":"max-snippet:-1","max-image-preview":"max-image-preview:large","max-video-preview":"max-video-preview:-1"},"canonical":"https:\/\/haakaabaltic.com\/lt\/produktas\/silicone-cleaning-brush-kit\/","og_locale":"lt_LT","og_type":"article","og_title":"Silikonini\u0173 Valymo \u0160epet\u0117li\u0173 Rinkinys - haakaabaltic.com","og_description":"I\u0161valykite ir pri\u017ei\u016br\u0117kite savo k\u016bdikio ir motinyst\u0117s reikmenis su Haakaa silikonini\u0173 valymo \u0161epet\u0117li\u0173 rinkiniu! \u0160iame rinkinyje yra trys skirtingi \u0161epet\u0117liai, padedantys efektyviai nu\u0161veisti visus b\u016btiniausius daiktus, kad jie b\u016bt\u0173 saug\u016bs ir higieni\u0161ki.","og_url":"https:\/\/haakaabaltic.com\/lt\/produktas\/silicone-cleaning-brush-kit\/","og_site_name":"haakaabaltic.com","article_publisher":"https:\/\/www.facebook.com\/share\/1A2a9UZQB4\/?mibextid=wwXIfr","article_modified_time":"2026-02-16T07:21:16+00:00","og_image":[{"width":1000,"height":1000,"url":"https:\/\/haakaabaltic.com\/wp-content\/uploads\/2025\/01\/favicon-haakaa-250x250-1.png","type":"image\/jpeg"}],"twitter_card":"summary_large_image","schema":{"@context":"https:\/\/schema.org","@graph":[{"@type":"WebPage","@id":"https:\/\/haakaabaltic.com\/lt\/produktas\/silicone-cleaning-brush-kit\/","url":"https:\/\/haakaabaltic.com\/lt\/produktas\/silicone-cleaning-brush-kit\/","name":"Silikonini\u0173 Valymo \u0160epet\u0117li\u0173 Rinkinys - haakaabaltic.com","isPartOf":{"@id":"https:\/\/haakaabaltic.com\/#website"},"primaryImageOfPage":{"@id":"https:\/\/haakaabaltic.com\/lt\/produktas\/silicone-cleaning-brush-kit\/#primaryimage"},"image":{"@id":"https:\/\/haakaabaltic.com\/lt\/produktas\/silicone-cleaning-brush-kit\/#primaryimage"},"thumbnailUrl":"https:\/\/haakaabaltic.com\/wp-content\/uploads\/2024\/12\/BHK127-S-2.jpg","datePublished":"2024-12-27T20:41:09+00:00","dateModified":"2026-02-16T07:21:16+00:00","breadcrumb":{"@id":"https:\/\/haakaabaltic.com\/lt\/produktas\/silicone-cleaning-brush-kit\/#breadcrumb"},"inLanguage":"lt-LT","potentialAction":[{"@type":"ReadAction","target":["https:\/\/haakaabaltic.com\/lt\/produktas\/silicone-cleaning-brush-kit\/"]}]},{"@type":"ImageObject","inLanguage":"lt-LT","@id":"https:\/\/haakaabaltic.com\/lt\/produktas\/silicone-cleaning-brush-kit\/#primaryimage","url":"https:\/\/haakaabaltic.com\/wp-content\/uploads\/2024\/12\/BHK127-S-2.jpg","contentUrl":"https:\/\/haakaabaltic.com\/wp-content\/uploads\/2024\/12\/BHK127-S-2.jpg","width":1000,"height":1000},{"@type":"BreadcrumbList","@id":"https:\/\/haakaabaltic.com\/lt\/produktas\/silicone-cleaning-brush-kit\/#breadcrumb","itemListElement":[{"@type":"ListItem","position":1,"name":"Home","item":"https:\/\/haakaabaltic.com\/lt\/"},{"@type":"ListItem","position":2,"name":"Katalogas","item":"https:\/\/haakaabaltic.com\/lt\/shop\/"},{"@type":"ListItem","position":3,"name":"Silikonini\u0173 Valymo \u0160epet\u0117li\u0173 Rinkinys"}]},{"@type":"WebSite","@id":"https:\/\/haakaabaltic.com\/#website","url":"https:\/\/haakaabaltic.com\/","name":"haakaabaltic.com","description":"","publisher":{"@id":"https:\/\/haakaabaltic.com\/#organization"},"potentialAction":[{"@type":"SearchAction","target":{"@type":"EntryPoint","urlTemplate":"https:\/\/haakaabaltic.com\/?s={search_term_string}"},"query-input":{"@type":"PropertyValueSpecification","valueRequired":true,"valueName":"search_term_string"}}],"inLanguage":"lt-LT"},{"@type":"Organization","@id":"https:\/\/haakaabaltic.com\/#organization","name":"haakaabaltic.com","url":"https:\/\/haakaabaltic.com\/","logo":{"@type":"ImageObject","inLanguage":"lt-LT","@id":"https:\/\/haakaabaltic.com\/#\/schema\/logo\/image\/","url":"https:\/\/haakaabaltic.com\/wp-content\/uploads\/2025\/01\/haakaa-logo.svg","contentUrl":"https:\/\/haakaabaltic.com\/wp-content\/uploads\/2025\/01\/haakaa-logo.svg","width":2232,"height":1803,"caption":"haakaabaltic.com"},"image":{"@id":"https:\/\/haakaabaltic.com\/#\/schema\/logo\/image\/"},"sameAs":["https:\/\/www.facebook.com\/share\/1A2a9UZQB4\/?mibextid=wwXIfr"]}]}},"_links":{"self":[{"href":"https:\/\/haakaabaltic.com\/lt\/wp-json\/wp\/v2\/product\/47809","targetHints":{"allow":["GET"]}}],"collection":[{"href":"https:\/\/haakaabaltic.com\/lt\/wp-json\/wp\/v2\/product"}],"about":[{"href":"https:\/\/haakaabaltic.com\/lt\/wp-json\/wp\/v2\/types\/product"}],"replies":[{"embeddable":true,"href":"https:\/\/haakaabaltic.com\/lt\/wp-json\/wp\/v2\/comments?post=47809"}],"wp:featuredmedia":[{"embeddable":true,"href":"https:\/\/haakaabaltic.com\/lt\/wp-json\/wp\/v2\/media\/47785"}],"wp:attachment":[{"href":"https:\/\/haakaabaltic.com\/lt\/wp-json\/wp\/v2\/media?parent=47809"}],"wp:term":[{"taxonomy":"product_brand","embeddable":true,"href":"https:\/\/haakaabaltic.com\/lt\/wp-json\/wp\/v2\/product_brand?post=47809"},{"taxonomy":"product_cat","embeddable":true,"href":"https:\/\/haakaabaltic.com\/lt\/wp-json\/wp\/v2\/product_cat?post=47809"},{"taxonomy":"product_tag","embeddable":true,"href":"https:\/\/haakaabaltic.com\/lt\/wp-json\/wp\/v2\/product_tag?post=47809"}],"curies":[{"name":"wp","href":"https:\/\/api.w.org\/{rel}","templated":true}]}}