{"id":47336,"date":"2024-12-18T16:55:28","date_gmt":"2024-12-18T16:55:28","guid":{"rendered":"https:\/\/haakaabaltic.com\/?post_type=product&#038;p=47336"},"modified":"2026-04-06T09:59:55","modified_gmt":"2026-04-06T06:59:55","slug":"ladybug-silicone-breast-milk-collector","status":"publish","type":"product","link":"https:\/\/haakaabaltic.com\/lt\/produktas\/ladybug-silicone-breast-milk-collector\/","title":{"rendered":"Ladybug Silikoninis Pieno Surink\u0117jas"},"content":{"rendered":"<p><span data-sheets-root=\"1\">Vientisos konstrukcijos produktas siurbimo b\u016bdu prisitvirtina prie kr\u016bties ir saugiai bei diskreti\u0161kai \u012fsitaiso liemen\u0117l\u0117je. \u0160is \u012fsiurbimas yra lengvas ir \u0161velnus, kad i\u0161laikyt\u0173 gamin\u012f vietoje. Jis netraukia papildomo pieno, tod\u0117l idealiai tinka mamoms, kurioms savaime i\u0161teka motinos pienas ir kurios nori j\u012f i\u0161saugoti nedidindamos jo atsarg\u0173.<\/span><\/p>\n<p>Kol maitinate kr\u016btimi, galite u\u017esid\u0117ti Ladybug kitoje \u017eindymo liemenuko pus\u0117je, kad sulaikytum\u0117te i\u0161siskirianti pien\u0105, arba d\u0117v\u0117ti po vien\u0105 ant kiekvienos kr\u016bties liemen\u0117l\u0117je, kai tiesiog atliekate savo dienos darbus. Jis visi\u0161kai ne\u0161iojamas, o apa\u010dioje turi ma\u017eas kojeles, kad stov\u0117t\u0173 vertikaliai ant bet kokio lygaus pavir\u0161iaus, taip i\u0161vengiant i\u0161siliejimo po naudojimo.<\/p>\n<p>Baig\u0119 surinkti i\u0161siskyrus\u012f pien\u0105, atidarykite vir\u0161uje esant\u012f kam\u0161t\u012f ir saugiai perpilkite pien\u0105 \u012f ind\u0105 ar buteliuk\u0105.<\/p>\n","protected":false},"excerpt":{"rendered":"<p><span data-sheets-root=\"1\">Haakaa Ladybug boru\u017e\u0117l\u0117s formos silikoninis motinos pieno surink\u0117jas yra puiki alternatyva mamoms, norin\u010dioms i\u0161saugoti kiekvien\u0105 nutek\u0117jus\u012f ir i\u0161siskyrus\u012f la\u0161\u0105, u\u017euot j\u012f sugeriant \u012fklotu.<br \/>\n<\/span><\/p>\n<h3 data-start=\"425\" data-end=\"510\"><span style=\"color: #69b23f;\"><em><strong>Pastaba: \u012esigijus Ladybug 2 rinktuv\u0173 rinkin\u012f \u2013 laikymo rankinukas DOVAN\u0172!<\/strong><\/em><\/span><\/h3>\n","protected":false},"featured_media":47287,"comment_status":"open","ping_status":"closed","template":"","meta":[],"product_brand":[],"product_cat":[284,288,301],"product_tag":[],"class_list":{"0":"post-47336","1":"product","2":"type-product","3":"status-publish","4":"has-post-thumbnail","6":"product_cat-visi-produktai","7":"product_cat-zindymas","8":"product_cat-surinkejas","11":"first","12":"instock","13":"featured","14":"taxable","15":"shipping-taxable","16":"purchasable","17":"product-type-variable"},"yoast_head":"<!-- This site is optimized with the Yoast SEO plugin v24.3 - https:\/\/yoast.com\/wordpress\/plugins\/seo\/ -->\n<title>Ladybug Silikoninis Pieno Surink\u0117jas - haakaabaltic.com<\/title>\n<meta name=\"robots\" content=\"index, follow, max-snippet:-1, max-image-preview:large, max-video-preview:-1\" \/>\n<link rel=\"canonical\" href=\"https:\/\/haakaabaltic.com\/lt\/produktas\/ladybug-silicone-breast-milk-collector\/\" \/>\n<meta property=\"og:locale\" content=\"lt_LT\" \/>\n<meta property=\"og:type\" content=\"article\" \/>\n<meta property=\"og:title\" content=\"Ladybug Silikoninis Pieno Surink\u0117jas - haakaabaltic.com\" \/>\n<meta property=\"og:description\" content=\"Haakaa Ladybug boru\u017e\u0117l\u0117s formos silikoninis motinos pieno surink\u0117jas yra puiki alternatyva mamoms, norin\u010dioms i\u0161saugoti kiekvien\u0105 nutek\u0117jus\u012f ir i\u0161siskyrus\u012f la\u0161\u0105, u\u017euot j\u012f sugeriant \u012fklotu.  Pastaba: \u012esigijus Ladybug 2 rinktuv\u0173 rinkin\u012f \u2013 laikymo rankinukas DOVAN\u0172!\" \/>\n<meta property=\"og:url\" content=\"https:\/\/haakaabaltic.com\/lt\/produktas\/ladybug-silicone-breast-milk-collector\/\" \/>\n<meta property=\"og:site_name\" content=\"haakaabaltic.com\" \/>\n<meta property=\"article:publisher\" content=\"https:\/\/www.facebook.com\/share\/1A2a9UZQB4\/?mibextid=wwXIfr\" \/>\n<meta property=\"article:modified_time\" content=\"2026-04-06T06:59:55+00:00\" \/>\n<meta property=\"og:image\" content=\"https:\/\/haakaabaltic.com\/wp-content\/uploads\/2025\/01\/favicon-haakaa-250x250-1.png\" \/>\n\t<meta property=\"og:image:width\" content=\"1000\" \/>\n\t<meta property=\"og:image:height\" content=\"1000\" \/>\n\t<meta property=\"og:image:type\" content=\"image\/jpeg\" \/>\n<meta name=\"twitter:card\" content=\"summary_large_image\" \/>\n<meta name=\"twitter:label1\" content=\"Est. reading time\" \/>\n\t<meta name=\"twitter:data1\" content=\"1 minut\u0117\" \/>\n<script type=\"application\/ld+json\" class=\"yoast-schema-graph\">{\"@context\":\"https:\/\/schema.org\",\"@graph\":[{\"@type\":\"WebPage\",\"@id\":\"https:\/\/haakaabaltic.com\/lt\/produktas\/ladybug-silicone-breast-milk-collector\/\",\"url\":\"https:\/\/haakaabaltic.com\/lt\/produktas\/ladybug-silicone-breast-milk-collector\/\",\"name\":\"Ladybug Silikoninis Pieno Surink\u0117jas - haakaabaltic.com\",\"isPartOf\":{\"@id\":\"https:\/\/haakaabaltic.com\/#website\"},\"primaryImageOfPage\":{\"@id\":\"https:\/\/haakaabaltic.com\/lt\/produktas\/ladybug-silicone-breast-milk-collector\/#primaryimage\"},\"image\":{\"@id\":\"https:\/\/haakaabaltic.com\/lt\/produktas\/ladybug-silicone-breast-milk-collector\/#primaryimage\"},\"thumbnailUrl\":\"https:\/\/haakaabaltic.com\/wp-content\/uploads\/2024\/12\/MHK143-MHK144-1.jpg\",\"datePublished\":\"2024-12-18T16:55:28+00:00\",\"dateModified\":\"2026-04-06T06:59:55+00:00\",\"breadcrumb\":{\"@id\":\"https:\/\/haakaabaltic.com\/lt\/produktas\/ladybug-silicone-breast-milk-collector\/#breadcrumb\"},\"inLanguage\":\"lt-LT\",\"potentialAction\":[{\"@type\":\"ReadAction\",\"target\":[\"https:\/\/haakaabaltic.com\/lt\/produktas\/ladybug-silicone-breast-milk-collector\/\"]}]},{\"@type\":\"ImageObject\",\"inLanguage\":\"lt-LT\",\"@id\":\"https:\/\/haakaabaltic.com\/lt\/produktas\/ladybug-silicone-breast-milk-collector\/#primaryimage\",\"url\":\"https:\/\/haakaabaltic.com\/wp-content\/uploads\/2024\/12\/MHK143-MHK144-1.jpg\",\"contentUrl\":\"https:\/\/haakaabaltic.com\/wp-content\/uploads\/2024\/12\/MHK143-MHK144-1.jpg\",\"width\":1000,\"height\":1000},{\"@type\":\"BreadcrumbList\",\"@id\":\"https:\/\/haakaabaltic.com\/lt\/produktas\/ladybug-silicone-breast-milk-collector\/#breadcrumb\",\"itemListElement\":[{\"@type\":\"ListItem\",\"position\":1,\"name\":\"Home\",\"item\":\"https:\/\/haakaabaltic.com\/lt\/\"},{\"@type\":\"ListItem\",\"position\":2,\"name\":\"Katalogas\",\"item\":\"https:\/\/haakaabaltic.com\/lt\/shop\/\"},{\"@type\":\"ListItem\",\"position\":3,\"name\":\"Ladybug Silikoninis Pieno Surink\u0117jas\"}]},{\"@type\":\"WebSite\",\"@id\":\"https:\/\/haakaabaltic.com\/#website\",\"url\":\"https:\/\/haakaabaltic.com\/\",\"name\":\"haakaabaltic.com\",\"description\":\"\",\"publisher\":{\"@id\":\"https:\/\/haakaabaltic.com\/#organization\"},\"potentialAction\":[{\"@type\":\"SearchAction\",\"target\":{\"@type\":\"EntryPoint\",\"urlTemplate\":\"https:\/\/haakaabaltic.com\/?s={search_term_string}\"},\"query-input\":{\"@type\":\"PropertyValueSpecification\",\"valueRequired\":true,\"valueName\":\"search_term_string\"}}],\"inLanguage\":\"lt-LT\"},{\"@type\":\"Organization\",\"@id\":\"https:\/\/haakaabaltic.com\/#organization\",\"name\":\"haakaabaltic.com\",\"url\":\"https:\/\/haakaabaltic.com\/\",\"logo\":{\"@type\":\"ImageObject\",\"inLanguage\":\"lt-LT\",\"@id\":\"https:\/\/haakaabaltic.com\/#\/schema\/logo\/image\/\",\"url\":\"https:\/\/haakaabaltic.com\/wp-content\/uploads\/2025\/01\/haakaa-logo.svg\",\"contentUrl\":\"https:\/\/haakaabaltic.com\/wp-content\/uploads\/2025\/01\/haakaa-logo.svg\",\"width\":2232,\"height\":1803,\"caption\":\"haakaabaltic.com\"},\"image\":{\"@id\":\"https:\/\/haakaabaltic.com\/#\/schema\/logo\/image\/\"},\"sameAs\":[\"https:\/\/www.facebook.com\/share\/1A2a9UZQB4\/?mibextid=wwXIfr\"]}]}<\/script>\n<!-- \/ Yoast SEO plugin. -->","yoast_head_json":{"title":"Ladybug Silikoninis Pieno Surink\u0117jas - haakaabaltic.com","robots":{"index":"index","follow":"follow","max-snippet":"max-snippet:-1","max-image-preview":"max-image-preview:large","max-video-preview":"max-video-preview:-1"},"canonical":"https:\/\/haakaabaltic.com\/lt\/produktas\/ladybug-silicone-breast-milk-collector\/","og_locale":"lt_LT","og_type":"article","og_title":"Ladybug Silikoninis Pieno Surink\u0117jas - haakaabaltic.com","og_description":"Haakaa Ladybug boru\u017e\u0117l\u0117s formos silikoninis motinos pieno surink\u0117jas yra puiki alternatyva mamoms, norin\u010dioms i\u0161saugoti kiekvien\u0105 nutek\u0117jus\u012f ir i\u0161siskyrus\u012f la\u0161\u0105, u\u017euot j\u012f sugeriant \u012fklotu.  Pastaba: \u012esigijus Ladybug 2 rinktuv\u0173 rinkin\u012f \u2013 laikymo rankinukas DOVAN\u0172!","og_url":"https:\/\/haakaabaltic.com\/lt\/produktas\/ladybug-silicone-breast-milk-collector\/","og_site_name":"haakaabaltic.com","article_publisher":"https:\/\/www.facebook.com\/share\/1A2a9UZQB4\/?mibextid=wwXIfr","article_modified_time":"2026-04-06T06:59:55+00:00","og_image":[{"width":1000,"height":1000,"url":"https:\/\/haakaabaltic.com\/wp-content\/uploads\/2025\/01\/favicon-haakaa-250x250-1.png","type":"image\/jpeg"}],"twitter_card":"summary_large_image","twitter_misc":{"Est. reading time":"1 minut\u0117"},"schema":{"@context":"https:\/\/schema.org","@graph":[{"@type":"WebPage","@id":"https:\/\/haakaabaltic.com\/lt\/produktas\/ladybug-silicone-breast-milk-collector\/","url":"https:\/\/haakaabaltic.com\/lt\/produktas\/ladybug-silicone-breast-milk-collector\/","name":"Ladybug Silikoninis Pieno Surink\u0117jas - haakaabaltic.com","isPartOf":{"@id":"https:\/\/haakaabaltic.com\/#website"},"primaryImageOfPage":{"@id":"https:\/\/haakaabaltic.com\/lt\/produktas\/ladybug-silicone-breast-milk-collector\/#primaryimage"},"image":{"@id":"https:\/\/haakaabaltic.com\/lt\/produktas\/ladybug-silicone-breast-milk-collector\/#primaryimage"},"thumbnailUrl":"https:\/\/haakaabaltic.com\/wp-content\/uploads\/2024\/12\/MHK143-MHK144-1.jpg","datePublished":"2024-12-18T16:55:28+00:00","dateModified":"2026-04-06T06:59:55+00:00","breadcrumb":{"@id":"https:\/\/haakaabaltic.com\/lt\/produktas\/ladybug-silicone-breast-milk-collector\/#breadcrumb"},"inLanguage":"lt-LT","potentialAction":[{"@type":"ReadAction","target":["https:\/\/haakaabaltic.com\/lt\/produktas\/ladybug-silicone-breast-milk-collector\/"]}]},{"@type":"ImageObject","inLanguage":"lt-LT","@id":"https:\/\/haakaabaltic.com\/lt\/produktas\/ladybug-silicone-breast-milk-collector\/#primaryimage","url":"https:\/\/haakaabaltic.com\/wp-content\/uploads\/2024\/12\/MHK143-MHK144-1.jpg","contentUrl":"https:\/\/haakaabaltic.com\/wp-content\/uploads\/2024\/12\/MHK143-MHK144-1.jpg","width":1000,"height":1000},{"@type":"BreadcrumbList","@id":"https:\/\/haakaabaltic.com\/lt\/produktas\/ladybug-silicone-breast-milk-collector\/#breadcrumb","itemListElement":[{"@type":"ListItem","position":1,"name":"Home","item":"https:\/\/haakaabaltic.com\/lt\/"},{"@type":"ListItem","position":2,"name":"Katalogas","item":"https:\/\/haakaabaltic.com\/lt\/shop\/"},{"@type":"ListItem","position":3,"name":"Ladybug Silikoninis Pieno Surink\u0117jas"}]},{"@type":"WebSite","@id":"https:\/\/haakaabaltic.com\/#website","url":"https:\/\/haakaabaltic.com\/","name":"haakaabaltic.com","description":"","publisher":{"@id":"https:\/\/haakaabaltic.com\/#organization"},"potentialAction":[{"@type":"SearchAction","target":{"@type":"EntryPoint","urlTemplate":"https:\/\/haakaabaltic.com\/?s={search_term_string}"},"query-input":{"@type":"PropertyValueSpecification","valueRequired":true,"valueName":"search_term_string"}}],"inLanguage":"lt-LT"},{"@type":"Organization","@id":"https:\/\/haakaabaltic.com\/#organization","name":"haakaabaltic.com","url":"https:\/\/haakaabaltic.com\/","logo":{"@type":"ImageObject","inLanguage":"lt-LT","@id":"https:\/\/haakaabaltic.com\/#\/schema\/logo\/image\/","url":"https:\/\/haakaabaltic.com\/wp-content\/uploads\/2025\/01\/haakaa-logo.svg","contentUrl":"https:\/\/haakaabaltic.com\/wp-content\/uploads\/2025\/01\/haakaa-logo.svg","width":2232,"height":1803,"caption":"haakaabaltic.com"},"image":{"@id":"https:\/\/haakaabaltic.com\/#\/schema\/logo\/image\/"},"sameAs":["https:\/\/www.facebook.com\/share\/1A2a9UZQB4\/?mibextid=wwXIfr"]}]}},"_links":{"self":[{"href":"https:\/\/haakaabaltic.com\/lt\/wp-json\/wp\/v2\/product\/47336","targetHints":{"allow":["GET"]}}],"collection":[{"href":"https:\/\/haakaabaltic.com\/lt\/wp-json\/wp\/v2\/product"}],"about":[{"href":"https:\/\/haakaabaltic.com\/lt\/wp-json\/wp\/v2\/types\/product"}],"replies":[{"embeddable":true,"href":"https:\/\/haakaabaltic.com\/lt\/wp-json\/wp\/v2\/comments?post=47336"}],"wp:featuredmedia":[{"embeddable":true,"href":"https:\/\/haakaabaltic.com\/lt\/wp-json\/wp\/v2\/media\/47287"}],"wp:attachment":[{"href":"https:\/\/haakaabaltic.com\/lt\/wp-json\/wp\/v2\/media?parent=47336"}],"wp:term":[{"taxonomy":"product_brand","embeddable":true,"href":"https:\/\/haakaabaltic.com\/lt\/wp-json\/wp\/v2\/product_brand?post=47336"},{"taxonomy":"product_cat","embeddable":true,"href":"https:\/\/haakaabaltic.com\/lt\/wp-json\/wp\/v2\/product_cat?post=47336"},{"taxonomy":"product_tag","embeddable":true,"href":"https:\/\/haakaabaltic.com\/lt\/wp-json\/wp\/v2\/product_tag?post=47336"}],"curies":[{"name":"wp","href":"https:\/\/api.w.org\/{rel}","templated":true}]}}