{"id":47255,"date":"2024-12-17T21:53:53","date_gmt":"2024-12-17T21:53:53","guid":{"rendered":"https:\/\/haakaabaltic.com\/?post_type=product&#038;p=47255"},"modified":"2026-02-16T10:21:17","modified_gmt":"2026-02-16T07:21:17","slug":"silicone-colostrum-collector","status":"publish","type":"product","link":"https:\/\/haakaabaltic.com\/lt\/produktas\/silicone-colostrum-collector\/","title":{"rendered":"Silikoninis Prie\u0161pienio Surink\u0117jas"},"content":{"rendered":"<p><span data-sheets-root=\"1\">Prie\u0161pienis tradici\u0161kai renkamas \u012f vienkartinius \u0161virk\u0161tus, da\u017enai pagamintus i\u0161 kenksmingo plastiko. M\u016bs\u0173 surink\u0117jas pagamintas i\u0161 <span style=\"color: #69b23f;\"><strong>100 % medicininio silikono<\/strong><\/span>, tod\u0117l nei\u0161skiria kenksming\u0173 toksin\u0173 ir gali b\u016bti saugiai laikomas \u0161aldytuve ar \u0161aldiklyje. J\u012f lengva naudoti ir naudoti pakartotinai, tod\u0117l jis idealiai tinka mamoms tiek prie\u0161 gimdym\u0105, tiek po jo!<\/span><\/p>\n<p>Kiekvienas prie\u0161pienio surink\u0117jas turi savo lipduk\u0105, kad b\u016bt\u0173 patogu \u017eym\u0117ti kiekvien\u0105 m\u0117gintuv\u0117l\u012f.<\/p>\n<p><span style=\"color: #69b23f;\"><strong>Atkreipkite d\u0117mes\u012f: prie\u0161 prad\u0117dami prie\u0161gimdymin\u012f i\u0161skyrim\u0105, gaukite sveikatos prie\u017ei\u016bros specialisto leidim\u0105, nes gali kilti ankstyvo gimdymo rizika.<\/strong><\/span><\/p>\n","protected":false},"excerpt":{"rendered":"<p><span data-sheets-root=\"1\">Haakaa silikoninis prie\u0161pienio surink\u0117jas &#8211; <span style=\"color: #69b23f;\"><strong>tai pirmasis pasaulyje tokio tipo produktas<\/strong><\/span>, suteikiantis mamoms galimyb\u0119 saugiai ir paprastai laikyti prie\u0161gimdymin\u012f ir pogimdymin\u012f prie\u0161pien\u012f.<br \/>\n<\/span><\/p>\n","protected":false},"featured_media":47176,"comment_status":"open","ping_status":"closed","template":"","meta":[],"product_brand":[],"product_cat":[284,288,301],"product_tag":[],"class_list":{"0":"post-47255","1":"product","2":"type-product","3":"status-publish","4":"has-post-thumbnail","6":"product_cat-visi-produktai","7":"product_cat-zindymas","8":"product_cat-surinkejas","11":"first","12":"instock","13":"taxable","14":"shipping-taxable","15":"purchasable","16":"product-type-variable"},"yoast_head":"<!-- This site is optimized with the Yoast SEO plugin v24.3 - https:\/\/yoast.com\/wordpress\/plugins\/seo\/ -->\n<title>Silikoninis Prie\u0161pienio Surink\u0117jas - haakaabaltic.com<\/title>\n<meta name=\"robots\" content=\"index, follow, max-snippet:-1, max-image-preview:large, max-video-preview:-1\" \/>\n<link rel=\"canonical\" href=\"https:\/\/haakaabaltic.com\/lt\/produktas\/silicone-colostrum-collector\/\" \/>\n<meta property=\"og:locale\" content=\"lt_LT\" \/>\n<meta property=\"og:type\" content=\"article\" \/>\n<meta property=\"og:title\" content=\"Silikoninis Prie\u0161pienio Surink\u0117jas - haakaabaltic.com\" \/>\n<meta property=\"og:description\" content=\"Haakaa silikoninis prie\u0161pienio surink\u0117jas - tai pirmasis pasaulyje tokio tipo produktas, suteikiantis mamoms galimyb\u0119 saugiai ir paprastai laikyti prie\u0161gimdymin\u012f ir pogimdymin\u012f prie\u0161pien\u012f.\" \/>\n<meta property=\"og:url\" content=\"https:\/\/haakaabaltic.com\/lt\/produktas\/silicone-colostrum-collector\/\" \/>\n<meta property=\"og:site_name\" content=\"haakaabaltic.com\" \/>\n<meta property=\"article:publisher\" content=\"https:\/\/www.facebook.com\/share\/1A2a9UZQB4\/?mibextid=wwXIfr\" \/>\n<meta property=\"article:modified_time\" content=\"2026-02-16T07:21:17+00:00\" \/>\n<meta property=\"og:image\" content=\"https:\/\/haakaabaltic.com\/wp-content\/uploads\/2025\/01\/favicon-haakaa-250x250-1.png\" \/>\n\t<meta property=\"og:image:width\" content=\"1000\" \/>\n\t<meta property=\"og:image:height\" content=\"1000\" \/>\n\t<meta property=\"og:image:type\" content=\"image\/jpeg\" \/>\n<meta name=\"twitter:card\" content=\"summary_large_image\" \/>\n<meta name=\"twitter:label1\" content=\"Est. reading time\" \/>\n\t<meta name=\"twitter:data1\" content=\"1 minut\u0117\" \/>\n<script type=\"application\/ld+json\" class=\"yoast-schema-graph\">{\"@context\":\"https:\/\/schema.org\",\"@graph\":[{\"@type\":\"WebPage\",\"@id\":\"https:\/\/haakaabaltic.com\/lt\/produktas\/silicone-colostrum-collector\/\",\"url\":\"https:\/\/haakaabaltic.com\/lt\/produktas\/silicone-colostrum-collector\/\",\"name\":\"Silikoninis Prie\u0161pienio Surink\u0117jas - haakaabaltic.com\",\"isPartOf\":{\"@id\":\"https:\/\/haakaabaltic.com\/#website\"},\"primaryImageOfPage\":{\"@id\":\"https:\/\/haakaabaltic.com\/lt\/produktas\/silicone-colostrum-collector\/#primaryimage\"},\"image\":{\"@id\":\"https:\/\/haakaabaltic.com\/lt\/produktas\/silicone-colostrum-collector\/#primaryimage\"},\"thumbnailUrl\":\"https:\/\/haakaabaltic.com\/wp-content\/uploads\/2024\/12\/Colostrum-4ml-1.jpg\",\"datePublished\":\"2024-12-17T21:53:53+00:00\",\"dateModified\":\"2026-02-16T07:21:17+00:00\",\"breadcrumb\":{\"@id\":\"https:\/\/haakaabaltic.com\/lt\/produktas\/silicone-colostrum-collector\/#breadcrumb\"},\"inLanguage\":\"lt-LT\",\"potentialAction\":[{\"@type\":\"ReadAction\",\"target\":[\"https:\/\/haakaabaltic.com\/lt\/produktas\/silicone-colostrum-collector\/\"]}]},{\"@type\":\"ImageObject\",\"inLanguage\":\"lt-LT\",\"@id\":\"https:\/\/haakaabaltic.com\/lt\/produktas\/silicone-colostrum-collector\/#primaryimage\",\"url\":\"https:\/\/haakaabaltic.com\/wp-content\/uploads\/2024\/12\/Colostrum-4ml-1.jpg\",\"contentUrl\":\"https:\/\/haakaabaltic.com\/wp-content\/uploads\/2024\/12\/Colostrum-4ml-1.jpg\",\"width\":1000,\"height\":1000},{\"@type\":\"BreadcrumbList\",\"@id\":\"https:\/\/haakaabaltic.com\/lt\/produktas\/silicone-colostrum-collector\/#breadcrumb\",\"itemListElement\":[{\"@type\":\"ListItem\",\"position\":1,\"name\":\"Home\",\"item\":\"https:\/\/haakaabaltic.com\/lt\/\"},{\"@type\":\"ListItem\",\"position\":2,\"name\":\"Katalogas\",\"item\":\"https:\/\/haakaabaltic.com\/lt\/shop\/\"},{\"@type\":\"ListItem\",\"position\":3,\"name\":\"Silikoninis Prie\u0161pienio Surink\u0117jas\"}]},{\"@type\":\"WebSite\",\"@id\":\"https:\/\/haakaabaltic.com\/#website\",\"url\":\"https:\/\/haakaabaltic.com\/\",\"name\":\"haakaabaltic.com\",\"description\":\"\",\"publisher\":{\"@id\":\"https:\/\/haakaabaltic.com\/#organization\"},\"potentialAction\":[{\"@type\":\"SearchAction\",\"target\":{\"@type\":\"EntryPoint\",\"urlTemplate\":\"https:\/\/haakaabaltic.com\/?s={search_term_string}\"},\"query-input\":{\"@type\":\"PropertyValueSpecification\",\"valueRequired\":true,\"valueName\":\"search_term_string\"}}],\"inLanguage\":\"lt-LT\"},{\"@type\":\"Organization\",\"@id\":\"https:\/\/haakaabaltic.com\/#organization\",\"name\":\"haakaabaltic.com\",\"url\":\"https:\/\/haakaabaltic.com\/\",\"logo\":{\"@type\":\"ImageObject\",\"inLanguage\":\"lt-LT\",\"@id\":\"https:\/\/haakaabaltic.com\/#\/schema\/logo\/image\/\",\"url\":\"https:\/\/haakaabaltic.com\/wp-content\/uploads\/2025\/01\/haakaa-logo.svg\",\"contentUrl\":\"https:\/\/haakaabaltic.com\/wp-content\/uploads\/2025\/01\/haakaa-logo.svg\",\"width\":2232,\"height\":1803,\"caption\":\"haakaabaltic.com\"},\"image\":{\"@id\":\"https:\/\/haakaabaltic.com\/#\/schema\/logo\/image\/\"},\"sameAs\":[\"https:\/\/www.facebook.com\/share\/1A2a9UZQB4\/?mibextid=wwXIfr\"]}]}<\/script>\n<!-- \/ Yoast SEO plugin. -->","yoast_head_json":{"title":"Silikoninis Prie\u0161pienio Surink\u0117jas - haakaabaltic.com","robots":{"index":"index","follow":"follow","max-snippet":"max-snippet:-1","max-image-preview":"max-image-preview:large","max-video-preview":"max-video-preview:-1"},"canonical":"https:\/\/haakaabaltic.com\/lt\/produktas\/silicone-colostrum-collector\/","og_locale":"lt_LT","og_type":"article","og_title":"Silikoninis Prie\u0161pienio Surink\u0117jas - haakaabaltic.com","og_description":"Haakaa silikoninis prie\u0161pienio surink\u0117jas - tai pirmasis pasaulyje tokio tipo produktas, suteikiantis mamoms galimyb\u0119 saugiai ir paprastai laikyti prie\u0161gimdymin\u012f ir pogimdymin\u012f prie\u0161pien\u012f.","og_url":"https:\/\/haakaabaltic.com\/lt\/produktas\/silicone-colostrum-collector\/","og_site_name":"haakaabaltic.com","article_publisher":"https:\/\/www.facebook.com\/share\/1A2a9UZQB4\/?mibextid=wwXIfr","article_modified_time":"2026-02-16T07:21:17+00:00","og_image":[{"width":1000,"height":1000,"url":"https:\/\/haakaabaltic.com\/wp-content\/uploads\/2025\/01\/favicon-haakaa-250x250-1.png","type":"image\/jpeg"}],"twitter_card":"summary_large_image","twitter_misc":{"Est. reading time":"1 minut\u0117"},"schema":{"@context":"https:\/\/schema.org","@graph":[{"@type":"WebPage","@id":"https:\/\/haakaabaltic.com\/lt\/produktas\/silicone-colostrum-collector\/","url":"https:\/\/haakaabaltic.com\/lt\/produktas\/silicone-colostrum-collector\/","name":"Silikoninis Prie\u0161pienio Surink\u0117jas - haakaabaltic.com","isPartOf":{"@id":"https:\/\/haakaabaltic.com\/#website"},"primaryImageOfPage":{"@id":"https:\/\/haakaabaltic.com\/lt\/produktas\/silicone-colostrum-collector\/#primaryimage"},"image":{"@id":"https:\/\/haakaabaltic.com\/lt\/produktas\/silicone-colostrum-collector\/#primaryimage"},"thumbnailUrl":"https:\/\/haakaabaltic.com\/wp-content\/uploads\/2024\/12\/Colostrum-4ml-1.jpg","datePublished":"2024-12-17T21:53:53+00:00","dateModified":"2026-02-16T07:21:17+00:00","breadcrumb":{"@id":"https:\/\/haakaabaltic.com\/lt\/produktas\/silicone-colostrum-collector\/#breadcrumb"},"inLanguage":"lt-LT","potentialAction":[{"@type":"ReadAction","target":["https:\/\/haakaabaltic.com\/lt\/produktas\/silicone-colostrum-collector\/"]}]},{"@type":"ImageObject","inLanguage":"lt-LT","@id":"https:\/\/haakaabaltic.com\/lt\/produktas\/silicone-colostrum-collector\/#primaryimage","url":"https:\/\/haakaabaltic.com\/wp-content\/uploads\/2024\/12\/Colostrum-4ml-1.jpg","contentUrl":"https:\/\/haakaabaltic.com\/wp-content\/uploads\/2024\/12\/Colostrum-4ml-1.jpg","width":1000,"height":1000},{"@type":"BreadcrumbList","@id":"https:\/\/haakaabaltic.com\/lt\/produktas\/silicone-colostrum-collector\/#breadcrumb","itemListElement":[{"@type":"ListItem","position":1,"name":"Home","item":"https:\/\/haakaabaltic.com\/lt\/"},{"@type":"ListItem","position":2,"name":"Katalogas","item":"https:\/\/haakaabaltic.com\/lt\/shop\/"},{"@type":"ListItem","position":3,"name":"Silikoninis Prie\u0161pienio Surink\u0117jas"}]},{"@type":"WebSite","@id":"https:\/\/haakaabaltic.com\/#website","url":"https:\/\/haakaabaltic.com\/","name":"haakaabaltic.com","description":"","publisher":{"@id":"https:\/\/haakaabaltic.com\/#organization"},"potentialAction":[{"@type":"SearchAction","target":{"@type":"EntryPoint","urlTemplate":"https:\/\/haakaabaltic.com\/?s={search_term_string}"},"query-input":{"@type":"PropertyValueSpecification","valueRequired":true,"valueName":"search_term_string"}}],"inLanguage":"lt-LT"},{"@type":"Organization","@id":"https:\/\/haakaabaltic.com\/#organization","name":"haakaabaltic.com","url":"https:\/\/haakaabaltic.com\/","logo":{"@type":"ImageObject","inLanguage":"lt-LT","@id":"https:\/\/haakaabaltic.com\/#\/schema\/logo\/image\/","url":"https:\/\/haakaabaltic.com\/wp-content\/uploads\/2025\/01\/haakaa-logo.svg","contentUrl":"https:\/\/haakaabaltic.com\/wp-content\/uploads\/2025\/01\/haakaa-logo.svg","width":2232,"height":1803,"caption":"haakaabaltic.com"},"image":{"@id":"https:\/\/haakaabaltic.com\/#\/schema\/logo\/image\/"},"sameAs":["https:\/\/www.facebook.com\/share\/1A2a9UZQB4\/?mibextid=wwXIfr"]}]}},"_links":{"self":[{"href":"https:\/\/haakaabaltic.com\/lt\/wp-json\/wp\/v2\/product\/47255","targetHints":{"allow":["GET"]}}],"collection":[{"href":"https:\/\/haakaabaltic.com\/lt\/wp-json\/wp\/v2\/product"}],"about":[{"href":"https:\/\/haakaabaltic.com\/lt\/wp-json\/wp\/v2\/types\/product"}],"replies":[{"embeddable":true,"href":"https:\/\/haakaabaltic.com\/lt\/wp-json\/wp\/v2\/comments?post=47255"}],"wp:featuredmedia":[{"embeddable":true,"href":"https:\/\/haakaabaltic.com\/lt\/wp-json\/wp\/v2\/media\/47176"}],"wp:attachment":[{"href":"https:\/\/haakaabaltic.com\/lt\/wp-json\/wp\/v2\/media?parent=47255"}],"wp:term":[{"taxonomy":"product_brand","embeddable":true,"href":"https:\/\/haakaabaltic.com\/lt\/wp-json\/wp\/v2\/product_brand?post=47255"},{"taxonomy":"product_cat","embeddable":true,"href":"https:\/\/haakaabaltic.com\/lt\/wp-json\/wp\/v2\/product_cat?post=47255"},{"taxonomy":"product_tag","embeddable":true,"href":"https:\/\/haakaabaltic.com\/lt\/wp-json\/wp\/v2\/product_tag?post=47255"}],"curies":[{"name":"wp","href":"https:\/\/api.w.org\/{rel}","templated":true}]}}