{"id":48889,"date":"2025-01-29T16:09:46","date_gmt":"2025-01-29T16:09:46","guid":{"rendered":"https:\/\/haakaabaltic.com\/?page_id=48889"},"modified":"2025-01-30T12:39:47","modified_gmt":"2025-01-30T12:39:47","slug":"grazinimo-ir-kompensavimo-politika","status":"publish","type":"page","link":"https:\/\/haakaabaltic.com\/lt\/grazinimo-ir-kompensavimo-politika\/","title":{"rendered":"Gr\u0105\u017einimo ir Kompensavimo Politika"},"content":{"rendered":"\n<p><strong>1. Bendroji Informacija<\/strong><\/p>\n\n\n\n<p>1.1 \u0160i gr\u0105\u017einimo ir kompensavimo politika taikoma pirkimams, atliktiems Haakaa Baltic internetin\u0117je parduotuv\u0117je. Pateikdami u\u017esakym\u0105, j\u016bs sutinkate su toliau nurodytomis s\u0105lygomis.Internetin\u0117s parduotuv\u0117s Haakaa Baltic savininkas (toliau \u2013 &#8220;Haakaa Baltic&#8221;) yra Brand Bar Ltd, registracijos numeris 42103095332, adresas R\u012bga, Sapieru iela 3B &#8211; 14, LV-1012.<\/p>\n\n\n\n<p><strong>2. Atsisakymo Teis\u0117<\/strong><\/p>\n\n\n\n<p>2.1 Pirk\u0117jas turi teis\u0119 atsisakyti sutarties ir gr\u0105\u017einti prekes per keturiolika (14) dien\u0173 nuo j\u0173 gavimo, jei yra \u012fvykdytos \u0161ios s\u0105lygos:<\/p>\n\n\n\n<ul class=\"wp-block-list\">\n<li>Prek\u0117 nebuvo naudojama, o sterilizuojam\u0173 produkt\u0173 saugos plombos ant pakuot\u0117s yra nepa\u017eeistos.<\/li>\n\n\n\n<li>\u0160i s\u0105lyga taikoma produktams, kurie tiesiogiai lie\u010diasi su maistu ar intymiomis k\u016bno vietomis, taip pat produktams, naudojamiems \u017eindymui, nosies valymui ar maniki\u016brui.<\/li>\n\n\n\n<li>Prek\u0117s pakuot\u0117 turi b\u016bti pradin\u0117s b\u016bkl\u0117s, nepa\u017eeista ir nepakitusi.<\/li>\n<\/ul>\n\n\n\n<p>2.2 Jei prek\u0117 buvo naudota, sterilizuojamo produkto saugos plomba pa\u017eeista ar pakuot\u0117 sugadinta bet kokiu b\u016bdu, Haakaa Baltic pasilieka teis\u0119 atsisakyti kompensacijos ir i\u0161si\u0173sti prek\u0119 atgal pirk\u0117jui.<\/p>\n\n\n\n<p>2.3 Pirk\u0117jas gali pakeisti prek\u0119 \u012f kit\u0105 model\u012f, dyd\u012f ar spalv\u0105, jei laikomasi vis\u0173 auk\u0161\u010diau nurodyt\u0173 s\u0105lyg\u0173.<\/p>\n\n\n\n<p>2.4 \u0160ios s\u0105lygos yra b\u016btinos d\u0117l higienos prie\u017eas\u010di\u0173, nes svarbu i\u0161laikyti produkt\u0173 sterilum\u0105 ir saugum\u0105 naudojimui.<\/p>\n\n\n\n<p>2.5 Gr\u0105\u017einimo i\u0161laidas padengia Haakaa Baltic. Pirk\u0117jas privalo susisiekti su Haakaa Baltic per keturiolika (14) dien\u0173 nuo prek\u0117s gavimo, kad gaut\u0173 instrukcijas d\u0117l gr\u0105\u017einimo proceso, i\u0161spr\u0119st\u0173 klausimus ir organizuot\u0173 prek\u0117s gr\u0105\u017einim\u0105.<\/p>\n\n\n\n<p><strong>3. Kompensavimas<\/strong><\/p>\n\n\n\n<p>3.1 Kai gausime ir patikrinsime gr\u0105\u017eint\u0105 prek\u0119, informuosime jus apie kompensacijos patvirtinim\u0105 arba atmetim\u0105. Jei kompensacija patvirtinama, ji bus pervesta \u012f pradin\u012f mok\u0117jimo b\u016bd\u0105 per 14 dien\u0173.<\/p>\n\n\n\n<p>3.2 Kompensacija nebus suteikta, jei:<\/p>\n\n\n\n<ul class=\"wp-block-list\">\n<li>Prek\u0117 buvo atidaryta ar naudota.<\/li>\n\n\n\n<li>Prek\u0117 n\u0117ra gr\u0105\u017einama pradin\u0117je b\u016bkl\u0117je.<\/li>\n\n\n\n<li>Prek\u0117 gr\u0105\u017einama pasibaigus 14 dien\u0173 terminui.<\/li>\n<\/ul>\n\n\n\n<p><strong>4. Mok\u0117jimo B\u016bda<\/strong><\/p>\n\n\n\n<p>4.1 Priimame \u0161iuos mok\u0117jimo b\u016bdus:<\/p>\n\n\n\n<ul class=\"wp-block-list\">\n<li>Banko mok\u0117jimai Latvijoje: Swedbank, SEB, Citadele, Luminor<\/li>\n\n\n\n<li>Banko mok\u0117jimai Lietuvoje: Swedbank, SEB, Luminor, \u0160iauli\u0173 Bankas<\/li>\n\n\n\n<li>Banko mok\u0117jimai Estijoje: Swedbank, SEB, Luminor, LHV, Coop Pank<\/li>\n\n\n\n<li>Korteli\u0173 mok\u0117jimai: Visa, MasterCard<\/li>\n\n\n\n<li>Dovan\u0173 kortel\u0117: Haakaa Baltic dovan\u0173 kortel\u0117 (jei taikoma)<\/li>\n<\/ul>\n\n\n\n<p>4.2 Visi mok\u0117jimai atliekami saugiai. Mok\u0117jimams vykdyti b\u016btini asmens duomenys perduodami \u012fgaliotam mok\u0117jim\u0173 operatoriui Maksekeskus AS. Pirkimo sutartis \u012fsigalioja, kai mok\u0117jimas \u012fskaitomas \u012f Haakaa Baltic banko s\u0105skait\u0105.<\/p>\n\n\n\n<p><strong>5. U\u017esakymo At\u0161aukimas ir Preki\u0173 Prieinamumas<\/strong><\/p>\n\n\n\n<p>5.1 Jei negalime \u012fvykdyti j\u016bs\u0173 u\u017esakymo d\u0117l preki\u0173 tr\u016bkumo ar bet kokios kitos prie\u017easties, mes jus informuosime kuo grei\u010diau. Tokiu atveju visa sumok\u0117ta suma, \u012fskaitant pristatymo i\u0161laidas, bus gr\u0105\u017einta per 14 dien\u0173 nuo prane\u0161imo gavimo dienos.<\/p>\n\n\n\n<p>5.2 Jei turite klausim\u0173 ar reikia papildomos pagalbos, susisiekite su m\u016bs\u0173 klient\u0173 aptarnavimo komanda el. pa\u0161tu: haakaabaltic@gmail.com.<\/p>\n\n\n\n<p><\/p>\n","protected":false},"excerpt":{"rendered":"<p>1. Bendroji Informacija 1.1 \u0160i gr\u0105\u017einimo ir kompensavimo politika taikoma pirkimams, atliktiems Haakaa Baltic internetin\u0117je parduotuv\u0117je. Pateikdami u\u017esakym\u0105, j\u016bs sutinkate su toliau nurodytomis s\u0105lygomis.Internetin\u0117s parduotuv\u0117s Haakaa Baltic savininkas (toliau \u2013 &#8220;Haakaa Baltic&#8221;) yra Brand Bar Ltd, registracijos numeris 42103095332, adresas R\u012bga, Sapieru iela 3B &#8211; 14, LV-1012. 2. Atsisakymo Teis\u0117 2.1 Pirk\u0117jas turi teis\u0119 atsisakyti [&hellip;]<\/p>\n","protected":false},"author":3,"featured_media":0,"parent":0,"menu_order":0,"comment_status":"closed","ping_status":"closed","template":"","meta":{"footnotes":""},"class_list":["post-48889","page","type-page","status-publish","hentry"],"yoast_head":"<!-- This site is optimized with the Yoast SEO plugin v24.3 - https:\/\/yoast.com\/wordpress\/plugins\/seo\/ -->\n<title>Gr\u0105\u017einimo ir Kompensavimo Politika - haakaabaltic.com<\/title>\n<meta name=\"robots\" content=\"index, follow, max-snippet:-1, max-image-preview:large, max-video-preview:-1\" \/>\n<link rel=\"canonical\" href=\"https:\/\/haakaabaltic.com\/lt\/grazinimo-ir-kompensavimo-politika\/\" \/>\n<meta property=\"og:locale\" content=\"lt_LT\" \/>\n<meta property=\"og:type\" content=\"article\" \/>\n<meta property=\"og:title\" content=\"Gr\u0105\u017einimo ir Kompensavimo Politika - haakaabaltic.com\" \/>\n<meta property=\"og:description\" content=\"1. Bendroji Informacija 1.1 \u0160i gr\u0105\u017einimo ir kompensavimo politika taikoma pirkimams, atliktiems Haakaa Baltic internetin\u0117je parduotuv\u0117je. Pateikdami u\u017esakym\u0105, j\u016bs sutinkate su toliau nurodytomis s\u0105lygomis.Internetin\u0117s parduotuv\u0117s Haakaa Baltic savininkas (toliau \u2013 &#8220;Haakaa Baltic&#8221;) yra Brand Bar Ltd, registracijos numeris 42103095332, adresas R\u012bga, Sapieru iela 3B &#8211; 14, LV-1012. 2. Atsisakymo Teis\u0117 2.1 Pirk\u0117jas turi teis\u0119 atsisakyti [&hellip;]\" \/>\n<meta property=\"og:url\" content=\"https:\/\/haakaabaltic.com\/lt\/grazinimo-ir-kompensavimo-politika\/\" \/>\n<meta property=\"og:site_name\" content=\"haakaabaltic.com\" \/>\n<meta property=\"article:publisher\" content=\"https:\/\/www.facebook.com\/share\/1A2a9UZQB4\/?mibextid=wwXIfr\" \/>\n<meta property=\"article:modified_time\" content=\"2025-01-30T12:39:47+00:00\" \/>\n<meta name=\"twitter:card\" content=\"summary_large_image\" \/>\n<meta name=\"twitter:label1\" content=\"Est. reading time\" \/>\n\t<meta name=\"twitter:data1\" content=\"2 minut\u0117s\" \/>\n<script type=\"application\/ld+json\" class=\"yoast-schema-graph\">{\"@context\":\"https:\/\/schema.org\",\"@graph\":[{\"@type\":\"WebPage\",\"@id\":\"https:\/\/haakaabaltic.com\/lt\/grazinimo-ir-kompensavimo-politika\/\",\"url\":\"https:\/\/haakaabaltic.com\/lt\/grazinimo-ir-kompensavimo-politika\/\",\"name\":\"Gr\u0105\u017einimo ir Kompensavimo Politika - haakaabaltic.com\",\"isPartOf\":{\"@id\":\"https:\/\/haakaabaltic.com\/#website\"},\"datePublished\":\"2025-01-29T16:09:46+00:00\",\"dateModified\":\"2025-01-30T12:39:47+00:00\",\"breadcrumb\":{\"@id\":\"https:\/\/haakaabaltic.com\/lt\/grazinimo-ir-kompensavimo-politika\/#breadcrumb\"},\"inLanguage\":\"lt-LT\",\"potentialAction\":[{\"@type\":\"ReadAction\",\"target\":[\"https:\/\/haakaabaltic.com\/lt\/grazinimo-ir-kompensavimo-politika\/\"]}]},{\"@type\":\"BreadcrumbList\",\"@id\":\"https:\/\/haakaabaltic.com\/lt\/grazinimo-ir-kompensavimo-politika\/#breadcrumb\",\"itemListElement\":[{\"@type\":\"ListItem\",\"position\":1,\"name\":\"Home\",\"item\":\"https:\/\/haakaabaltic.com\/lt\/\"},{\"@type\":\"ListItem\",\"position\":2,\"name\":\"Gr\u0105\u017einimo ir Kompensavimo Politika\"}]},{\"@type\":\"WebSite\",\"@id\":\"https:\/\/haakaabaltic.com\/#website\",\"url\":\"https:\/\/haakaabaltic.com\/\",\"name\":\"haakaabaltic.com\",\"description\":\"\",\"publisher\":{\"@id\":\"https:\/\/haakaabaltic.com\/#organization\"},\"potentialAction\":[{\"@type\":\"SearchAction\",\"target\":{\"@type\":\"EntryPoint\",\"urlTemplate\":\"https:\/\/haakaabaltic.com\/?s={search_term_string}\"},\"query-input\":{\"@type\":\"PropertyValueSpecification\",\"valueRequired\":true,\"valueName\":\"search_term_string\"}}],\"inLanguage\":\"lt-LT\"},{\"@type\":\"Organization\",\"@id\":\"https:\/\/haakaabaltic.com\/#organization\",\"name\":\"haakaabaltic.com\",\"url\":\"https:\/\/haakaabaltic.com\/\",\"logo\":{\"@type\":\"ImageObject\",\"inLanguage\":\"lt-LT\",\"@id\":\"https:\/\/haakaabaltic.com\/#\/schema\/logo\/image\/\",\"url\":\"https:\/\/haakaabaltic.com\/wp-content\/uploads\/2025\/01\/haakaa-logo.svg\",\"contentUrl\":\"https:\/\/haakaabaltic.com\/wp-content\/uploads\/2025\/01\/haakaa-logo.svg\",\"width\":2232,\"height\":1803,\"caption\":\"haakaabaltic.com\"},\"image\":{\"@id\":\"https:\/\/haakaabaltic.com\/#\/schema\/logo\/image\/\"},\"sameAs\":[\"https:\/\/www.facebook.com\/share\/1A2a9UZQB4\/?mibextid=wwXIfr\"]}]}<\/script>\n<!-- \/ Yoast SEO plugin. -->","yoast_head_json":{"title":"Gr\u0105\u017einimo ir Kompensavimo Politika - haakaabaltic.com","robots":{"index":"index","follow":"follow","max-snippet":"max-snippet:-1","max-image-preview":"max-image-preview:large","max-video-preview":"max-video-preview:-1"},"canonical":"https:\/\/haakaabaltic.com\/lt\/grazinimo-ir-kompensavimo-politika\/","og_locale":"lt_LT","og_type":"article","og_title":"Gr\u0105\u017einimo ir Kompensavimo Politika - haakaabaltic.com","og_description":"1. Bendroji Informacija 1.1 \u0160i gr\u0105\u017einimo ir kompensavimo politika taikoma pirkimams, atliktiems Haakaa Baltic internetin\u0117je parduotuv\u0117je. Pateikdami u\u017esakym\u0105, j\u016bs sutinkate su toliau nurodytomis s\u0105lygomis.Internetin\u0117s parduotuv\u0117s Haakaa Baltic savininkas (toliau \u2013 &#8220;Haakaa Baltic&#8221;) yra Brand Bar Ltd, registracijos numeris 42103095332, adresas R\u012bga, Sapieru iela 3B &#8211; 14, LV-1012. 2. Atsisakymo Teis\u0117 2.1 Pirk\u0117jas turi teis\u0119 atsisakyti [&hellip;]","og_url":"https:\/\/haakaabaltic.com\/lt\/grazinimo-ir-kompensavimo-politika\/","og_site_name":"haakaabaltic.com","article_publisher":"https:\/\/www.facebook.com\/share\/1A2a9UZQB4\/?mibextid=wwXIfr","article_modified_time":"2025-01-30T12:39:47+00:00","twitter_card":"summary_large_image","twitter_misc":{"Est. reading time":"2 minut\u0117s"},"schema":{"@context":"https:\/\/schema.org","@graph":[{"@type":"WebPage","@id":"https:\/\/haakaabaltic.com\/lt\/grazinimo-ir-kompensavimo-politika\/","url":"https:\/\/haakaabaltic.com\/lt\/grazinimo-ir-kompensavimo-politika\/","name":"Gr\u0105\u017einimo ir Kompensavimo Politika - haakaabaltic.com","isPartOf":{"@id":"https:\/\/haakaabaltic.com\/#website"},"datePublished":"2025-01-29T16:09:46+00:00","dateModified":"2025-01-30T12:39:47+00:00","breadcrumb":{"@id":"https:\/\/haakaabaltic.com\/lt\/grazinimo-ir-kompensavimo-politika\/#breadcrumb"},"inLanguage":"lt-LT","potentialAction":[{"@type":"ReadAction","target":["https:\/\/haakaabaltic.com\/lt\/grazinimo-ir-kompensavimo-politika\/"]}]},{"@type":"BreadcrumbList","@id":"https:\/\/haakaabaltic.com\/lt\/grazinimo-ir-kompensavimo-politika\/#breadcrumb","itemListElement":[{"@type":"ListItem","position":1,"name":"Home","item":"https:\/\/haakaabaltic.com\/lt\/"},{"@type":"ListItem","position":2,"name":"Gr\u0105\u017einimo ir Kompensavimo Politika"}]},{"@type":"WebSite","@id":"https:\/\/haakaabaltic.com\/#website","url":"https:\/\/haakaabaltic.com\/","name":"haakaabaltic.com","description":"","publisher":{"@id":"https:\/\/haakaabaltic.com\/#organization"},"potentialAction":[{"@type":"SearchAction","target":{"@type":"EntryPoint","urlTemplate":"https:\/\/haakaabaltic.com\/?s={search_term_string}"},"query-input":{"@type":"PropertyValueSpecification","valueRequired":true,"valueName":"search_term_string"}}],"inLanguage":"lt-LT"},{"@type":"Organization","@id":"https:\/\/haakaabaltic.com\/#organization","name":"haakaabaltic.com","url":"https:\/\/haakaabaltic.com\/","logo":{"@type":"ImageObject","inLanguage":"lt-LT","@id":"https:\/\/haakaabaltic.com\/#\/schema\/logo\/image\/","url":"https:\/\/haakaabaltic.com\/wp-content\/uploads\/2025\/01\/haakaa-logo.svg","contentUrl":"https:\/\/haakaabaltic.com\/wp-content\/uploads\/2025\/01\/haakaa-logo.svg","width":2232,"height":1803,"caption":"haakaabaltic.com"},"image":{"@id":"https:\/\/haakaabaltic.com\/#\/schema\/logo\/image\/"},"sameAs":["https:\/\/www.facebook.com\/share\/1A2a9UZQB4\/?mibextid=wwXIfr"]}]}},"_links":{"self":[{"href":"https:\/\/haakaabaltic.com\/lt\/wp-json\/wp\/v2\/pages\/48889","targetHints":{"allow":["GET"]}}],"collection":[{"href":"https:\/\/haakaabaltic.com\/lt\/wp-json\/wp\/v2\/pages"}],"about":[{"href":"https:\/\/haakaabaltic.com\/lt\/wp-json\/wp\/v2\/types\/page"}],"author":[{"embeddable":true,"href":"https:\/\/haakaabaltic.com\/lt\/wp-json\/wp\/v2\/users\/3"}],"replies":[{"embeddable":true,"href":"https:\/\/haakaabaltic.com\/lt\/wp-json\/wp\/v2\/comments?post=48889"}],"version-history":[{"count":2,"href":"https:\/\/haakaabaltic.com\/lt\/wp-json\/wp\/v2\/pages\/48889\/revisions"}],"predecessor-version":[{"id":48892,"href":"https:\/\/haakaabaltic.com\/lt\/wp-json\/wp\/v2\/pages\/48889\/revisions\/48892"}],"wp:attachment":[{"href":"https:\/\/haakaabaltic.com\/lt\/wp-json\/wp\/v2\/media?parent=48889"}],"curies":[{"name":"wp","href":"https:\/\/api.w.org\/{rel}","templated":true}]}}