{"id":48722,"date":"2020-01-13T06:50:18","date_gmt":"2020-01-13T06:50:18","guid":{"rendered":"https:\/\/haakaabaltic.com\/?page_id=48722"},"modified":"2025-01-28T21:07:39","modified_gmt":"2025-01-28T21:07:39","slug":"about-us","status":"publish","type":"page","link":"https:\/\/haakaabaltic.com\/lt\/about-us\/","title":{"rendered":"Apie mus"},"content":{"rendered":"\t\t<div data-elementor-type=\"wp-page\" data-elementor-id=\"48722\" class=\"elementor elementor-48722 elementor-9095\" data-elementor-post-type=\"page\">\n\t\t\t\t\t\t<section class=\"elementor-section elementor-top-section elementor-element elementor-element-774dc10 elementor-section-boxed elementor-section-height-default elementor-section-height-default\" data-id=\"774dc10\" data-element_type=\"section\">\n\t\t\t\t\t\t<div class=\"elementor-container elementor-column-gap-default\">\n\t\t\t\t\t<div class=\"elementor-column elementor-col-50 elementor-top-column elementor-element elementor-element-3e84398\" data-id=\"3e84398\" data-element_type=\"column\">\n\t\t\t<div class=\"elementor-widget-wrap elementor-element-populated\">\n\t\t\t\t\t\t<div class=\"elementor-element elementor-element-14f1003 elementor-widget elementor-widget-bwp_image\" data-id=\"14f1003\" data-element_type=\"widget\" data-widget_type=\"bwp_image.default\">\n\t\t\t\t<div class=\"elementor-widget-container\">\n\t\t\t<div class=\"bwp-widget-banner default\">\r\n\t\t\r\n\t<div class=\"bg-banner\">\r\n\t\t<div class=\"banner-wrapper banners\">\r\n\t\t\t<div class=\"bwp-image \">\r\n\t\t\t\t\t\t\t\t\t<a href=\"#\"><img decoding=\"async\" class=\"fade-in lazyload\" src=\"http:\/\/haakaabaltic.com\/wp-content\/uploads\/2024\/12\/Banner-3.1.png\" alt=\"Banner Image\"><\/a>\r\n\t\t\t\t\t\t\t<\/div>\r\n\t\t\t<div class=\"banner-wrapper-infor\">\r\n\t\t\t\t<div class=\"info\">\r\n\t\t\t\t\t<div class=\"content\">\r\n\t\t\t\t\t\t\t\t\t\t\t\t\t\t\t\t\t\t\t\t\t\t\t\t\t\t\t\t\t<\/div>\r\n\t\t\t\t<\/div>\r\n\t\t\t<\/div>\r\n\t\t<\/div>\r\n\t<\/div>\r\n\t<\/div>\r\n\t\t<\/div>\n\t\t\t\t<\/div>\n\t\t\t\t\t<\/div>\n\t\t<\/div>\n\t\t\t\t<div class=\"elementor-column elementor-col-50 elementor-top-column elementor-element elementor-element-ab855ec\" data-id=\"ab855ec\" data-element_type=\"column\">\n\t\t\t<div class=\"elementor-widget-wrap elementor-element-populated\">\n\t\t\t\t\t\t<div class=\"elementor-element elementor-element-0dcf7f0 elementor-widget elementor-widget-heading\" data-id=\"0dcf7f0\" data-element_type=\"widget\" data-widget_type=\"heading.default\">\n\t\t\t\t<div class=\"elementor-widget-container\">\n\t\t\t<h2 class=\"elementor-heading-title elementor-size-default\">Haakaa dabar prieinamas Baltijos \u0161eimoms!<\/h2>\t\t<\/div>\n\t\t\t\t<\/div>\n\t\t\t\t<div class=\"elementor-element elementor-element-04c7d54 elementor-widget elementor-widget-text-editor\" data-id=\"04c7d54\" data-element_type=\"widget\" data-widget_type=\"text-editor.default\">\n\t\t\t\t<div class=\"elementor-widget-container\">\n\t\t\t\t\t\t\t<p><strong>Prie\u0161 daugiau nei de\u0161imtmet\u012f Haakaa gim\u0117 i\u0161 motinos ry\u017eto rasti saugius ir ekologi\u0161kus produktus savo speciali\u0173j\u0173 poreiki\u0173 dukrai. <\/strong>\u0160iandien \u0161is u\u017esidegimas tapo pasaulyje pripa\u017eintu Naujosios Zelandijos prek\u0117s \u017eenklu, kur\u012f rekomenduoja profesionalai ir myli t\u0117vai. Haakaa peln\u0117 tokias apdovanojim\u0173 kaip Mom\u2019s Choice ir National Parenting Product Awards.<\/p><p>Per pastaruosius de\u0161imt met\u0173 Haakaa daugiausia d\u0117mesio skyr\u0117 prakti\u0161k\u0173 ir inovatyvi\u0173 sprendim\u0173 k\u016brimui, siekdama patenkinti t\u0117v\u0173 poreikius. Nuo n\u0117\u0161tumo iki ma\u017eylio am\u017eiaus Haakaa nuolat dirba kurdama produktus, kurie teikia naud\u0105 tiek \u0161eimoms, tiek aplinkai.<\/p><p>Haakaa did\u017eiuojasi ne tik savo produkt\u0173 funkcionalumu. Prek\u0117s \u017eenklas yra \u012fsipareigoj\u0119s gaminti netoksi\u0161kus, aplinkai draugi\u0161kus sprendimus \u2013 nuo produkt\u0173 iki pakuo\u010di\u0173. Naudojame auk\u0161\u010diausios kokyb\u0117s med\u017eiagas, atitinkan\u010dias grie\u017etus ISO, ES, FDA ir FSC standartus, ir kartu ma\u017einame atliekas kiekviename \u017eingsnyje.<\/p>\t\t\t\t\t\t<\/div>\n\t\t\t\t<\/div>\n\t\t\t\t<div class=\"elementor-element elementor-element-4491622 elementor-widget elementor-widget-text-editor\" data-id=\"4491622\" data-element_type=\"widget\" data-widget_type=\"text-editor.default\">\n\t\t\t\t<div class=\"elementor-widget-container\">\n\t\t\t\t\t\t\t<div class=\"flex max-w-full flex-col flex-grow\"><div class=\"min-h-8 text-message flex w-full flex-col items-end gap-2 whitespace-normal break-words text-start [.text-message+&amp;]:mt-5\" dir=\"auto\" data-message-author-role=\"assistant\" data-message-id=\"588183e2-0995-4330-9aca-8a839d8c0c7f\" data-message-model-slug=\"gpt-4o\"><div class=\"flex w-full flex-col gap-1 empty:hidden first:pt-[3px]\"><div class=\"markdown prose w-full break-words dark:prose-invert light\"><p>Kaip oficial\u016bs Haakaa platintojai Baltijos \u0161alyse, did\u017eiuojam\u0117s prisijung\u0119 prie pasaulin\u0117s Haakaa \u0161eimos ir dalindamiesi misija palaikyti t\u0117vus bei palengvinti kasdien\u012f gyvenim\u0105.<\/p><\/div><\/div><\/div><\/div>\t\t\t\t\t\t<\/div>\n\t\t\t\t<\/div>\n\t\t\t\t\t<\/div>\n\t\t<\/div>\n\t\t\t\t\t<\/div>\n\t\t<\/section>\n\t\t\t\t<section class=\"elementor-section elementor-top-section elementor-element elementor-element-63506ae elementor-section-full_width elementor-section-height-default elementor-section-height-default\" data-id=\"63506ae\" data-element_type=\"section\">\n\t\t\t\t\t\t<div class=\"elementor-container elementor-column-gap-default\">\n\t\t\t\t\t<div class=\"elementor-column elementor-col-100 elementor-top-column elementor-element elementor-element-3f6e043\" data-id=\"3f6e043\" data-element_type=\"column\">\n\t\t\t<div class=\"elementor-widget-wrap elementor-element-populated\">\n\t\t\t\t\t\t<div class=\"elementor-element elementor-element-0b3c0ac elementor-widget-divider--view-line elementor-widget elementor-widget-divider\" data-id=\"0b3c0ac\" data-element_type=\"widget\" data-widget_type=\"divider.default\">\n\t\t\t\t<div class=\"elementor-widget-container\">\n\t\t\t\t\t<div class=\"elementor-divider\">\n\t\t\t<span class=\"elementor-divider-separator\">\n\t\t\t\t\t\t<\/span>\n\t\t<\/div>\n\t\t\t\t<\/div>\n\t\t\t\t<\/div>\n\t\t\t\t\t<\/div>\n\t\t<\/div>\n\t\t\t\t\t<\/div>\n\t\t<\/section>\n\t\t\t\t<\/div>\n\t\t","protected":false},"excerpt":{"rendered":"<p>Haakaa dabar prieinamas Baltijos \u0161eimoms! Prie\u0161 daugiau nei de\u0161imtmet\u012f Haakaa gim\u0117 i\u0161 motinos ry\u017eto rasti saugius ir ekologi\u0161kus produktus savo speciali\u0173j\u0173 poreiki\u0173 dukrai. \u0160iandien \u0161is u\u017esidegimas tapo pasaulyje pripa\u017eintu Naujosios Zelandijos prek\u0117s \u017eenklu, kur\u012f rekomenduoja profesionalai ir myli t\u0117vai. Haakaa peln\u0117 tokias apdovanojim\u0173 kaip Mom\u2019s Choice ir National Parenting Product Awards. Per pastaruosius de\u0161imt met\u0173 [&hellip;]<\/p>\n","protected":false},"author":3,"featured_media":0,"parent":0,"menu_order":0,"comment_status":"closed","ping_status":"closed","template":"","meta":{"footnotes":""},"class_list":["post-48722","page","type-page","status-publish","hentry"],"yoast_head":"<!-- This site is optimized with the Yoast SEO plugin v24.3 - https:\/\/yoast.com\/wordpress\/plugins\/seo\/ -->\n<title>Apie mus - haakaabaltic.com<\/title>\n<meta name=\"robots\" content=\"index, follow, max-snippet:-1, max-image-preview:large, max-video-preview:-1\" \/>\n<link rel=\"canonical\" href=\"https:\/\/haakaabaltic.com\/lt\/about-us\/\" \/>\n<meta property=\"og:locale\" content=\"lt_LT\" \/>\n<meta property=\"og:type\" content=\"article\" \/>\n<meta property=\"og:title\" content=\"Apie mus - haakaabaltic.com\" \/>\n<meta property=\"og:description\" content=\"Haakaa dabar prieinamas Baltijos \u0161eimoms! Prie\u0161 daugiau nei de\u0161imtmet\u012f Haakaa gim\u0117 i\u0161 motinos ry\u017eto rasti saugius ir ekologi\u0161kus produktus savo speciali\u0173j\u0173 poreiki\u0173 dukrai. \u0160iandien \u0161is u\u017esidegimas tapo pasaulyje pripa\u017eintu Naujosios Zelandijos prek\u0117s \u017eenklu, kur\u012f rekomenduoja profesionalai ir myli t\u0117vai. Haakaa peln\u0117 tokias apdovanojim\u0173 kaip Mom\u2019s Choice ir National Parenting Product Awards. Per pastaruosius de\u0161imt met\u0173 [&hellip;]\" \/>\n<meta property=\"og:url\" content=\"https:\/\/haakaabaltic.com\/lt\/about-us\/\" \/>\n<meta property=\"og:site_name\" content=\"haakaabaltic.com\" \/>\n<meta property=\"article:publisher\" content=\"https:\/\/www.facebook.com\/share\/1A2a9UZQB4\/?mibextid=wwXIfr\" \/>\n<meta property=\"article:modified_time\" content=\"2025-01-28T21:07:39+00:00\" \/>\n<meta property=\"og:image\" content=\"https:\/\/haakaabaltic.com\/wp-content\/uploads\/2025\/01\/favicon-haakaa-250x250-1.png\" \/>\n<meta name=\"twitter:card\" content=\"summary_large_image\" \/>\n<meta name=\"twitter:label1\" content=\"Est. reading time\" \/>\n\t<meta name=\"twitter:data1\" content=\"1 minut\u0117\" \/>\n<script type=\"application\/ld+json\" class=\"yoast-schema-graph\">{\"@context\":\"https:\/\/schema.org\",\"@graph\":[{\"@type\":\"WebPage\",\"@id\":\"https:\/\/haakaabaltic.com\/lt\/about-us\/\",\"url\":\"https:\/\/haakaabaltic.com\/lt\/about-us\/\",\"name\":\"Apie mus - haakaabaltic.com\",\"isPartOf\":{\"@id\":\"https:\/\/haakaabaltic.com\/#website\"},\"primaryImageOfPage\":{\"@id\":\"https:\/\/haakaabaltic.com\/lt\/about-us\/#primaryimage\"},\"image\":{\"@id\":\"https:\/\/haakaabaltic.com\/lt\/about-us\/#primaryimage\"},\"thumbnailUrl\":\"http:\/\/haakaabaltic.com\/wp-content\/uploads\/2024\/12\/Banner-3.1.png\",\"datePublished\":\"2020-01-13T06:50:18+00:00\",\"dateModified\":\"2025-01-28T21:07:39+00:00\",\"breadcrumb\":{\"@id\":\"https:\/\/haakaabaltic.com\/lt\/about-us\/#breadcrumb\"},\"inLanguage\":\"lt-LT\",\"potentialAction\":[{\"@type\":\"ReadAction\",\"target\":[\"https:\/\/haakaabaltic.com\/lt\/about-us\/\"]}]},{\"@type\":\"ImageObject\",\"inLanguage\":\"lt-LT\",\"@id\":\"https:\/\/haakaabaltic.com\/lt\/about-us\/#primaryimage\",\"url\":\"http:\/\/haakaabaltic.com\/wp-content\/uploads\/2024\/12\/Banner-3.1.png\",\"contentUrl\":\"http:\/\/haakaabaltic.com\/wp-content\/uploads\/2024\/12\/Banner-3.1.png\"},{\"@type\":\"BreadcrumbList\",\"@id\":\"https:\/\/haakaabaltic.com\/lt\/about-us\/#breadcrumb\",\"itemListElement\":[{\"@type\":\"ListItem\",\"position\":1,\"name\":\"Home\",\"item\":\"https:\/\/haakaabaltic.com\/lt\/\"},{\"@type\":\"ListItem\",\"position\":2,\"name\":\"Apie mus\"}]},{\"@type\":\"WebSite\",\"@id\":\"https:\/\/haakaabaltic.com\/#website\",\"url\":\"https:\/\/haakaabaltic.com\/\",\"name\":\"haakaabaltic.com\",\"description\":\"\",\"publisher\":{\"@id\":\"https:\/\/haakaabaltic.com\/#organization\"},\"potentialAction\":[{\"@type\":\"SearchAction\",\"target\":{\"@type\":\"EntryPoint\",\"urlTemplate\":\"https:\/\/haakaabaltic.com\/?s={search_term_string}\"},\"query-input\":{\"@type\":\"PropertyValueSpecification\",\"valueRequired\":true,\"valueName\":\"search_term_string\"}}],\"inLanguage\":\"lt-LT\"},{\"@type\":\"Organization\",\"@id\":\"https:\/\/haakaabaltic.com\/#organization\",\"name\":\"haakaabaltic.com\",\"url\":\"https:\/\/haakaabaltic.com\/\",\"logo\":{\"@type\":\"ImageObject\",\"inLanguage\":\"lt-LT\",\"@id\":\"https:\/\/haakaabaltic.com\/#\/schema\/logo\/image\/\",\"url\":\"https:\/\/haakaabaltic.com\/wp-content\/uploads\/2025\/01\/haakaa-logo.svg\",\"contentUrl\":\"https:\/\/haakaabaltic.com\/wp-content\/uploads\/2025\/01\/haakaa-logo.svg\",\"width\":2232,\"height\":1803,\"caption\":\"haakaabaltic.com\"},\"image\":{\"@id\":\"https:\/\/haakaabaltic.com\/#\/schema\/logo\/image\/\"},\"sameAs\":[\"https:\/\/www.facebook.com\/share\/1A2a9UZQB4\/?mibextid=wwXIfr\"]}]}<\/script>\n<!-- \/ Yoast SEO plugin. -->","yoast_head_json":{"title":"Apie mus - haakaabaltic.com","robots":{"index":"index","follow":"follow","max-snippet":"max-snippet:-1","max-image-preview":"max-image-preview:large","max-video-preview":"max-video-preview:-1"},"canonical":"https:\/\/haakaabaltic.com\/lt\/about-us\/","og_locale":"lt_LT","og_type":"article","og_title":"Apie mus - haakaabaltic.com","og_description":"Haakaa dabar prieinamas Baltijos \u0161eimoms! Prie\u0161 daugiau nei de\u0161imtmet\u012f Haakaa gim\u0117 i\u0161 motinos ry\u017eto rasti saugius ir ekologi\u0161kus produktus savo speciali\u0173j\u0173 poreiki\u0173 dukrai. \u0160iandien \u0161is u\u017esidegimas tapo pasaulyje pripa\u017eintu Naujosios Zelandijos prek\u0117s \u017eenklu, kur\u012f rekomenduoja profesionalai ir myli t\u0117vai. Haakaa peln\u0117 tokias apdovanojim\u0173 kaip Mom\u2019s Choice ir National Parenting Product Awards. Per pastaruosius de\u0161imt met\u0173 [&hellip;]","og_url":"https:\/\/haakaabaltic.com\/lt\/about-us\/","og_site_name":"haakaabaltic.com","article_publisher":"https:\/\/www.facebook.com\/share\/1A2a9UZQB4\/?mibextid=wwXIfr","article_modified_time":"2025-01-28T21:07:39+00:00","og_image":[{"url":"https:\/\/haakaabaltic.com\/wp-content\/uploads\/2025\/01\/favicon-haakaa-250x250-1.png","type":"","width":"","height":""}],"twitter_card":"summary_large_image","twitter_misc":{"Est. reading time":"1 minut\u0117"},"schema":{"@context":"https:\/\/schema.org","@graph":[{"@type":"WebPage","@id":"https:\/\/haakaabaltic.com\/lt\/about-us\/","url":"https:\/\/haakaabaltic.com\/lt\/about-us\/","name":"Apie mus - haakaabaltic.com","isPartOf":{"@id":"https:\/\/haakaabaltic.com\/#website"},"primaryImageOfPage":{"@id":"https:\/\/haakaabaltic.com\/lt\/about-us\/#primaryimage"},"image":{"@id":"https:\/\/haakaabaltic.com\/lt\/about-us\/#primaryimage"},"thumbnailUrl":"http:\/\/haakaabaltic.com\/wp-content\/uploads\/2024\/12\/Banner-3.1.png","datePublished":"2020-01-13T06:50:18+00:00","dateModified":"2025-01-28T21:07:39+00:00","breadcrumb":{"@id":"https:\/\/haakaabaltic.com\/lt\/about-us\/#breadcrumb"},"inLanguage":"lt-LT","potentialAction":[{"@type":"ReadAction","target":["https:\/\/haakaabaltic.com\/lt\/about-us\/"]}]},{"@type":"ImageObject","inLanguage":"lt-LT","@id":"https:\/\/haakaabaltic.com\/lt\/about-us\/#primaryimage","url":"http:\/\/haakaabaltic.com\/wp-content\/uploads\/2024\/12\/Banner-3.1.png","contentUrl":"http:\/\/haakaabaltic.com\/wp-content\/uploads\/2024\/12\/Banner-3.1.png"},{"@type":"BreadcrumbList","@id":"https:\/\/haakaabaltic.com\/lt\/about-us\/#breadcrumb","itemListElement":[{"@type":"ListItem","position":1,"name":"Home","item":"https:\/\/haakaabaltic.com\/lt\/"},{"@type":"ListItem","position":2,"name":"Apie mus"}]},{"@type":"WebSite","@id":"https:\/\/haakaabaltic.com\/#website","url":"https:\/\/haakaabaltic.com\/","name":"haakaabaltic.com","description":"","publisher":{"@id":"https:\/\/haakaabaltic.com\/#organization"},"potentialAction":[{"@type":"SearchAction","target":{"@type":"EntryPoint","urlTemplate":"https:\/\/haakaabaltic.com\/?s={search_term_string}"},"query-input":{"@type":"PropertyValueSpecification","valueRequired":true,"valueName":"search_term_string"}}],"inLanguage":"lt-LT"},{"@type":"Organization","@id":"https:\/\/haakaabaltic.com\/#organization","name":"haakaabaltic.com","url":"https:\/\/haakaabaltic.com\/","logo":{"@type":"ImageObject","inLanguage":"lt-LT","@id":"https:\/\/haakaabaltic.com\/#\/schema\/logo\/image\/","url":"https:\/\/haakaabaltic.com\/wp-content\/uploads\/2025\/01\/haakaa-logo.svg","contentUrl":"https:\/\/haakaabaltic.com\/wp-content\/uploads\/2025\/01\/haakaa-logo.svg","width":2232,"height":1803,"caption":"haakaabaltic.com"},"image":{"@id":"https:\/\/haakaabaltic.com\/#\/schema\/logo\/image\/"},"sameAs":["https:\/\/www.facebook.com\/share\/1A2a9UZQB4\/?mibextid=wwXIfr"]}]}},"_links":{"self":[{"href":"https:\/\/haakaabaltic.com\/lt\/wp-json\/wp\/v2\/pages\/48722","targetHints":{"allow":["GET"]}}],"collection":[{"href":"https:\/\/haakaabaltic.com\/lt\/wp-json\/wp\/v2\/pages"}],"about":[{"href":"https:\/\/haakaabaltic.com\/lt\/wp-json\/wp\/v2\/types\/page"}],"author":[{"embeddable":true,"href":"https:\/\/haakaabaltic.com\/lt\/wp-json\/wp\/v2\/users\/3"}],"replies":[{"embeddable":true,"href":"https:\/\/haakaabaltic.com\/lt\/wp-json\/wp\/v2\/comments?post=48722"}],"version-history":[{"count":5,"href":"https:\/\/haakaabaltic.com\/lt\/wp-json\/wp\/v2\/pages\/48722\/revisions"}],"predecessor-version":[{"id":48727,"href":"https:\/\/haakaabaltic.com\/lt\/wp-json\/wp\/v2\/pages\/48722\/revisions\/48727"}],"wp:attachment":[{"href":"https:\/\/haakaabaltic.com\/lt\/wp-json\/wp\/v2\/media?parent=48722"}],"curies":[{"name":"wp","href":"https:\/\/api.w.org\/{rel}","templated":true}]}}