{"id":48700,"date":"2025-01-28T11:50:50","date_gmt":"2025-01-28T11:50:50","guid":{"rendered":"https:\/\/haakaabaltic.com\/?page_id=48700"},"modified":"2025-01-28T12:04:41","modified_gmt":"2025-01-28T12:04:41","slug":"pristatymas-ir-grazinimas","status":"publish","type":"page","link":"https:\/\/haakaabaltic.com\/lt\/pristatymas-ir-grazinimas\/","title":{"rendered":"Pristatymas ir Gr\u0105\u017einimas"},"content":{"rendered":"\n<p><strong>1. Pristatymo S\u0105lygos<\/strong><\/p>\n\n\n\n<p>1.1. Prek\u0117s pristatomos \u012f \u0161ias \u0161alis: Latvija, Lietuva, Estija.<br>1.2. Jei klientas nori prekes pristatyti \u012f kitas \u0161alis, jis tur\u0117t\u0173 susisiekti su vietiniu platintoju arba pateikti u\u017eklaus\u0105 mums, o mes nukreipsime \u012f vietin\u012f platintoj\u0105.<br>1.3. Pristatymo b\u016bdai: Omniva ir DPD pa\u0161tomatai.<br>1.4. U\u017esakymai i\u0161siun\u010diami per 1-3 darbo dienas, o pristatymas trunka iki 5 darbo dien\u0173.<br>1.5. Haakaa Baltic nepriima tarptautini\u0173 u\u017esakym\u0173.<\/p>\n\n\n\n<p><strong>2. Gr\u0105\u017einimo S\u0105lygos<\/strong><\/p>\n\n\n\n<p>2.1. Pirk\u0117jas turi teis\u0119 atsisakyti sutarties ir gr\u0105\u017einti prekes per keturiolika (14) dien\u0173 nuo preki\u0173 gavimo, jei laikomasi \u0161i\u0173 s\u0105lyg\u0173:<\/p>\n\n\n\n<ul class=\"wp-block-list\">\n<li>Prek\u0117 nebuvo naudota, o sterilios pakuot\u0117s apsauginis plombavimas n\u0117ra pa\u017eeistas. \u0160i s\u0105lyga taikoma prek\u0117ms, kurios tiesiogiai lie\u010diasi su maistu ar intymiomis k\u016bno dalimis, taip pat prek\u0117ms, skirtoms tokiems procesams kaip maitinimas, nosies valymas ar maniki\u016bras.<\/li>\n\n\n\n<li>Prek\u0117s pakuot\u0117 turi b\u016bti originalios b\u016bkl\u0117s, nepa\u017eeista ir nepakeista.<\/li>\n<\/ul>\n\n\n\n<p>2.2. Jei prek\u0117 buvo naudota, sterilios pakuot\u0117s apsauga yra pa\u017eeista arba pakuot\u0117 sugadinta, Haakaa Baltic pasilieka teis\u0119 atsisakyti gr\u0105\u017einti pinigus ir gr\u0105\u017einti prek\u0119 pirk\u0117jui.<br>2.3. Pirk\u0117jas gali pakeisti prek\u0119 \u012f kit\u0105 model\u012f, dyd\u012f ar spalv\u0105, jei laikomasi vis\u0173 auk\u0161\u010diau nurodyt\u0173 s\u0105lyg\u0173.<br>2.4. \u0160ios s\u0105lygos yra svarbios d\u0117l higienos reikalavim\u0173, kad b\u016bt\u0173 u\u017etikrintas preki\u0173 sterilumas ir saugumas.<br>2.5. Preki\u0173 gr\u0105\u017einimo i\u0161laidas padengia Haakaa Baltic. Pirk\u0117jas tur\u0117t\u0173 susisiekti su Haakaa Baltic per 14 dien\u0173 nuo preki\u0173 gavimo, kad gaut\u0173 informacij\u0105 apie gr\u0105\u017einimo proces\u0105.<\/p>\n","protected":false},"excerpt":{"rendered":"<p>1. Pristatymo S\u0105lygos 1.1. Prek\u0117s pristatomos \u012f \u0161ias \u0161alis: Latvija, Lietuva, Estija.1.2. Jei klientas nori prekes pristatyti \u012f kitas \u0161alis, jis tur\u0117t\u0173 susisiekti su vietiniu platintoju arba pateikti u\u017eklaus\u0105 mums, o mes nukreipsime \u012f vietin\u012f platintoj\u0105.1.3. Pristatymo b\u016bdai: Omniva ir DPD pa\u0161tomatai.1.4. U\u017esakymai i\u0161siun\u010diami per 1-3 darbo dienas, o pristatymas trunka iki 5 darbo dien\u0173.1.5. [&hellip;]<\/p>\n","protected":false},"author":3,"featured_media":0,"parent":0,"menu_order":0,"comment_status":"closed","ping_status":"closed","template":"","meta":{"footnotes":""},"class_list":["post-48700","page","type-page","status-publish","hentry"],"yoast_head":"<!-- This site is optimized with the Yoast SEO plugin v24.3 - https:\/\/yoast.com\/wordpress\/plugins\/seo\/ -->\n<title>Pristatymas ir Gr\u0105\u017einimas - haakaabaltic.com<\/title>\n<meta name=\"robots\" content=\"index, follow, max-snippet:-1, max-image-preview:large, max-video-preview:-1\" \/>\n<link rel=\"canonical\" href=\"https:\/\/haakaabaltic.com\/lt\/pristatymas-ir-grazinimas\/\" \/>\n<meta property=\"og:locale\" content=\"lt_LT\" \/>\n<meta property=\"og:type\" content=\"article\" \/>\n<meta property=\"og:title\" content=\"Pristatymas ir Gr\u0105\u017einimas - haakaabaltic.com\" \/>\n<meta property=\"og:description\" content=\"1. Pristatymo S\u0105lygos 1.1. Prek\u0117s pristatomos \u012f \u0161ias \u0161alis: Latvija, Lietuva, Estija.1.2. Jei klientas nori prekes pristatyti \u012f kitas \u0161alis, jis tur\u0117t\u0173 susisiekti su vietiniu platintoju arba pateikti u\u017eklaus\u0105 mums, o mes nukreipsime \u012f vietin\u012f platintoj\u0105.1.3. Pristatymo b\u016bdai: Omniva ir DPD pa\u0161tomatai.1.4. U\u017esakymai i\u0161siun\u010diami per 1-3 darbo dienas, o pristatymas trunka iki 5 darbo dien\u0173.1.5. [&hellip;]\" \/>\n<meta property=\"og:url\" content=\"https:\/\/haakaabaltic.com\/lt\/pristatymas-ir-grazinimas\/\" \/>\n<meta property=\"og:site_name\" content=\"haakaabaltic.com\" \/>\n<meta property=\"article:publisher\" content=\"https:\/\/www.facebook.com\/share\/1A2a9UZQB4\/?mibextid=wwXIfr\" \/>\n<meta property=\"article:modified_time\" content=\"2025-01-28T12:04:41+00:00\" \/>\n<meta name=\"twitter:card\" content=\"summary_large_image\" \/>\n<meta name=\"twitter:label1\" content=\"Est. reading time\" \/>\n\t<meta name=\"twitter:data1\" content=\"1 minut\u0117\" \/>\n<script type=\"application\/ld+json\" class=\"yoast-schema-graph\">{\"@context\":\"https:\/\/schema.org\",\"@graph\":[{\"@type\":\"WebPage\",\"@id\":\"https:\/\/haakaabaltic.com\/lt\/pristatymas-ir-grazinimas\/\",\"url\":\"https:\/\/haakaabaltic.com\/lt\/pristatymas-ir-grazinimas\/\",\"name\":\"Pristatymas ir Gr\u0105\u017einimas - haakaabaltic.com\",\"isPartOf\":{\"@id\":\"https:\/\/haakaabaltic.com\/#website\"},\"datePublished\":\"2025-01-28T11:50:50+00:00\",\"dateModified\":\"2025-01-28T12:04:41+00:00\",\"breadcrumb\":{\"@id\":\"https:\/\/haakaabaltic.com\/lt\/pristatymas-ir-grazinimas\/#breadcrumb\"},\"inLanguage\":\"lt-LT\",\"potentialAction\":[{\"@type\":\"ReadAction\",\"target\":[\"https:\/\/haakaabaltic.com\/lt\/pristatymas-ir-grazinimas\/\"]}]},{\"@type\":\"BreadcrumbList\",\"@id\":\"https:\/\/haakaabaltic.com\/lt\/pristatymas-ir-grazinimas\/#breadcrumb\",\"itemListElement\":[{\"@type\":\"ListItem\",\"position\":1,\"name\":\"Home\",\"item\":\"https:\/\/haakaabaltic.com\/lt\/\"},{\"@type\":\"ListItem\",\"position\":2,\"name\":\"Pristatymas ir Gr\u0105\u017einimas\"}]},{\"@type\":\"WebSite\",\"@id\":\"https:\/\/haakaabaltic.com\/#website\",\"url\":\"https:\/\/haakaabaltic.com\/\",\"name\":\"haakaabaltic.com\",\"description\":\"\",\"publisher\":{\"@id\":\"https:\/\/haakaabaltic.com\/#organization\"},\"potentialAction\":[{\"@type\":\"SearchAction\",\"target\":{\"@type\":\"EntryPoint\",\"urlTemplate\":\"https:\/\/haakaabaltic.com\/?s={search_term_string}\"},\"query-input\":{\"@type\":\"PropertyValueSpecification\",\"valueRequired\":true,\"valueName\":\"search_term_string\"}}],\"inLanguage\":\"lt-LT\"},{\"@type\":\"Organization\",\"@id\":\"https:\/\/haakaabaltic.com\/#organization\",\"name\":\"haakaabaltic.com\",\"url\":\"https:\/\/haakaabaltic.com\/\",\"logo\":{\"@type\":\"ImageObject\",\"inLanguage\":\"lt-LT\",\"@id\":\"https:\/\/haakaabaltic.com\/#\/schema\/logo\/image\/\",\"url\":\"https:\/\/haakaabaltic.com\/wp-content\/uploads\/2025\/01\/haakaa-logo.svg\",\"contentUrl\":\"https:\/\/haakaabaltic.com\/wp-content\/uploads\/2025\/01\/haakaa-logo.svg\",\"width\":2232,\"height\":1803,\"caption\":\"haakaabaltic.com\"},\"image\":{\"@id\":\"https:\/\/haakaabaltic.com\/#\/schema\/logo\/image\/\"},\"sameAs\":[\"https:\/\/www.facebook.com\/share\/1A2a9UZQB4\/?mibextid=wwXIfr\"]}]}<\/script>\n<!-- \/ Yoast SEO plugin. -->","yoast_head_json":{"title":"Pristatymas ir Gr\u0105\u017einimas - haakaabaltic.com","robots":{"index":"index","follow":"follow","max-snippet":"max-snippet:-1","max-image-preview":"max-image-preview:large","max-video-preview":"max-video-preview:-1"},"canonical":"https:\/\/haakaabaltic.com\/lt\/pristatymas-ir-grazinimas\/","og_locale":"lt_LT","og_type":"article","og_title":"Pristatymas ir Gr\u0105\u017einimas - haakaabaltic.com","og_description":"1. Pristatymo S\u0105lygos 1.1. Prek\u0117s pristatomos \u012f \u0161ias \u0161alis: Latvija, Lietuva, Estija.1.2. Jei klientas nori prekes pristatyti \u012f kitas \u0161alis, jis tur\u0117t\u0173 susisiekti su vietiniu platintoju arba pateikti u\u017eklaus\u0105 mums, o mes nukreipsime \u012f vietin\u012f platintoj\u0105.1.3. Pristatymo b\u016bdai: Omniva ir DPD pa\u0161tomatai.1.4. U\u017esakymai i\u0161siun\u010diami per 1-3 darbo dienas, o pristatymas trunka iki 5 darbo dien\u0173.1.5. [&hellip;]","og_url":"https:\/\/haakaabaltic.com\/lt\/pristatymas-ir-grazinimas\/","og_site_name":"haakaabaltic.com","article_publisher":"https:\/\/www.facebook.com\/share\/1A2a9UZQB4\/?mibextid=wwXIfr","article_modified_time":"2025-01-28T12:04:41+00:00","twitter_card":"summary_large_image","twitter_misc":{"Est. reading time":"1 minut\u0117"},"schema":{"@context":"https:\/\/schema.org","@graph":[{"@type":"WebPage","@id":"https:\/\/haakaabaltic.com\/lt\/pristatymas-ir-grazinimas\/","url":"https:\/\/haakaabaltic.com\/lt\/pristatymas-ir-grazinimas\/","name":"Pristatymas ir Gr\u0105\u017einimas - haakaabaltic.com","isPartOf":{"@id":"https:\/\/haakaabaltic.com\/#website"},"datePublished":"2025-01-28T11:50:50+00:00","dateModified":"2025-01-28T12:04:41+00:00","breadcrumb":{"@id":"https:\/\/haakaabaltic.com\/lt\/pristatymas-ir-grazinimas\/#breadcrumb"},"inLanguage":"lt-LT","potentialAction":[{"@type":"ReadAction","target":["https:\/\/haakaabaltic.com\/lt\/pristatymas-ir-grazinimas\/"]}]},{"@type":"BreadcrumbList","@id":"https:\/\/haakaabaltic.com\/lt\/pristatymas-ir-grazinimas\/#breadcrumb","itemListElement":[{"@type":"ListItem","position":1,"name":"Home","item":"https:\/\/haakaabaltic.com\/lt\/"},{"@type":"ListItem","position":2,"name":"Pristatymas ir Gr\u0105\u017einimas"}]},{"@type":"WebSite","@id":"https:\/\/haakaabaltic.com\/#website","url":"https:\/\/haakaabaltic.com\/","name":"haakaabaltic.com","description":"","publisher":{"@id":"https:\/\/haakaabaltic.com\/#organization"},"potentialAction":[{"@type":"SearchAction","target":{"@type":"EntryPoint","urlTemplate":"https:\/\/haakaabaltic.com\/?s={search_term_string}"},"query-input":{"@type":"PropertyValueSpecification","valueRequired":true,"valueName":"search_term_string"}}],"inLanguage":"lt-LT"},{"@type":"Organization","@id":"https:\/\/haakaabaltic.com\/#organization","name":"haakaabaltic.com","url":"https:\/\/haakaabaltic.com\/","logo":{"@type":"ImageObject","inLanguage":"lt-LT","@id":"https:\/\/haakaabaltic.com\/#\/schema\/logo\/image\/","url":"https:\/\/haakaabaltic.com\/wp-content\/uploads\/2025\/01\/haakaa-logo.svg","contentUrl":"https:\/\/haakaabaltic.com\/wp-content\/uploads\/2025\/01\/haakaa-logo.svg","width":2232,"height":1803,"caption":"haakaabaltic.com"},"image":{"@id":"https:\/\/haakaabaltic.com\/#\/schema\/logo\/image\/"},"sameAs":["https:\/\/www.facebook.com\/share\/1A2a9UZQB4\/?mibextid=wwXIfr"]}]}},"_links":{"self":[{"href":"https:\/\/haakaabaltic.com\/lt\/wp-json\/wp\/v2\/pages\/48700","targetHints":{"allow":["GET"]}}],"collection":[{"href":"https:\/\/haakaabaltic.com\/lt\/wp-json\/wp\/v2\/pages"}],"about":[{"href":"https:\/\/haakaabaltic.com\/lt\/wp-json\/wp\/v2\/types\/page"}],"author":[{"embeddable":true,"href":"https:\/\/haakaabaltic.com\/lt\/wp-json\/wp\/v2\/users\/3"}],"replies":[{"embeddable":true,"href":"https:\/\/haakaabaltic.com\/lt\/wp-json\/wp\/v2\/comments?post=48700"}],"version-history":[{"count":1,"href":"https:\/\/haakaabaltic.com\/lt\/wp-json\/wp\/v2\/pages\/48700\/revisions"}],"predecessor-version":[{"id":48701,"href":"https:\/\/haakaabaltic.com\/lt\/wp-json\/wp\/v2\/pages\/48700\/revisions\/48701"}],"wp:attachment":[{"href":"https:\/\/haakaabaltic.com\/lt\/wp-json\/wp\/v2\/media?parent=48700"}],"curies":[{"name":"wp","href":"https:\/\/api.w.org\/{rel}","templated":true}]}}