{"id":48520,"date":"2024-11-09T20:20:16","date_gmt":"2024-11-09T20:20:16","guid":{"rendered":"https:\/\/haakaabaltic.com\/?page_id=48520"},"modified":"2025-01-21T20:58:08","modified_gmt":"2025-01-21T20:58:08","slug":"privatumo-politika","status":"publish","type":"page","link":"https:\/\/haakaabaltic.com\/lt\/privatumo-politika\/","title":{"rendered":"Privatumo politika"},"content":{"rendered":"\n<p><\/p>\n\n\n\n<p><strong>1. Bendrosios nuostatos<br><\/strong>1.1. \u0160i privatumo politika reguliuoja asmens duomen\u0173 rinkimo, apdorojimo ir saugojimo principus. Asmens duomenis apdoroja ir saugo SIA Brand Bar, veikiantis preki\u0173 \u017eenklu Haakaa Baltic (toliau \u2013 &#8220;Duomen\u0173 valdytojas&#8221;), kuris yra atsakingas u\u017e asmens duomen\u0173 apdorojim\u0105.<\/p>\n\n\n\n<p>1.2. \u0160ios privatumo politikos tikslais duomen\u0173 subjektas yra klientas arba kita fizin\u0117 asmenyb\u0117, kurios asmens duomenys yra apdorojami Duomen\u0173 valdytojo.<\/p>\n\n\n\n<p>1.3. \u0160ios privatumo politikos tikslais klientas yra asmuo, kuris perka prekes arba paslaugas Duomen\u0173 valdytojo svetain\u0117je.<\/p>\n\n\n\n<p>1.4. Duomen\u0173 valdytojas laikosi asmens duomen\u0173 apdorojimo princip\u0173, numatyt\u0173 teis\u0117s aktuose, ir apdoroja asmens duomenis teis\u0117tai, s\u0105\u017einingai ir saugiai. Duomen\u0173 valdytojas u\u017etikrina, kad asmens duomenys b\u016bt\u0173 apdorojami pagal teis\u0117s akt\u0173 nuostatas.<\/p>\n\n\n\n<p><strong>2. Asmens duomen\u0173 rinkimas, apdorojimas ir saugojimas<br><\/strong>2.1. Asmens duomenys, kuriuos renka, apdoroja ir saugo Duomen\u0173 valdytojas, renkami elektroniniu b\u016bdu per svetain\u0119 ir el. pa\u0161t\u0105.<\/p>\n\n\n\n<p>2.2. Dalydamasis savo asmens duomenimis, duomen\u0173 subjektas suteikia Duomen\u0173 valdytojui teis\u0119 rinkti, tvarkyti, naudoti ir administruoti asmens duomenis, kuriuos duomen\u0173 subjektas pateikia tiesiogiai arba netiesiogiai perkant prekes ar paslaugas svetain\u0117je, pagal \u0161ioje privatumo politikoje nurodytus tikslus.<\/p>\n\n\n\n<p>2.3. Duomen\u0173 subjektas atsako u\u017e pateikt\u0173 duomen\u0173 tikslum\u0105, teisingum\u0105 ir pilnum\u0105. Apgalvotai klaiding\u0173 duomen\u0173 pateikimas laikomas \u0161ios privatumo politikos pa\u017eeidimu. Duomen\u0173 subjektas privalo nedelsdamas informuoti Duomen\u0173 valdytoj\u0105 apie bet kokius pateikt\u0173 duomen\u0173 pasikeitimus.<\/p>\n\n\n\n<p>2.4. Duomen\u0173 valdytojas neatsako u\u017e bet koki\u0105 \u017eal\u0105 ar nuostolius, kuriuos patiria duomen\u0173 subjektas ar tre\u010diosios \u0161alys d\u0117l klaiding\u0173 duomen\u0173 pateikimo.<\/p>\n\n\n\n<p><strong>Klient\u0173 asmens duomen\u0173 apdorojimas<br><\/strong>3.1. Duomen\u0173 valdytojas gali apdoroti \u0161iuos duomen\u0173 subjekto asmens duomenis:<\/p>\n\n\n\n<p>Vardas ir pavard\u0117;<br>Gimimo data;<br>Telefono numeris;<br>El. pa\u0161to adresas;<br>Pristatymo adresas;<br>Banko s\u0105skaitos numeris;<br>Mok\u0117jimo duomenys, reikalingi sandoriams u\u017ebaigti.<br>3.2. Duomen\u0173 valdytojas taip pat gali rinkti duomenis apie klient\u0105 i\u0161 vie\u0161\u0173j\u0173 registr\u0173, jei tai taikoma.<\/p>\n\n\n\n<p>3.3. Asmens duomen\u0173 apdorojimo teisinis pagrindas nustatytas Bendrojo duomen\u0173 apsaugos reglamento (BDAR) 6 straipsnio 1 dalyje:<\/p>\n\n\n\n<p>(a) Duomen\u0173 subjektas dav\u0117 sutikim\u0105 vienam ar keliems konkretiems tikslams.<br>(b) Apdorojimas yra b\u016btinas sutarties, kurioje duomen\u0173 subjektas yra \u0161alis, vykdymui.<br>(c) Apdorojimas yra b\u016btinas teisiniam \u012fsipareigojimui \u012fvykdyti.<br>(f) Apdorojimas yra b\u016btinas siekiant teis\u0117t\u0173 Duomen\u0173 valdytojo arba tre\u010di\u0173j\u0173 \u0161ali\u0173 interes\u0173, i\u0161skyrus atvejus, kai juos nusveria duomen\u0173 subjekto interesai ar teis\u0117s.<br>3.4. Asmens duomen\u0173 apdorojimas pagal apdorojimo tikslus:<\/p>\n\n\n\n<p>Saugumas ir apsauga: Duomenys saugomi pagal teis\u0117s akt\u0173 reikalavimus.<br>U\u017esakym\u0173 apdorojimas: Duomenys saugomi iki 7 met\u0173, laikantis apskaitos taisykli\u0173.<br>Internetin\u0117s parduotuv\u0117s paslaug\u0173 u\u017etikrinimas: Duomenys saugomi, kol paskyra yra aktyvi, arba 2 metus po neveikimo.<br>Klient\u0173 valdymas: Duomenys saugomi iki 5 met\u0173 po paskutinio sandorio.<br>Finansin\u0117 veikla ir apskaita: Duomenys saugomi iki 7 met\u0173, laikantis galiojan\u010di\u0173 teis\u0117s akt\u0173.<br>Rinkodara: Duomenys saugomi iki 2 met\u0173 po sutikimo gavimo arba kol sutikimas bus at\u0161auktas.<br>3.5. Duomen\u0173 valdytojas gali pasidalinti asmens duomenimis su tre\u010diosiomis \u0161alimis, tokiomis kaip apdorotojai, buhalteriai, transporto ir kurjeri\u0173 \u012fmon\u0117s bei mok\u0117jimo paslaug\u0173 teik\u0117jai. Mok\u0117jimams reikalingi asmens duomenys perduodami mok\u0117jimo apdorotojui Maksekeskus AS.<\/p>\n\n\n\n<p>3.6. Duomen\u0173 valdytojas \u012fgyvendina organizacines ir technines priemones, kad u\u017etikrint\u0173 asmens duomen\u0173 saugum\u0105 ir apsaugot\u0173 juos nuo atsitiktinio ar neteis\u0117to sunaikinimo, pakeitimo, atskleidimo ir kitokio neteis\u0117to apdorojimo.<\/p>\n\n\n\n<p>3.7. Duomen\u0173 valdytojas saugo asmens duomenis pagal auk\u0161\u010diau nurodytus laikotarpius, priklausomai nuo apdorojimo tikslo.<\/p>\n\n\n\n<p><strong>4. Duomen\u0173 subjekto teis\u0117s<br><\/strong>4.1. Duomen\u0173 subjektas turi teis\u0119 susipa\u017einti su savo asmens duomenimis ir juos per\u017ei\u016br\u0117ti.<\/p>\n\n\n\n<p>4.2. Duomen\u0173 subjektas turi teis\u0119 gauti informacij\u0105 apie savo asmens duomen\u0173 apdorojim\u0105.<\/p>\n\n\n\n<p>4.3. Duomen\u0173 subjektas turi teis\u0119 taisyti arba koreguoti neteisingus duomenis.<\/p>\n\n\n\n<p>4.4. Jei asmens duomenys apdorojami pagal sutikim\u0105, duomen\u0173 subjektas turi teis\u0119 bet kada at\u0161aukti savo sutikim\u0105.<\/p>\n\n\n\n<p>4.5. Nor\u0117damas pasinaudoti \u0161iomis teis\u0117mis, duomen\u0173 subjektas gali susisiekti su klient\u0173 aptarnavimo tarnyba el. pa\u0161tu haakaabaltic@gmail.com.<\/p>\n\n\n\n<p>4.6. Duomen\u0173 subjektas gali pateikti skund\u0105 savo \u0161alies Duomen\u0173 apsaugos institucijai, jei mano, kad j\u0173 teis\u0117s buvo pa\u017eeistos.<\/p>\n\n\n\n<p><strong>5. Galutiniai nuostatai<br><\/strong>5.1. \u0160i privatumo politika atitinka Reglament\u0105 (ES) 2016\/679 (Bendras duomen\u0173 apsaugos reglamentas) ir galiojan\u010dius Estijos, Latvijos ir Lietuvos teis\u0117s aktus.<\/p>\n\n\n\n<p>5.2. Duomen\u0173 valdytojas pasilieka teis\u0119 keisti \u0161i\u0105 privatumo politik\u0105. Duomen\u0173 subjektai bus informuojami apie pakeitimus per svetain\u0119 www.haakaabaltic.com.<\/p>\n","protected":false},"excerpt":{"rendered":"<p>1. Bendrosios nuostatos1.1. \u0160i privatumo politika reguliuoja asmens duomen\u0173 rinkimo, apdorojimo ir saugojimo principus. Asmens duomenis apdoroja ir saugo SIA Brand Bar, veikiantis preki\u0173 \u017eenklu Haakaa Baltic (toliau \u2013 &#8220;Duomen\u0173 valdytojas&#8221;), kuris yra atsakingas u\u017e asmens duomen\u0173 apdorojim\u0105. 1.2. \u0160ios privatumo politikos tikslais duomen\u0173 subjektas yra klientas arba kita fizin\u0117 asmenyb\u0117, kurios asmens duomenys yra [&hellip;]<\/p>\n","protected":false},"author":3,"featured_media":0,"parent":0,"menu_order":0,"comment_status":"closed","ping_status":"open","template":"","meta":{"footnotes":""},"class_list":["post-48520","page","type-page","status-publish","hentry"],"yoast_head":"<!-- This site is optimized with the Yoast SEO plugin v24.3 - https:\/\/yoast.com\/wordpress\/plugins\/seo\/ -->\n<title>Privatumo politika - haakaabaltic.com<\/title>\n<meta name=\"robots\" content=\"index, follow, max-snippet:-1, max-image-preview:large, max-video-preview:-1\" \/>\n<link rel=\"canonical\" href=\"https:\/\/haakaabaltic.com\/lt\/privatumo-politika\/\" \/>\n<meta property=\"og:locale\" content=\"lt_LT\" \/>\n<meta property=\"og:type\" content=\"article\" \/>\n<meta property=\"og:title\" content=\"Privatumo politika - haakaabaltic.com\" \/>\n<meta property=\"og:description\" content=\"1. Bendrosios nuostatos1.1. \u0160i privatumo politika reguliuoja asmens duomen\u0173 rinkimo, apdorojimo ir saugojimo principus. Asmens duomenis apdoroja ir saugo SIA Brand Bar, veikiantis preki\u0173 \u017eenklu Haakaa Baltic (toliau \u2013 &#8220;Duomen\u0173 valdytojas&#8221;), kuris yra atsakingas u\u017e asmens duomen\u0173 apdorojim\u0105. 1.2. \u0160ios privatumo politikos tikslais duomen\u0173 subjektas yra klientas arba kita fizin\u0117 asmenyb\u0117, kurios asmens duomenys yra [&hellip;]\" \/>\n<meta property=\"og:url\" content=\"https:\/\/haakaabaltic.com\/lt\/privatumo-politika\/\" \/>\n<meta property=\"og:site_name\" content=\"haakaabaltic.com\" \/>\n<meta property=\"article:publisher\" content=\"https:\/\/www.facebook.com\/share\/1A2a9UZQB4\/?mibextid=wwXIfr\" \/>\n<meta property=\"article:modified_time\" content=\"2025-01-21T20:58:08+00:00\" \/>\n<meta name=\"twitter:card\" content=\"summary_large_image\" \/>\n<meta name=\"twitter:label1\" content=\"Est. reading time\" \/>\n\t<meta name=\"twitter:data1\" content=\"3 minut\u0117s\" \/>\n<script type=\"application\/ld+json\" class=\"yoast-schema-graph\">{\"@context\":\"https:\/\/schema.org\",\"@graph\":[{\"@type\":\"WebPage\",\"@id\":\"https:\/\/haakaabaltic.com\/lt\/privatumo-politika\/\",\"url\":\"https:\/\/haakaabaltic.com\/lt\/privatumo-politika\/\",\"name\":\"Privatumo politika - haakaabaltic.com\",\"isPartOf\":{\"@id\":\"https:\/\/haakaabaltic.com\/#website\"},\"datePublished\":\"2024-11-09T20:20:16+00:00\",\"dateModified\":\"2025-01-21T20:58:08+00:00\",\"breadcrumb\":{\"@id\":\"https:\/\/haakaabaltic.com\/lt\/privatumo-politika\/#breadcrumb\"},\"inLanguage\":\"lt-LT\",\"potentialAction\":[{\"@type\":\"ReadAction\",\"target\":[\"https:\/\/haakaabaltic.com\/lt\/privatumo-politika\/\"]}]},{\"@type\":\"BreadcrumbList\",\"@id\":\"https:\/\/haakaabaltic.com\/lt\/privatumo-politika\/#breadcrumb\",\"itemListElement\":[{\"@type\":\"ListItem\",\"position\":1,\"name\":\"Home\",\"item\":\"https:\/\/haakaabaltic.com\/lt\/\"},{\"@type\":\"ListItem\",\"position\":2,\"name\":\"Privatumo politika\"}]},{\"@type\":\"WebSite\",\"@id\":\"https:\/\/haakaabaltic.com\/#website\",\"url\":\"https:\/\/haakaabaltic.com\/\",\"name\":\"haakaabaltic.com\",\"description\":\"\",\"publisher\":{\"@id\":\"https:\/\/haakaabaltic.com\/#organization\"},\"potentialAction\":[{\"@type\":\"SearchAction\",\"target\":{\"@type\":\"EntryPoint\",\"urlTemplate\":\"https:\/\/haakaabaltic.com\/?s={search_term_string}\"},\"query-input\":{\"@type\":\"PropertyValueSpecification\",\"valueRequired\":true,\"valueName\":\"search_term_string\"}}],\"inLanguage\":\"lt-LT\"},{\"@type\":\"Organization\",\"@id\":\"https:\/\/haakaabaltic.com\/#organization\",\"name\":\"haakaabaltic.com\",\"url\":\"https:\/\/haakaabaltic.com\/\",\"logo\":{\"@type\":\"ImageObject\",\"inLanguage\":\"lt-LT\",\"@id\":\"https:\/\/haakaabaltic.com\/#\/schema\/logo\/image\/\",\"url\":\"https:\/\/haakaabaltic.com\/wp-content\/uploads\/2025\/01\/haakaa-logo.svg\",\"contentUrl\":\"https:\/\/haakaabaltic.com\/wp-content\/uploads\/2025\/01\/haakaa-logo.svg\",\"width\":2232,\"height\":1803,\"caption\":\"haakaabaltic.com\"},\"image\":{\"@id\":\"https:\/\/haakaabaltic.com\/#\/schema\/logo\/image\/\"},\"sameAs\":[\"https:\/\/www.facebook.com\/share\/1A2a9UZQB4\/?mibextid=wwXIfr\"]}]}<\/script>\n<!-- \/ Yoast SEO plugin. -->","yoast_head_json":{"title":"Privatumo politika - haakaabaltic.com","robots":{"index":"index","follow":"follow","max-snippet":"max-snippet:-1","max-image-preview":"max-image-preview:large","max-video-preview":"max-video-preview:-1"},"canonical":"https:\/\/haakaabaltic.com\/lt\/privatumo-politika\/","og_locale":"lt_LT","og_type":"article","og_title":"Privatumo politika - haakaabaltic.com","og_description":"1. Bendrosios nuostatos1.1. \u0160i privatumo politika reguliuoja asmens duomen\u0173 rinkimo, apdorojimo ir saugojimo principus. Asmens duomenis apdoroja ir saugo SIA Brand Bar, veikiantis preki\u0173 \u017eenklu Haakaa Baltic (toliau \u2013 &#8220;Duomen\u0173 valdytojas&#8221;), kuris yra atsakingas u\u017e asmens duomen\u0173 apdorojim\u0105. 1.2. \u0160ios privatumo politikos tikslais duomen\u0173 subjektas yra klientas arba kita fizin\u0117 asmenyb\u0117, kurios asmens duomenys yra [&hellip;]","og_url":"https:\/\/haakaabaltic.com\/lt\/privatumo-politika\/","og_site_name":"haakaabaltic.com","article_publisher":"https:\/\/www.facebook.com\/share\/1A2a9UZQB4\/?mibextid=wwXIfr","article_modified_time":"2025-01-21T20:58:08+00:00","twitter_card":"summary_large_image","twitter_misc":{"Est. reading time":"3 minut\u0117s"},"schema":{"@context":"https:\/\/schema.org","@graph":[{"@type":"WebPage","@id":"https:\/\/haakaabaltic.com\/lt\/privatumo-politika\/","url":"https:\/\/haakaabaltic.com\/lt\/privatumo-politika\/","name":"Privatumo politika - haakaabaltic.com","isPartOf":{"@id":"https:\/\/haakaabaltic.com\/#website"},"datePublished":"2024-11-09T20:20:16+00:00","dateModified":"2025-01-21T20:58:08+00:00","breadcrumb":{"@id":"https:\/\/haakaabaltic.com\/lt\/privatumo-politika\/#breadcrumb"},"inLanguage":"lt-LT","potentialAction":[{"@type":"ReadAction","target":["https:\/\/haakaabaltic.com\/lt\/privatumo-politika\/"]}]},{"@type":"BreadcrumbList","@id":"https:\/\/haakaabaltic.com\/lt\/privatumo-politika\/#breadcrumb","itemListElement":[{"@type":"ListItem","position":1,"name":"Home","item":"https:\/\/haakaabaltic.com\/lt\/"},{"@type":"ListItem","position":2,"name":"Privatumo politika"}]},{"@type":"WebSite","@id":"https:\/\/haakaabaltic.com\/#website","url":"https:\/\/haakaabaltic.com\/","name":"haakaabaltic.com","description":"","publisher":{"@id":"https:\/\/haakaabaltic.com\/#organization"},"potentialAction":[{"@type":"SearchAction","target":{"@type":"EntryPoint","urlTemplate":"https:\/\/haakaabaltic.com\/?s={search_term_string}"},"query-input":{"@type":"PropertyValueSpecification","valueRequired":true,"valueName":"search_term_string"}}],"inLanguage":"lt-LT"},{"@type":"Organization","@id":"https:\/\/haakaabaltic.com\/#organization","name":"haakaabaltic.com","url":"https:\/\/haakaabaltic.com\/","logo":{"@type":"ImageObject","inLanguage":"lt-LT","@id":"https:\/\/haakaabaltic.com\/#\/schema\/logo\/image\/","url":"https:\/\/haakaabaltic.com\/wp-content\/uploads\/2025\/01\/haakaa-logo.svg","contentUrl":"https:\/\/haakaabaltic.com\/wp-content\/uploads\/2025\/01\/haakaa-logo.svg","width":2232,"height":1803,"caption":"haakaabaltic.com"},"image":{"@id":"https:\/\/haakaabaltic.com\/#\/schema\/logo\/image\/"},"sameAs":["https:\/\/www.facebook.com\/share\/1A2a9UZQB4\/?mibextid=wwXIfr"]}]}},"_links":{"self":[{"href":"https:\/\/haakaabaltic.com\/lt\/wp-json\/wp\/v2\/pages\/48520","targetHints":{"allow":["GET"]}}],"collection":[{"href":"https:\/\/haakaabaltic.com\/lt\/wp-json\/wp\/v2\/pages"}],"about":[{"href":"https:\/\/haakaabaltic.com\/lt\/wp-json\/wp\/v2\/types\/page"}],"author":[{"embeddable":true,"href":"https:\/\/haakaabaltic.com\/lt\/wp-json\/wp\/v2\/users\/3"}],"replies":[{"embeddable":true,"href":"https:\/\/haakaabaltic.com\/lt\/wp-json\/wp\/v2\/comments?post=48520"}],"version-history":[{"count":2,"href":"https:\/\/haakaabaltic.com\/lt\/wp-json\/wp\/v2\/pages\/48520\/revisions"}],"predecessor-version":[{"id":48523,"href":"https:\/\/haakaabaltic.com\/lt\/wp-json\/wp\/v2\/pages\/48520\/revisions\/48523"}],"wp:attachment":[{"href":"https:\/\/haakaabaltic.com\/lt\/wp-json\/wp\/v2\/media?parent=48520"}],"curies":[{"name":"wp","href":"https:\/\/api.w.org\/{rel}","templated":true}]}}