{"id":50792,"date":"2025-12-17T00:14:39","date_gmt":"2025-12-16T21:14:39","guid":{"rendered":"https:\/\/haakaabaltic.com\/?post_type=product&#038;p=50792"},"modified":"2026-02-16T10:21:15","modified_gmt":"2026-02-16T07:21:15","slug":"bendy-silicone-cutlery-set","status":"publish","type":"product","link":"https:\/\/haakaabaltic.com\/et\/toode\/bendy-silicone-cutlery-set\/","title":{"rendered":"Painduvad Silikoonist S\u00f6\u00f6giriistad"},"content":{"rendered":"<p><span data-sheets-root=\"1\">Meie ainulaadsel lusikal ja kahvlil on painduv sang, mida saab painutada ja keerata vastavalt vajadusele, et laps \u00f5piks s\u00f6\u00f6ma igast asendist!<\/p>\n<p>S\u00f6\u00f6giriistad on valmistatud pehmest toidukvaliteediga silikoonist, mille sees olev painduv metallvarras v\u00f5imaldab neid kujundada nii, et need sobiksid teie lapse k\u00e4tele ja s\u00f6\u00f6misnurgale. Need on loodud v\u00e4ikeste suude jaoks ning \u00fcmarad servad aitavad v\u00e4ltida vigastusi.<\/p>\n<p><span style=\"color: #69b23f;\"><strong>Iga komplektiga on kaasas praktiline puuvillast s\u00e4ilituskott, mis hoiab s\u00f6\u00f6giriistad puhtana ja h\u00fcgieenilisena ning sobib h\u00e4sti nii k\u00e4ekotti kui ka beebikotti kaasa v\u00f5tmiseks!<\/strong><\/span><\/span><\/p>\n","protected":false},"excerpt":{"rendered":"<p><span data-sheets-root=\"1\">Tehke oma pisikesele iseseisvalt s\u00f6\u00f6ma \u00f5ppimise teekond lihtsamaks Haakaa painduvate silikoonist s\u00f6\u00f6giriistade komplektiga! <\/span><\/p>\n","protected":false},"featured_media":50713,"comment_status":"open","ping_status":"closed","template":"","meta":[],"product_brand":[459],"product_cat":[286,314],"product_tag":[],"class_list":{"0":"post-50792","1":"product","2":"type-product","3":"status-publish","4":"has-post-thumbnail","6":"product_brand-haakaa","7":"product_cat-koik-tooted","8":"product_cat-sootmine","11":"first","12":"instock","13":"taxable","14":"shipping-taxable","15":"purchasable","16":"product-type-variable"},"yoast_head":"<!-- This site is optimized with the Yoast SEO plugin v24.3 - https:\/\/yoast.com\/wordpress\/plugins\/seo\/ -->\n<title>Painduvad Silikoonist S\u00f6\u00f6giriistad - haakaabaltic.com<\/title>\n<meta name=\"robots\" content=\"index, follow, max-snippet:-1, max-image-preview:large, max-video-preview:-1\" \/>\n<link rel=\"canonical\" href=\"https:\/\/haakaabaltic.com\/et\/toode\/bendy-silicone-cutlery-set\/\" \/>\n<meta property=\"og:locale\" content=\"et_EE\" \/>\n<meta property=\"og:type\" content=\"article\" \/>\n<meta property=\"og:title\" content=\"Painduvad Silikoonist S\u00f6\u00f6giriistad - haakaabaltic.com\" \/>\n<meta property=\"og:description\" content=\"Tehke oma pisikesele iseseisvalt s\u00f6\u00f6ma \u00f5ppimise teekond lihtsamaks Haakaa painduvate silikoonist s\u00f6\u00f6giriistade komplektiga!\" \/>\n<meta property=\"og:url\" content=\"https:\/\/haakaabaltic.com\/et\/toode\/bendy-silicone-cutlery-set\/\" \/>\n<meta property=\"og:site_name\" content=\"haakaabaltic.com\" \/>\n<meta property=\"article:publisher\" content=\"https:\/\/www.facebook.com\/share\/1A2a9UZQB4\/?mibextid=wwXIfr\" \/>\n<meta property=\"article:modified_time\" content=\"2026-02-16T07:21:15+00:00\" \/>\n<meta property=\"og:image\" content=\"https:\/\/haakaabaltic.com\/wp-content\/uploads\/2025\/01\/favicon-haakaa-250x250-1.png\" \/>\n\t<meta property=\"og:image:width\" content=\"1000\" \/>\n\t<meta property=\"og:image:height\" content=\"1000\" \/>\n\t<meta property=\"og:image:type\" content=\"image\/jpeg\" \/>\n<meta name=\"twitter:card\" content=\"summary_large_image\" \/>\n<meta name=\"twitter:label1\" content=\"Est. reading time\" \/>\n\t<meta name=\"twitter:data1\" content=\"1 minut\" \/>\n<script type=\"application\/ld+json\" class=\"yoast-schema-graph\">{\"@context\":\"https:\/\/schema.org\",\"@graph\":[{\"@type\":\"WebPage\",\"@id\":\"https:\/\/haakaabaltic.com\/et\/toode\/bendy-silicone-cutlery-set\/\",\"url\":\"https:\/\/haakaabaltic.com\/et\/toode\/bendy-silicone-cutlery-set\/\",\"name\":\"Painduvad Silikoonist S\u00f6\u00f6giriistad - haakaabaltic.com\",\"isPartOf\":{\"@id\":\"https:\/\/haakaabaltic.com\/#website\"},\"primaryImageOfPage\":{\"@id\":\"https:\/\/haakaabaltic.com\/et\/toode\/bendy-silicone-cutlery-set\/#primaryimage\"},\"image\":{\"@id\":\"https:\/\/haakaabaltic.com\/et\/toode\/bendy-silicone-cutlery-set\/#primaryimage\"},\"thumbnailUrl\":\"https:\/\/haakaabaltic.com\/wp-content\/uploads\/2025\/12\/UTE76-S.jpg\",\"datePublished\":\"2025-12-16T21:14:39+00:00\",\"dateModified\":\"2026-02-16T07:21:15+00:00\",\"breadcrumb\":{\"@id\":\"https:\/\/haakaabaltic.com\/et\/toode\/bendy-silicone-cutlery-set\/#breadcrumb\"},\"inLanguage\":\"et\",\"potentialAction\":[{\"@type\":\"ReadAction\",\"target\":[\"https:\/\/haakaabaltic.com\/et\/toode\/bendy-silicone-cutlery-set\/\"]}]},{\"@type\":\"ImageObject\",\"inLanguage\":\"et\",\"@id\":\"https:\/\/haakaabaltic.com\/et\/toode\/bendy-silicone-cutlery-set\/#primaryimage\",\"url\":\"https:\/\/haakaabaltic.com\/wp-content\/uploads\/2025\/12\/UTE76-S.jpg\",\"contentUrl\":\"https:\/\/haakaabaltic.com\/wp-content\/uploads\/2025\/12\/UTE76-S.jpg\",\"width\":1000,\"height\":1000},{\"@type\":\"BreadcrumbList\",\"@id\":\"https:\/\/haakaabaltic.com\/et\/toode\/bendy-silicone-cutlery-set\/#breadcrumb\",\"itemListElement\":[{\"@type\":\"ListItem\",\"position\":1,\"name\":\"Home\",\"item\":\"https:\/\/haakaabaltic.com\/et\/\"},{\"@type\":\"ListItem\",\"position\":2,\"name\":\"Kataloog\",\"item\":\"https:\/\/haakaabaltic.com\/shop\/\"},{\"@type\":\"ListItem\",\"position\":3,\"name\":\"Painduvad Silikoonist S\u00f6\u00f6giriistad\"}]},{\"@type\":\"WebSite\",\"@id\":\"https:\/\/haakaabaltic.com\/#website\",\"url\":\"https:\/\/haakaabaltic.com\/\",\"name\":\"haakaabaltic.com\",\"description\":\"\",\"publisher\":{\"@id\":\"https:\/\/haakaabaltic.com\/#organization\"},\"potentialAction\":[{\"@type\":\"SearchAction\",\"target\":{\"@type\":\"EntryPoint\",\"urlTemplate\":\"https:\/\/haakaabaltic.com\/?s={search_term_string}\"},\"query-input\":{\"@type\":\"PropertyValueSpecification\",\"valueRequired\":true,\"valueName\":\"search_term_string\"}}],\"inLanguage\":\"et\"},{\"@type\":\"Organization\",\"@id\":\"https:\/\/haakaabaltic.com\/#organization\",\"name\":\"haakaabaltic.com\",\"url\":\"https:\/\/haakaabaltic.com\/\",\"logo\":{\"@type\":\"ImageObject\",\"inLanguage\":\"et\",\"@id\":\"https:\/\/haakaabaltic.com\/#\/schema\/logo\/image\/\",\"url\":\"https:\/\/haakaabaltic.com\/wp-content\/uploads\/2025\/01\/haakaa-logo.svg\",\"contentUrl\":\"https:\/\/haakaabaltic.com\/wp-content\/uploads\/2025\/01\/haakaa-logo.svg\",\"width\":2232,\"height\":1803,\"caption\":\"haakaabaltic.com\"},\"image\":{\"@id\":\"https:\/\/haakaabaltic.com\/#\/schema\/logo\/image\/\"},\"sameAs\":[\"https:\/\/www.facebook.com\/share\/1A2a9UZQB4\/?mibextid=wwXIfr\"]}]}<\/script>\n<!-- \/ Yoast SEO plugin. -->","yoast_head_json":{"title":"Painduvad Silikoonist S\u00f6\u00f6giriistad - haakaabaltic.com","robots":{"index":"index","follow":"follow","max-snippet":"max-snippet:-1","max-image-preview":"max-image-preview:large","max-video-preview":"max-video-preview:-1"},"canonical":"https:\/\/haakaabaltic.com\/et\/toode\/bendy-silicone-cutlery-set\/","og_locale":"et_EE","og_type":"article","og_title":"Painduvad Silikoonist S\u00f6\u00f6giriistad - haakaabaltic.com","og_description":"Tehke oma pisikesele iseseisvalt s\u00f6\u00f6ma \u00f5ppimise teekond lihtsamaks Haakaa painduvate silikoonist s\u00f6\u00f6giriistade komplektiga!","og_url":"https:\/\/haakaabaltic.com\/et\/toode\/bendy-silicone-cutlery-set\/","og_site_name":"haakaabaltic.com","article_publisher":"https:\/\/www.facebook.com\/share\/1A2a9UZQB4\/?mibextid=wwXIfr","article_modified_time":"2026-02-16T07:21:15+00:00","og_image":[{"width":1000,"height":1000,"url":"https:\/\/haakaabaltic.com\/wp-content\/uploads\/2025\/01\/favicon-haakaa-250x250-1.png","type":"image\/jpeg"}],"twitter_card":"summary_large_image","twitter_misc":{"Est. reading time":"1 minut"},"schema":{"@context":"https:\/\/schema.org","@graph":[{"@type":"WebPage","@id":"https:\/\/haakaabaltic.com\/et\/toode\/bendy-silicone-cutlery-set\/","url":"https:\/\/haakaabaltic.com\/et\/toode\/bendy-silicone-cutlery-set\/","name":"Painduvad Silikoonist S\u00f6\u00f6giriistad - haakaabaltic.com","isPartOf":{"@id":"https:\/\/haakaabaltic.com\/#website"},"primaryImageOfPage":{"@id":"https:\/\/haakaabaltic.com\/et\/toode\/bendy-silicone-cutlery-set\/#primaryimage"},"image":{"@id":"https:\/\/haakaabaltic.com\/et\/toode\/bendy-silicone-cutlery-set\/#primaryimage"},"thumbnailUrl":"https:\/\/haakaabaltic.com\/wp-content\/uploads\/2025\/12\/UTE76-S.jpg","datePublished":"2025-12-16T21:14:39+00:00","dateModified":"2026-02-16T07:21:15+00:00","breadcrumb":{"@id":"https:\/\/haakaabaltic.com\/et\/toode\/bendy-silicone-cutlery-set\/#breadcrumb"},"inLanguage":"et","potentialAction":[{"@type":"ReadAction","target":["https:\/\/haakaabaltic.com\/et\/toode\/bendy-silicone-cutlery-set\/"]}]},{"@type":"ImageObject","inLanguage":"et","@id":"https:\/\/haakaabaltic.com\/et\/toode\/bendy-silicone-cutlery-set\/#primaryimage","url":"https:\/\/haakaabaltic.com\/wp-content\/uploads\/2025\/12\/UTE76-S.jpg","contentUrl":"https:\/\/haakaabaltic.com\/wp-content\/uploads\/2025\/12\/UTE76-S.jpg","width":1000,"height":1000},{"@type":"BreadcrumbList","@id":"https:\/\/haakaabaltic.com\/et\/toode\/bendy-silicone-cutlery-set\/#breadcrumb","itemListElement":[{"@type":"ListItem","position":1,"name":"Home","item":"https:\/\/haakaabaltic.com\/et\/"},{"@type":"ListItem","position":2,"name":"Kataloog","item":"https:\/\/haakaabaltic.com\/shop\/"},{"@type":"ListItem","position":3,"name":"Painduvad Silikoonist S\u00f6\u00f6giriistad"}]},{"@type":"WebSite","@id":"https:\/\/haakaabaltic.com\/#website","url":"https:\/\/haakaabaltic.com\/","name":"haakaabaltic.com","description":"","publisher":{"@id":"https:\/\/haakaabaltic.com\/#organization"},"potentialAction":[{"@type":"SearchAction","target":{"@type":"EntryPoint","urlTemplate":"https:\/\/haakaabaltic.com\/?s={search_term_string}"},"query-input":{"@type":"PropertyValueSpecification","valueRequired":true,"valueName":"search_term_string"}}],"inLanguage":"et"},{"@type":"Organization","@id":"https:\/\/haakaabaltic.com\/#organization","name":"haakaabaltic.com","url":"https:\/\/haakaabaltic.com\/","logo":{"@type":"ImageObject","inLanguage":"et","@id":"https:\/\/haakaabaltic.com\/#\/schema\/logo\/image\/","url":"https:\/\/haakaabaltic.com\/wp-content\/uploads\/2025\/01\/haakaa-logo.svg","contentUrl":"https:\/\/haakaabaltic.com\/wp-content\/uploads\/2025\/01\/haakaa-logo.svg","width":2232,"height":1803,"caption":"haakaabaltic.com"},"image":{"@id":"https:\/\/haakaabaltic.com\/#\/schema\/logo\/image\/"},"sameAs":["https:\/\/www.facebook.com\/share\/1A2a9UZQB4\/?mibextid=wwXIfr"]}]}},"_links":{"self":[{"href":"https:\/\/haakaabaltic.com\/et\/wp-json\/wp\/v2\/product\/50792","targetHints":{"allow":["GET"]}}],"collection":[{"href":"https:\/\/haakaabaltic.com\/et\/wp-json\/wp\/v2\/product"}],"about":[{"href":"https:\/\/haakaabaltic.com\/et\/wp-json\/wp\/v2\/types\/product"}],"replies":[{"embeddable":true,"href":"https:\/\/haakaabaltic.com\/et\/wp-json\/wp\/v2\/comments?post=50792"}],"wp:featuredmedia":[{"embeddable":true,"href":"https:\/\/haakaabaltic.com\/et\/wp-json\/wp\/v2\/media\/50713"}],"wp:attachment":[{"href":"https:\/\/haakaabaltic.com\/et\/wp-json\/wp\/v2\/media?parent=50792"}],"wp:term":[{"taxonomy":"product_brand","embeddable":true,"href":"https:\/\/haakaabaltic.com\/et\/wp-json\/wp\/v2\/product_brand?post=50792"},{"taxonomy":"product_cat","embeddable":true,"href":"https:\/\/haakaabaltic.com\/et\/wp-json\/wp\/v2\/product_cat?post=50792"},{"taxonomy":"product_tag","embeddable":true,"href":"https:\/\/haakaabaltic.com\/et\/wp-json\/wp\/v2\/product_tag?post=50792"}],"curies":[{"name":"wp","href":"https:\/\/api.w.org\/{rel}","templated":true}]}}