{"id":47262,"date":"2024-12-17T21:53:53","date_gmt":"2024-12-17T21:53:53","guid":{"rendered":"https:\/\/haakaabaltic.com\/?post_type=product&#038;p=47262"},"modified":"2026-02-16T10:21:17","modified_gmt":"2026-02-16T07:21:17","slug":"silicone-colostrum-collector","status":"publish","type":"product","link":"https:\/\/haakaabaltic.com\/et\/toode\/silicone-colostrum-collector\/","title":{"rendered":"Silikoonist Ternespiima Koguja"},"content":{"rendered":"<p><span data-sheets-root=\"1\">Ternespiima kogutakse traditsiooniliselt \u00fchekordselt kasutatavatesse s\u00fcstlatesse, mis on sageli valmistatud kahjulikust plastist. Meie kollektsioon on valmistatud <span style=\"color: #69b23f;\"><strong>100% meditsiinilise kvaliteediga silikoonist<\/strong><\/span>, mis t\u00e4hendab, et sellest ei eraldu ebameeldivaid toksiine ja seda saab ohutult s\u00e4ilitada k\u00fclmikus v\u00f5i s\u00fcgavk\u00fclmas. Seda on lihtne kasutada ja taaskasutada, mist\u00f5ttu on see ideaalne valik emadele nii enne kui ka p\u00e4rast s\u00fcnnitust!<\/span><\/p>\n<p>Igal ternespiima kogujal on oma kleebis, millega saab iga tuubi mugavalt m\u00e4rgistada.<\/p>\n<p><span style=\"color: #69b23f;\"><strong>T\u00e4helepanu: Enne s\u00fcnnituseelset pumpamist tuleb saada tervishoiut\u00f6\u00f6taja n\u00f5usolek, kuna v\u00f5ib esineda enneaegse s\u00fcnnituse oht.<\/strong><\/span><\/p>\n","protected":false},"excerpt":{"rendered":"<p><span data-sheets-root=\"1\">Haakaa Silikoonist ternespiima koguja on <span style=\"color: #69b23f;\"><strong>maailmas esmakordne disain<\/strong><\/span>, mis annab emadele v\u00f5imaluse pumbata ternespiima s\u00fcnnieelselt ja -j\u00e4rgselt turvalises ja h\u00f5lpsasti kasutatavas hoiulahenduses.<br \/>\n<\/span><\/p>\n","protected":false},"featured_media":47174,"comment_status":"open","ping_status":"closed","template":"","meta":[],"product_brand":[459],"product_cat":[286,290,302],"product_tag":[],"class_list":{"0":"post-47262","1":"product","2":"type-product","3":"status-publish","4":"has-post-thumbnail","6":"product_brand-haakaa","7":"product_cat-koik-tooted","8":"product_cat-imetamine","9":"product_cat-koguja","12":"first","13":"instock","14":"taxable","15":"shipping-taxable","16":"purchasable","17":"product-type-variable"},"yoast_head":"<!-- This site is optimized with the Yoast SEO plugin v24.3 - https:\/\/yoast.com\/wordpress\/plugins\/seo\/ -->\n<title>Silikoonist Ternespiima Koguja - haakaabaltic.com<\/title>\n<meta name=\"robots\" content=\"index, follow, max-snippet:-1, max-image-preview:large, max-video-preview:-1\" \/>\n<link rel=\"canonical\" href=\"https:\/\/haakaabaltic.com\/et\/toode\/silicone-colostrum-collector\/\" \/>\n<meta property=\"og:locale\" content=\"et_EE\" \/>\n<meta property=\"og:type\" content=\"article\" \/>\n<meta property=\"og:title\" content=\"Silikoonist Ternespiima Koguja - haakaabaltic.com\" \/>\n<meta property=\"og:description\" content=\"Haakaa Silikoonist ternespiima koguja on maailmas esmakordne disain, mis annab emadele v\u00f5imaluse pumbata ternespiima s\u00fcnnieelselt ja -j\u00e4rgselt turvalises ja h\u00f5lpsasti kasutatavas hoiulahenduses.\" \/>\n<meta property=\"og:url\" content=\"https:\/\/haakaabaltic.com\/et\/toode\/silicone-colostrum-collector\/\" \/>\n<meta property=\"og:site_name\" content=\"haakaabaltic.com\" \/>\n<meta property=\"article:publisher\" content=\"https:\/\/www.facebook.com\/share\/1A2a9UZQB4\/?mibextid=wwXIfr\" \/>\n<meta property=\"article:modified_time\" content=\"2026-02-16T07:21:17+00:00\" \/>\n<meta property=\"og:image\" content=\"https:\/\/haakaabaltic.com\/wp-content\/uploads\/2025\/01\/favicon-haakaa-250x250-1.png\" \/>\n\t<meta property=\"og:image:width\" content=\"1000\" \/>\n\t<meta property=\"og:image:height\" content=\"1000\" \/>\n\t<meta property=\"og:image:type\" content=\"image\/jpeg\" \/>\n<meta name=\"twitter:card\" content=\"summary_large_image\" \/>\n<meta name=\"twitter:label1\" content=\"Est. reading time\" \/>\n\t<meta name=\"twitter:data1\" content=\"1 minut\" \/>\n<script type=\"application\/ld+json\" class=\"yoast-schema-graph\">{\"@context\":\"https:\/\/schema.org\",\"@graph\":[{\"@type\":\"WebPage\",\"@id\":\"https:\/\/haakaabaltic.com\/et\/toode\/silicone-colostrum-collector\/\",\"url\":\"https:\/\/haakaabaltic.com\/et\/toode\/silicone-colostrum-collector\/\",\"name\":\"Silikoonist Ternespiima Koguja - haakaabaltic.com\",\"isPartOf\":{\"@id\":\"https:\/\/haakaabaltic.com\/#website\"},\"primaryImageOfPage\":{\"@id\":\"https:\/\/haakaabaltic.com\/et\/toode\/silicone-colostrum-collector\/#primaryimage\"},\"image\":{\"@id\":\"https:\/\/haakaabaltic.com\/et\/toode\/silicone-colostrum-collector\/#primaryimage\"},\"thumbnailUrl\":\"https:\/\/haakaabaltic.com\/wp-content\/uploads\/2024\/12\/Colostrum-4ml-1.jpg\",\"datePublished\":\"2024-12-17T21:53:53+00:00\",\"dateModified\":\"2026-02-16T07:21:17+00:00\",\"breadcrumb\":{\"@id\":\"https:\/\/haakaabaltic.com\/et\/toode\/silicone-colostrum-collector\/#breadcrumb\"},\"inLanguage\":\"et\",\"potentialAction\":[{\"@type\":\"ReadAction\",\"target\":[\"https:\/\/haakaabaltic.com\/et\/toode\/silicone-colostrum-collector\/\"]}]},{\"@type\":\"ImageObject\",\"inLanguage\":\"et\",\"@id\":\"https:\/\/haakaabaltic.com\/et\/toode\/silicone-colostrum-collector\/#primaryimage\",\"url\":\"https:\/\/haakaabaltic.com\/wp-content\/uploads\/2024\/12\/Colostrum-4ml-1.jpg\",\"contentUrl\":\"https:\/\/haakaabaltic.com\/wp-content\/uploads\/2024\/12\/Colostrum-4ml-1.jpg\",\"width\":1000,\"height\":1000},{\"@type\":\"BreadcrumbList\",\"@id\":\"https:\/\/haakaabaltic.com\/et\/toode\/silicone-colostrum-collector\/#breadcrumb\",\"itemListElement\":[{\"@type\":\"ListItem\",\"position\":1,\"name\":\"Home\",\"item\":\"https:\/\/haakaabaltic.com\/et\/\"},{\"@type\":\"ListItem\",\"position\":2,\"name\":\"Kataloog\",\"item\":\"https:\/\/haakaabaltic.com\/shop\/\"},{\"@type\":\"ListItem\",\"position\":3,\"name\":\"Silikoonist Ternespiima Koguja\"}]},{\"@type\":\"WebSite\",\"@id\":\"https:\/\/haakaabaltic.com\/#website\",\"url\":\"https:\/\/haakaabaltic.com\/\",\"name\":\"haakaabaltic.com\",\"description\":\"\",\"publisher\":{\"@id\":\"https:\/\/haakaabaltic.com\/#organization\"},\"potentialAction\":[{\"@type\":\"SearchAction\",\"target\":{\"@type\":\"EntryPoint\",\"urlTemplate\":\"https:\/\/haakaabaltic.com\/?s={search_term_string}\"},\"query-input\":{\"@type\":\"PropertyValueSpecification\",\"valueRequired\":true,\"valueName\":\"search_term_string\"}}],\"inLanguage\":\"et\"},{\"@type\":\"Organization\",\"@id\":\"https:\/\/haakaabaltic.com\/#organization\",\"name\":\"haakaabaltic.com\",\"url\":\"https:\/\/haakaabaltic.com\/\",\"logo\":{\"@type\":\"ImageObject\",\"inLanguage\":\"et\",\"@id\":\"https:\/\/haakaabaltic.com\/#\/schema\/logo\/image\/\",\"url\":\"https:\/\/haakaabaltic.com\/wp-content\/uploads\/2025\/01\/haakaa-logo.svg\",\"contentUrl\":\"https:\/\/haakaabaltic.com\/wp-content\/uploads\/2025\/01\/haakaa-logo.svg\",\"width\":2232,\"height\":1803,\"caption\":\"haakaabaltic.com\"},\"image\":{\"@id\":\"https:\/\/haakaabaltic.com\/#\/schema\/logo\/image\/\"},\"sameAs\":[\"https:\/\/www.facebook.com\/share\/1A2a9UZQB4\/?mibextid=wwXIfr\"]}]}<\/script>\n<!-- \/ Yoast SEO plugin. -->","yoast_head_json":{"title":"Silikoonist Ternespiima Koguja - haakaabaltic.com","robots":{"index":"index","follow":"follow","max-snippet":"max-snippet:-1","max-image-preview":"max-image-preview:large","max-video-preview":"max-video-preview:-1"},"canonical":"https:\/\/haakaabaltic.com\/et\/toode\/silicone-colostrum-collector\/","og_locale":"et_EE","og_type":"article","og_title":"Silikoonist Ternespiima Koguja - haakaabaltic.com","og_description":"Haakaa Silikoonist ternespiima koguja on maailmas esmakordne disain, mis annab emadele v\u00f5imaluse pumbata ternespiima s\u00fcnnieelselt ja -j\u00e4rgselt turvalises ja h\u00f5lpsasti kasutatavas hoiulahenduses.","og_url":"https:\/\/haakaabaltic.com\/et\/toode\/silicone-colostrum-collector\/","og_site_name":"haakaabaltic.com","article_publisher":"https:\/\/www.facebook.com\/share\/1A2a9UZQB4\/?mibextid=wwXIfr","article_modified_time":"2026-02-16T07:21:17+00:00","og_image":[{"width":1000,"height":1000,"url":"https:\/\/haakaabaltic.com\/wp-content\/uploads\/2025\/01\/favicon-haakaa-250x250-1.png","type":"image\/jpeg"}],"twitter_card":"summary_large_image","twitter_misc":{"Est. reading time":"1 minut"},"schema":{"@context":"https:\/\/schema.org","@graph":[{"@type":"WebPage","@id":"https:\/\/haakaabaltic.com\/et\/toode\/silicone-colostrum-collector\/","url":"https:\/\/haakaabaltic.com\/et\/toode\/silicone-colostrum-collector\/","name":"Silikoonist Ternespiima Koguja - haakaabaltic.com","isPartOf":{"@id":"https:\/\/haakaabaltic.com\/#website"},"primaryImageOfPage":{"@id":"https:\/\/haakaabaltic.com\/et\/toode\/silicone-colostrum-collector\/#primaryimage"},"image":{"@id":"https:\/\/haakaabaltic.com\/et\/toode\/silicone-colostrum-collector\/#primaryimage"},"thumbnailUrl":"https:\/\/haakaabaltic.com\/wp-content\/uploads\/2024\/12\/Colostrum-4ml-1.jpg","datePublished":"2024-12-17T21:53:53+00:00","dateModified":"2026-02-16T07:21:17+00:00","breadcrumb":{"@id":"https:\/\/haakaabaltic.com\/et\/toode\/silicone-colostrum-collector\/#breadcrumb"},"inLanguage":"et","potentialAction":[{"@type":"ReadAction","target":["https:\/\/haakaabaltic.com\/et\/toode\/silicone-colostrum-collector\/"]}]},{"@type":"ImageObject","inLanguage":"et","@id":"https:\/\/haakaabaltic.com\/et\/toode\/silicone-colostrum-collector\/#primaryimage","url":"https:\/\/haakaabaltic.com\/wp-content\/uploads\/2024\/12\/Colostrum-4ml-1.jpg","contentUrl":"https:\/\/haakaabaltic.com\/wp-content\/uploads\/2024\/12\/Colostrum-4ml-1.jpg","width":1000,"height":1000},{"@type":"BreadcrumbList","@id":"https:\/\/haakaabaltic.com\/et\/toode\/silicone-colostrum-collector\/#breadcrumb","itemListElement":[{"@type":"ListItem","position":1,"name":"Home","item":"https:\/\/haakaabaltic.com\/et\/"},{"@type":"ListItem","position":2,"name":"Kataloog","item":"https:\/\/haakaabaltic.com\/shop\/"},{"@type":"ListItem","position":3,"name":"Silikoonist Ternespiima Koguja"}]},{"@type":"WebSite","@id":"https:\/\/haakaabaltic.com\/#website","url":"https:\/\/haakaabaltic.com\/","name":"haakaabaltic.com","description":"","publisher":{"@id":"https:\/\/haakaabaltic.com\/#organization"},"potentialAction":[{"@type":"SearchAction","target":{"@type":"EntryPoint","urlTemplate":"https:\/\/haakaabaltic.com\/?s={search_term_string}"},"query-input":{"@type":"PropertyValueSpecification","valueRequired":true,"valueName":"search_term_string"}}],"inLanguage":"et"},{"@type":"Organization","@id":"https:\/\/haakaabaltic.com\/#organization","name":"haakaabaltic.com","url":"https:\/\/haakaabaltic.com\/","logo":{"@type":"ImageObject","inLanguage":"et","@id":"https:\/\/haakaabaltic.com\/#\/schema\/logo\/image\/","url":"https:\/\/haakaabaltic.com\/wp-content\/uploads\/2025\/01\/haakaa-logo.svg","contentUrl":"https:\/\/haakaabaltic.com\/wp-content\/uploads\/2025\/01\/haakaa-logo.svg","width":2232,"height":1803,"caption":"haakaabaltic.com"},"image":{"@id":"https:\/\/haakaabaltic.com\/#\/schema\/logo\/image\/"},"sameAs":["https:\/\/www.facebook.com\/share\/1A2a9UZQB4\/?mibextid=wwXIfr"]}]}},"_links":{"self":[{"href":"https:\/\/haakaabaltic.com\/et\/wp-json\/wp\/v2\/product\/47262","targetHints":{"allow":["GET"]}}],"collection":[{"href":"https:\/\/haakaabaltic.com\/et\/wp-json\/wp\/v2\/product"}],"about":[{"href":"https:\/\/haakaabaltic.com\/et\/wp-json\/wp\/v2\/types\/product"}],"replies":[{"embeddable":true,"href":"https:\/\/haakaabaltic.com\/et\/wp-json\/wp\/v2\/comments?post=47262"}],"wp:featuredmedia":[{"embeddable":true,"href":"https:\/\/haakaabaltic.com\/et\/wp-json\/wp\/v2\/media\/47174"}],"wp:attachment":[{"href":"https:\/\/haakaabaltic.com\/et\/wp-json\/wp\/v2\/media?parent=47262"}],"wp:term":[{"taxonomy":"product_brand","embeddable":true,"href":"https:\/\/haakaabaltic.com\/et\/wp-json\/wp\/v2\/product_brand?post=47262"},{"taxonomy":"product_cat","embeddable":true,"href":"https:\/\/haakaabaltic.com\/et\/wp-json\/wp\/v2\/product_cat?post=47262"},{"taxonomy":"product_tag","embeddable":true,"href":"https:\/\/haakaabaltic.com\/et\/wp-json\/wp\/v2\/product_tag?post=47262"}],"curies":[{"name":"wp","href":"https:\/\/api.w.org\/{rel}","templated":true}]}}