{"id":48524,"date":"2024-11-09T20:20:16","date_gmt":"2024-11-09T20:20:16","guid":{"rendered":"https:\/\/haakaabaltic.com\/?page_id=48524"},"modified":"2025-01-21T21:00:45","modified_gmt":"2025-01-21T21:00:45","slug":"privaatsuspoliitika","status":"publish","type":"page","link":"https:\/\/haakaabaltic.com\/et\/privaatsuspoliitika\/","title":{"rendered":"Privaatsuspoliitika"},"content":{"rendered":"\n<p><\/p>\n\n\n\n<p><strong>1. \u00dcldised s\u00e4tted<\/strong><br>1.1. See privaatsuspoliitika reguleerib isikuandmete kogumise, t\u00f6\u00f6tlemise ja s\u00e4ilitamise p\u00f5him\u00f5tteid. Isikuandmeid t\u00f6\u00f6tleb ja s\u00e4ilitab SIA Brand Bar, mis tegutseb kaubam\u00e4rgi Haakaa Baltic all (edaspidi &#8220;Andmete haldaja&#8221;), kes on isikuandmete t\u00f6\u00f6tleja.<\/p>\n\n\n\n<p>1.2. Selle privaatsuspoliitika eesm\u00e4rgil t\u00e4hendab andmesubjekt klienti v\u00f5i muud f\u00fc\u00fcsilist isikut, kelle isikuandmeid t\u00f6\u00f6tleb Andmete haldaja.<\/p>\n\n\n\n<p>1.3. Selle privaatsuspoliitika eesm\u00e4rgil t\u00e4hendab klient iga\u00fcks, kes ostab kaupu v\u00f5i teenuseid Andmete haldaja veebisaidilt.<\/p>\n\n\n\n<p>1.4. Andmete haldaja j\u00e4rgib isikuandmete t\u00f6\u00f6tlemise p\u00f5him\u00f5tteid, mis on s\u00e4testatud \u00f5igusaktides, ja t\u00f6\u00f6tleb isikuandmeid seaduslikult, \u00f5iglaselt ja turvaliselt. Andmete haldaja tagab, et isikuandmed t\u00f6\u00f6deldakse koosk\u00f5las \u00f5igusaktidega.<\/p>\n\n\n\n<p><strong>2. Isikuandmete kogumine, t\u00f6\u00f6tlemine ja s\u00e4ilitamine<br><\/strong>2.1. Isikuandmed, mida Andmete haldaja kogub, t\u00f6\u00f6tleb ja s\u00e4ilitab, kogutakse elektrooniliselt veebisaidi ja e-posti teel.<\/p>\n\n\n\n<p>2.2. Jagades oma isikuandmeid, annab andmesubjekt Andmete haldajale \u00f5iguse koguda, korraldada, kasutada ja hallata neid isikuandmeid, mida andmesubjekt jagab otse v\u00f5i kaudselt, kui ta ostab kaupu v\u00f5i teenuseid veebisaidilt, vastavalt k\u00e4esolevas privaatsuspoliitikas m\u00e4\u00e4ratud eesm\u00e4rkidel.<\/p>\n\n\n\n<p>2.3. Andmesubjekt vastutab tema poolt esitatud andmete t\u00e4psuse, \u00f5igsuse ja t\u00e4ielikkuse eest. Teadlikult valeandmete esitamine loetakse k\u00e4esoleva privaatsuspoliitika rikkumiseks. Andmesubjekt peab viivitamatult teavitama Andmete haldajat k\u00f5igist esitatud andmete muudatustest.<\/p>\n\n\n\n<p>2.4. Andmete haldaja ei vastuta mis tahes kahjude v\u00f5i kaotuste eest, mis on p\u00f5hjustatud andmesubjekti poolt valeandmete esitamisest.<\/p>\n\n\n\n<p><strong>3. Klientide isikuandmete t\u00f6\u00f6tlemine<\/strong><br>3.1. Andmete haldaja v\u00f5ib t\u00f6\u00f6delda j\u00e4rgmisi andmesubjekti isikuandmeid:<\/p>\n\n\n\n<ul class=\"wp-block-list\">\n<li>Eesnimi ja perekonnanimi;<\/li>\n\n\n\n<li>S\u00fcnnikuup\u00e4ev;<\/li>\n\n\n\n<li>Telefoninumber;<\/li>\n\n\n\n<li>E-posti aadress;<\/li>\n\n\n\n<li>Kohaletoimetamise aadress;<\/li>\n\n\n\n<li>Panga konto number;<\/li>\n\n\n\n<li>Makseteave, mis on vajalik tehingute l\u00f5petamiseks.<\/li>\n<\/ul>\n\n\n\n<p>3.2. Andmete haldaja v\u00f5ib samuti koguda andmeid kliendi kohta avalikest registritest, kui see on asjakohane.<\/p>\n\n\n\n<p>3.3. Isikuandmete t\u00f6\u00f6tlemise \u00f5iguslik aluseks on Euroopa Liidu isikuandmete kaitse \u00fcldm\u00e4\u00e4ruse (GDPR) artikli 6 l\u00f5ike 1 punkt:<\/p>\n\n\n\n<p>(a) Andmesubjekt on andnud n\u00f5usoleku \u00fche v\u00f5i mitme konkreetse eesm\u00e4rgi t\u00e4itmiseks.<br>(b) T\u00f6\u00f6tlemine on vajalik lepingulise kohustuse t\u00e4itmiseks, mille pool andmesubjekt on.<br>(c) T\u00f6\u00f6tlemine on vajalik seadusliku kohustuse t\u00e4itmiseks.<br>(f) T\u00f6\u00f6tlemine on vajalik Andmete haldaja v\u00f5i kolmandate isikute \u00f5igustatud huvide t\u00e4itmiseks, v\u00e4lja arvatud juhul, kui need huvid \u00fcletavad andmesubjekti \u00f5igused v\u00f5i vabadused.<br><\/p>\n\n\n\n<p>3.4. Isikuandmete t\u00f6\u00f6tlemine vastavalt t\u00f6\u00f6tlemise eesm\u00e4rgile:<\/p>\n\n\n\n<p>Turvalisus ja kaitse: Andmeid hoitakse koosk\u00f5las seaduslike n\u00f5udmistega.<br>Tellimuste t\u00f6\u00f6tlemine: Andmed hoitakse kuni 7 aastat, j\u00e4rgides raamatupidamisreegleid.<br>Veebipoe teenuste toimimise tagamine: Andmeid hoitakse, kuni konto on aktiivne v\u00f5i 2 aastat p\u00e4rast tegevusetust.<br>Kliendihaldus: Andmeid hoitakse kuni 5 aastat p\u00e4rast viimast tehingut.<br>Finants- ja raamatupidamistegevus: Andmed hoitakse kuni 7 aastat, j\u00e4rgides kehtivaid seadusi.<br>Turundus: Andmeid hoitakse kuni 2 aastat p\u00e4rast n\u00f5usoleku andmist v\u00f5i kuni n\u00f5usolek tagasi v\u00f5etakse.<br><\/p>\n\n\n\n<p>3.5. Andmete haldaja v\u00f5ib jagada isikuandmeid kolmandate osapooltega, n\u00e4iteks t\u00f6\u00f6tlejate, raamatupidajate, transpordi- ja kullerteenuste ettev\u00f5tete ja makseteenuste pakkujatega. Maksete tegemiseks vajalikud isikuandmed edastatakse makse t\u00f6\u00f6tlejale Maksekeskus AS.<\/p>\n\n\n\n<p>3.6. Andmete haldaja rakendab organisatsioonilisi ja tehnilisi meetmeid, et tagada isikuandmete turvalisus ja kaitsta neid juhuslikest v\u00f5i ebaseaduslikest h\u00e4vitamisest, muutmisest, avalikustamisest ja muudest ebaseaduslikest t\u00f6\u00f6tlemistest.<\/p>\n\n\n\n<p>3.7. Andmete haldaja s\u00e4ilitab isikuandmeid \u00fclaltoodud perioodidel, s\u00f5ltuvalt t\u00f6\u00f6tlemise eesm\u00e4rgist.<\/p>\n\n\n\n<p><strong>4. Andmesubjekti \u00f5igused<\/strong><br>4.1. Andmesubjektil on \u00f5igus tutvuda ja uurida oma isikuandmeid.<\/p>\n\n\n\n<p>4.2. Andmesubjektil on \u00f5igus saada teavet oma isikuandmete t\u00f6\u00f6tlemise kohta.<\/p>\n\n\n\n<p>4.3. Andmesubjektil on \u00f5igus muuta v\u00f5i parandada ebat\u00e4pseid andmeid.<\/p>\n\n\n\n<p>4.4. Kui isikuandmeid t\u00f6\u00f6deldakse n\u00f5usoleku alusel, on andmesubjektil \u00f5igus igal ajal oma n\u00f5usolek tagasi v\u00f5tta.<\/p>\n\n\n\n<p>4.5. Nende \u00f5iguste teostamiseks saab andmesubjekt \u00fchendust v\u00f5tta klienditoega e-posti aadressil haakaabaltic@gmail.com.<\/p>\n\n\n\n<p>4.6. Andmesubjekt saab esitada kaebuse oma riigi andmekaitseametile, kui ta leiab, et tema \u00f5igusi on rikutud.<\/p>\n\n\n\n<p><strong>5. L\u00f5pps\u00e4tted<\/strong><br>5.1. See privaatsuspoliitika vastab Euroopa Liidu m\u00e4\u00e4rusele (EL) 2016\/679 (\u00dcldine andmekaitse m\u00e4\u00e4rus) ja kehtivatele Eesti, L\u00e4ti ja Leedu \u00f5igusaktidele.<\/p>\n\n\n\n<p>5.2. Andmete haldaja j\u00e4tab endale \u00f5iguse muuta seda privaatsuspoliitikat. Andmesubjektidele teavitatakse muudatustest veebisaidi www.haakaabaltic.com kaudu.<\/p>\n","protected":false},"excerpt":{"rendered":"<p>1. \u00dcldised s\u00e4tted1.1. See privaatsuspoliitika reguleerib isikuandmete kogumise, t\u00f6\u00f6tlemise ja s\u00e4ilitamise p\u00f5him\u00f5tteid. Isikuandmeid t\u00f6\u00f6tleb ja s\u00e4ilitab SIA Brand Bar, mis tegutseb kaubam\u00e4rgi Haakaa Baltic all (edaspidi &#8220;Andmete haldaja&#8221;), kes on isikuandmete t\u00f6\u00f6tleja. 1.2. Selle privaatsuspoliitika eesm\u00e4rgil t\u00e4hendab andmesubjekt klienti v\u00f5i muud f\u00fc\u00fcsilist isikut, kelle isikuandmeid t\u00f6\u00f6tleb Andmete haldaja. 1.3. Selle privaatsuspoliitika eesm\u00e4rgil t\u00e4hendab klient iga\u00fcks, [&hellip;]<\/p>\n","protected":false},"author":3,"featured_media":0,"parent":0,"menu_order":0,"comment_status":"closed","ping_status":"open","template":"","meta":{"footnotes":""},"class_list":["post-48524","page","type-page","status-publish","hentry"],"yoast_head":"<!-- This site is optimized with the Yoast SEO plugin v24.3 - https:\/\/yoast.com\/wordpress\/plugins\/seo\/ -->\n<title>Privaatsuspoliitika - haakaabaltic.com<\/title>\n<meta name=\"robots\" content=\"index, follow, max-snippet:-1, max-image-preview:large, max-video-preview:-1\" \/>\n<link rel=\"canonical\" href=\"https:\/\/haakaabaltic.com\/privacy-policy\/\" \/>\n<meta property=\"og:locale\" content=\"et_EE\" \/>\n<meta property=\"og:type\" content=\"article\" \/>\n<meta property=\"og:title\" content=\"Privaatsuspoliitika - haakaabaltic.com\" \/>\n<meta property=\"og:description\" content=\"1. \u00dcldised s\u00e4tted1.1. See privaatsuspoliitika reguleerib isikuandmete kogumise, t\u00f6\u00f6tlemise ja s\u00e4ilitamise p\u00f5him\u00f5tteid. Isikuandmeid t\u00f6\u00f6tleb ja s\u00e4ilitab SIA Brand Bar, mis tegutseb kaubam\u00e4rgi Haakaa Baltic all (edaspidi &#8220;Andmete haldaja&#8221;), kes on isikuandmete t\u00f6\u00f6tleja. 1.2. Selle privaatsuspoliitika eesm\u00e4rgil t\u00e4hendab andmesubjekt klienti v\u00f5i muud f\u00fc\u00fcsilist isikut, kelle isikuandmeid t\u00f6\u00f6tleb Andmete haldaja. 1.3. Selle privaatsuspoliitika eesm\u00e4rgil t\u00e4hendab klient iga\u00fcks, [&hellip;]\" \/>\n<meta property=\"og:url\" content=\"https:\/\/haakaabaltic.com\/privacy-policy\/\" \/>\n<meta property=\"og:site_name\" content=\"haakaabaltic.com\" \/>\n<meta property=\"article:publisher\" content=\"https:\/\/www.facebook.com\/share\/1A2a9UZQB4\/?mibextid=wwXIfr\" \/>\n<meta property=\"article:modified_time\" content=\"2025-01-21T21:00:45+00:00\" \/>\n<meta name=\"twitter:card\" content=\"summary_large_image\" \/>\n<meta name=\"twitter:label1\" content=\"Est. reading time\" \/>\n\t<meta name=\"twitter:data1\" content=\"3 minutit\" \/>\n<script type=\"application\/ld+json\" class=\"yoast-schema-graph\">{\"@context\":\"https:\/\/schema.org\",\"@graph\":[{\"@type\":\"WebPage\",\"@id\":\"https:\/\/haakaabaltic.com\/privacy-policy\/\",\"url\":\"https:\/\/haakaabaltic.com\/privacy-policy\/\",\"name\":\"Privaatsuspoliitika - haakaabaltic.com\",\"isPartOf\":{\"@id\":\"https:\/\/haakaabaltic.com\/#website\"},\"datePublished\":\"2024-11-09T20:20:16+00:00\",\"dateModified\":\"2025-01-21T21:00:45+00:00\",\"breadcrumb\":{\"@id\":\"https:\/\/haakaabaltic.com\/privacy-policy\/#breadcrumb\"},\"inLanguage\":\"et\",\"potentialAction\":[{\"@type\":\"ReadAction\",\"target\":[\"https:\/\/haakaabaltic.com\/privacy-policy\/\"]}]},{\"@type\":\"BreadcrumbList\",\"@id\":\"https:\/\/haakaabaltic.com\/privacy-policy\/#breadcrumb\",\"itemListElement\":[{\"@type\":\"ListItem\",\"position\":1,\"name\":\"Home\",\"item\":\"https:\/\/haakaabaltic.com\/et\/\"},{\"@type\":\"ListItem\",\"position\":2,\"name\":\"Privaatsuspoliitika\"}]},{\"@type\":\"WebSite\",\"@id\":\"https:\/\/haakaabaltic.com\/#website\",\"url\":\"https:\/\/haakaabaltic.com\/\",\"name\":\"haakaabaltic.com\",\"description\":\"\",\"publisher\":{\"@id\":\"https:\/\/haakaabaltic.com\/#organization\"},\"potentialAction\":[{\"@type\":\"SearchAction\",\"target\":{\"@type\":\"EntryPoint\",\"urlTemplate\":\"https:\/\/haakaabaltic.com\/?s={search_term_string}\"},\"query-input\":{\"@type\":\"PropertyValueSpecification\",\"valueRequired\":true,\"valueName\":\"search_term_string\"}}],\"inLanguage\":\"et\"},{\"@type\":\"Organization\",\"@id\":\"https:\/\/haakaabaltic.com\/#organization\",\"name\":\"haakaabaltic.com\",\"url\":\"https:\/\/haakaabaltic.com\/\",\"logo\":{\"@type\":\"ImageObject\",\"inLanguage\":\"et\",\"@id\":\"https:\/\/haakaabaltic.com\/#\/schema\/logo\/image\/\",\"url\":\"https:\/\/haakaabaltic.com\/wp-content\/uploads\/2025\/01\/haakaa-logo.svg\",\"contentUrl\":\"https:\/\/haakaabaltic.com\/wp-content\/uploads\/2025\/01\/haakaa-logo.svg\",\"width\":2232,\"height\":1803,\"caption\":\"haakaabaltic.com\"},\"image\":{\"@id\":\"https:\/\/haakaabaltic.com\/#\/schema\/logo\/image\/\"},\"sameAs\":[\"https:\/\/www.facebook.com\/share\/1A2a9UZQB4\/?mibextid=wwXIfr\"]}]}<\/script>\n<!-- \/ Yoast SEO plugin. -->","yoast_head_json":{"title":"Privaatsuspoliitika - haakaabaltic.com","robots":{"index":"index","follow":"follow","max-snippet":"max-snippet:-1","max-image-preview":"max-image-preview:large","max-video-preview":"max-video-preview:-1"},"canonical":"https:\/\/haakaabaltic.com\/privacy-policy\/","og_locale":"et_EE","og_type":"article","og_title":"Privaatsuspoliitika - haakaabaltic.com","og_description":"1. \u00dcldised s\u00e4tted1.1. See privaatsuspoliitika reguleerib isikuandmete kogumise, t\u00f6\u00f6tlemise ja s\u00e4ilitamise p\u00f5him\u00f5tteid. Isikuandmeid t\u00f6\u00f6tleb ja s\u00e4ilitab SIA Brand Bar, mis tegutseb kaubam\u00e4rgi Haakaa Baltic all (edaspidi &#8220;Andmete haldaja&#8221;), kes on isikuandmete t\u00f6\u00f6tleja. 1.2. Selle privaatsuspoliitika eesm\u00e4rgil t\u00e4hendab andmesubjekt klienti v\u00f5i muud f\u00fc\u00fcsilist isikut, kelle isikuandmeid t\u00f6\u00f6tleb Andmete haldaja. 1.3. Selle privaatsuspoliitika eesm\u00e4rgil t\u00e4hendab klient iga\u00fcks, [&hellip;]","og_url":"https:\/\/haakaabaltic.com\/privacy-policy\/","og_site_name":"haakaabaltic.com","article_publisher":"https:\/\/www.facebook.com\/share\/1A2a9UZQB4\/?mibextid=wwXIfr","article_modified_time":"2025-01-21T21:00:45+00:00","twitter_card":"summary_large_image","twitter_misc":{"Est. reading time":"3 minutit"},"schema":{"@context":"https:\/\/schema.org","@graph":[{"@type":"WebPage","@id":"https:\/\/haakaabaltic.com\/privacy-policy\/","url":"https:\/\/haakaabaltic.com\/privacy-policy\/","name":"Privaatsuspoliitika - haakaabaltic.com","isPartOf":{"@id":"https:\/\/haakaabaltic.com\/#website"},"datePublished":"2024-11-09T20:20:16+00:00","dateModified":"2025-01-21T21:00:45+00:00","breadcrumb":{"@id":"https:\/\/haakaabaltic.com\/privacy-policy\/#breadcrumb"},"inLanguage":"et","potentialAction":[{"@type":"ReadAction","target":["https:\/\/haakaabaltic.com\/privacy-policy\/"]}]},{"@type":"BreadcrumbList","@id":"https:\/\/haakaabaltic.com\/privacy-policy\/#breadcrumb","itemListElement":[{"@type":"ListItem","position":1,"name":"Home","item":"https:\/\/haakaabaltic.com\/et\/"},{"@type":"ListItem","position":2,"name":"Privaatsuspoliitika"}]},{"@type":"WebSite","@id":"https:\/\/haakaabaltic.com\/#website","url":"https:\/\/haakaabaltic.com\/","name":"haakaabaltic.com","description":"","publisher":{"@id":"https:\/\/haakaabaltic.com\/#organization"},"potentialAction":[{"@type":"SearchAction","target":{"@type":"EntryPoint","urlTemplate":"https:\/\/haakaabaltic.com\/?s={search_term_string}"},"query-input":{"@type":"PropertyValueSpecification","valueRequired":true,"valueName":"search_term_string"}}],"inLanguage":"et"},{"@type":"Organization","@id":"https:\/\/haakaabaltic.com\/#organization","name":"haakaabaltic.com","url":"https:\/\/haakaabaltic.com\/","logo":{"@type":"ImageObject","inLanguage":"et","@id":"https:\/\/haakaabaltic.com\/#\/schema\/logo\/image\/","url":"https:\/\/haakaabaltic.com\/wp-content\/uploads\/2025\/01\/haakaa-logo.svg","contentUrl":"https:\/\/haakaabaltic.com\/wp-content\/uploads\/2025\/01\/haakaa-logo.svg","width":2232,"height":1803,"caption":"haakaabaltic.com"},"image":{"@id":"https:\/\/haakaabaltic.com\/#\/schema\/logo\/image\/"},"sameAs":["https:\/\/www.facebook.com\/share\/1A2a9UZQB4\/?mibextid=wwXIfr"]}]}},"_links":{"self":[{"href":"https:\/\/haakaabaltic.com\/et\/wp-json\/wp\/v2\/pages\/48524","targetHints":{"allow":["GET"]}}],"collection":[{"href":"https:\/\/haakaabaltic.com\/et\/wp-json\/wp\/v2\/pages"}],"about":[{"href":"https:\/\/haakaabaltic.com\/et\/wp-json\/wp\/v2\/types\/page"}],"author":[{"embeddable":true,"href":"https:\/\/haakaabaltic.com\/et\/wp-json\/wp\/v2\/users\/3"}],"replies":[{"embeddable":true,"href":"https:\/\/haakaabaltic.com\/et\/wp-json\/wp\/v2\/comments?post=48524"}],"version-history":[{"count":1,"href":"https:\/\/haakaabaltic.com\/et\/wp-json\/wp\/v2\/pages\/48524\/revisions"}],"predecessor-version":[{"id":48525,"href":"https:\/\/haakaabaltic.com\/et\/wp-json\/wp\/v2\/pages\/48524\/revisions\/48525"}],"wp:attachment":[{"href":"https:\/\/haakaabaltic.com\/et\/wp-json\/wp\/v2\/media?parent=48524"}],"curies":[{"name":"wp","href":"https:\/\/api.w.org\/{rel}","templated":true}]}}